{"id":773,"date":"2015-11-19T12:32:37","date_gmt":"2015-11-19T12:32:37","guid":{"rendered":"http:\/\/owls-n-bats.net\/?page_id=773"},"modified":"2019-01-26T19:53:59","modified_gmt":"2019-01-26T19:53:59","slug":"lineup-2016","status":"publish","type":"page","link":"https:\/\/owls-n-bats.net\/?page_id=773","title":{"rendered":"Line-Up 2016"},"content":{"rendered":"<p><a id=\"top\"><\/a>\n\t\t<style type=\"text\/css\">\n\t\t\t#gallery-2 {\n\t\t\t\tmargin: auto;\n\t\t\t}\n\t\t\t#gallery-2 .gallery-item {\n\t\t\t\tfloat: left;\n\t\t\t\tmargin-top: 10px;\n\t\t\t\ttext-align: center;\n\t\t\t\twidth: 20%;\n\t\t\t}\n\t\t\t#gallery-2 img {\n\t\t\t\tborder: 2px solid #cfcfcf;\n\t\t\t}\n\t\t\t#gallery-2 .gallery-caption {\n\t\t\t\tmargin-left: 0;\n\t\t\t}\n\t\t\t\/* see gallery_shortcode() in wp-includes\/media.php *\/\n\t\t<\/style>\n\t\t<div id='gallery-2' class='gallery galleryid-773 gallery-columns-5 gallery-size-thumbnail'><dl class='gallery-item'>\n\t\t\t<dt class='gallery-icon landscape'>\n\t\t\t\t<a href=\"#cox\" class=\"no-lightbox\"><img width=\"150\" height=\"150\" src=\"https:\/\/owls-n-bats.net\/wp-content\/uploads\/2015\/11\/ClanOfXymox-150x150.jpg\" class=\"attachment-thumbnail size-thumbnail\" alt=\"\" loading=\"lazy\" aria-describedby=\"gallery-2-818\" \/><\/a>\n\t\t\t<\/dt>\n\t\t\t\t<dd class='wp-caption-text gallery-caption' id='gallery-2-818'>\n\t\t\t\tClan Of Xymox\n\t\t\t\t<\/dd><\/dl><dl class='gallery-item'>\n\t\t\t<dt class='gallery-icon landscape'>\n\t\t\t\t<a href=\"#ewr\" class=\"no-lightbox\"><img width=\"150\" height=\"150\" src=\"https:\/\/owls-n-bats.net\/wp-content\/uploads\/2015\/11\/EscapeWithRomeo-150x150.jpg\" class=\"attachment-thumbnail size-thumbnail\" alt=\"\" loading=\"lazy\" aria-describedby=\"gallery-2-819\" srcset=\"https:\/\/owls-n-bats.net\/wp-content\/uploads\/2015\/11\/EscapeWithRomeo-150x150.jpg 150w, https:\/\/owls-n-bats.net\/wp-content\/uploads\/2015\/11\/EscapeWithRomeo-300x300.jpg 300w, https:\/\/owls-n-bats.net\/wp-content\/uploads\/2015\/11\/EscapeWithRomeo-1024x1024.jpg 1024w\" sizes=\"(max-width: 150px) 100vw, 150px\" \/><\/a>\n\t\t\t<\/dt>\n\t\t\t\t<dd class='wp-caption-text gallery-caption' id='gallery-2-819'>\n\t\t\t\tEscape With Romeo\n\t\t\t\t<\/dd><\/dl><dl class='gallery-item'>\n\t\t\t<dt class='gallery-icon landscape'>\n\t\t\t\t<a href=\"#bnc\" class=\"no-lightbox\"><img width=\"150\" height=\"150\" src=\"https:\/\/owls-n-bats.net\/wp-content\/uploads\/2015\/11\/BlacknailCabaret-150x150.jpg\" class=\"attachment-thumbnail size-thumbnail\" alt=\"\" loading=\"lazy\" aria-describedby=\"gallery-2-817\" srcset=\"https:\/\/owls-n-bats.net\/wp-content\/uploads\/2015\/11\/BlacknailCabaret-150x150.jpg 150w, https:\/\/owls-n-bats.net\/wp-content\/uploads\/2015\/11\/BlacknailCabaret-300x300.jpg 300w, https:\/\/owls-n-bats.net\/wp-content\/uploads\/2015\/11\/BlacknailCabaret-1024x1022.jpg 1024w\" sizes=\"(max-width: 150px) 100vw, 150px\" \/><\/a>\n\t\t\t<\/dt>\n\t\t\t\t<dd class='wp-caption-text gallery-caption' id='gallery-2-817'>\n\t\t\t\tBlack Nail Cabaret\n\t\t\t\t<\/dd><\/dl><dl class='gallery-item'>\n\t\t\t<dt class='gallery-icon landscape'>\n\t\t\t\t<a href=\"#tcs\" class=\"no-lightbox\"><img width=\"150\" height=\"150\" src=\"https:\/\/owls-n-bats.net\/wp-content\/uploads\/2015\/11\/ThenComesSilenceLive-150x150.jpg\" class=\"attachment-thumbnail size-thumbnail\" alt=\"\" loading=\"lazy\" aria-describedby=\"gallery-2-904\" \/><\/a>\n\t\t\t<\/dt>\n\t\t\t\t<dd class='wp-caption-text gallery-caption' id='gallery-2-904'>\n\t\t\t\tThen Comes Silence\n\t\t\t\t<\/dd><\/dl><dl class='gallery-item'>\n\t\t\t<dt class='gallery-icon landscape'>\n\t\t\t\t<a href=\"#sbr\" class=\"no-lightbox\"><img width=\"150\" height=\"150\" src=\"https:\/\/owls-n-bats.net\/wp-content\/uploads\/2015\/11\/SaigonBlueRain-150x150.jpg\" class=\"attachment-thumbnail size-thumbnail\" alt=\"\" loading=\"lazy\" aria-describedby=\"gallery-2-821\" \/><\/a>\n\t\t\t<\/dt>\n\t\t\t\t<dd class='wp-caption-text gallery-caption' id='gallery-2-821'>\n\t\t\t\tSaigon Blue Rain\n\t\t\t\t<\/dd><\/dl><br style=\"clear: both\" \/>\n\t\t<\/div>\n<\/p>\n<p><span style=\"color: #7071ad;\"><strong><a title=\"Lineup2016English\" href=\" http:\/\/owls-n-bats.net\/?page_id=907\"><span style=\"color: #7071ad;\">English<\/span><\/a><\/strong><\/span><\/p>\n<p><span style=\"color: #c4853c;\"><a id=\"cox\"><\/a><strong>Clan Of Xymox<\/strong><\/span><\/p>\n<p><a title=\"ClanOfXymox\" href=\"http:\/\/www.clanofxymox.com\/\" target=\"_blank\"><img loading=\"lazy\" class=\"size-medium wp-image-818\" alt=\"Clan Of Xymox\" src=\"http:\/\/owls-n-bats.net\/wp-content\/uploads\/2015\/11\/ClanOfXymox-300x199.jpg\" width=\"300\" height=\"199\" srcset=\"https:\/\/owls-n-bats.net\/wp-content\/uploads\/2015\/11\/ClanOfXymox-300x199.jpg 300w, https:\/\/owls-n-bats.net\/wp-content\/uploads\/2015\/11\/ClanOfXymox-451x300.jpg 451w, https:\/\/owls-n-bats.net\/wp-content\/uploads\/2015\/11\/ClanOfXymox.jpg 589w\" sizes=\"(max-width: 300px) 100vw, 300px\" \/><\/a><\/p>\n<p><span style=\"color: #c4853c;\">Clan of Xymox aus den Niederlanden geh\u00f6ren zu jenen Bands, die ihren Sound stetig weiterentwickeln. Sie haben bereits auf dem Kultlabel 4AD (Cocteau Twins, Dead Can Dance, Pixies&#8230;.) ver\u00f6ffentlicht, und ihr Gr\u00fcndungsmitglied Ronny Moorings geh\u00f6rt zu den in der Szene bekannten und pr\u00e4genden Pers\u00f6nlichkeiten in der Geschichte des Dark Wave.<\/span><\/p>\n<p><span style=\"color: #c4853c;\">Zwischen Melancholie und Wut changieren die Tracks des Quartetts, das aus Gesang, Gitarre, Keyboard und Schlagzeug besteht (die aktuelle Livebesetzung mit Ronny Morrings, Moica, Mario, Sean und Daniel). Manchmal minimalistisch, manchmal w\u00fctend und voller Trauer, aber auch mit hypnotischen und verf\u00fchrerischen Dance Rhythmen, schaffen Clan of Xymox ihre eigene Mixtur aus Dark Wave, Electro und Gothic.<\/span><br \/>\n<span style=\"color: #c4853c;\"> Auf der Kulisse der Waldb\u00fchne werden sie f\u00fcr besonders mystisches Sound- und visuelles Live- Erlebnis sorgen.<\/span><\/p>\n<p><span style=\"color: #7071ad;\"><a href=\"http:\/\/www.clanofxymox.com\/\" target=\"_blank\"><span style=\"color: #7071ad;\">http:\/\/www.clanofxymox.com\/<\/span><\/a><\/span><br \/>\n<span style=\"color: #7071ad;\"> <a href=\"https:\/\/www.facebook.com\/clan-of-xymox-111769160178\/\" target=\"_blank\"><span style=\"color: #7071ad;\">https:\/\/www.facebook.com\/clan-of-xymox-111769160178\/<\/span><\/a><\/span><\/p>\n<p><span style=\"color: #7071ad;\"><a href=\"#top\"><span style=\"color: #7071ad;\">back to top<\/span><\/a><\/span><\/p>\n<p><span style=\"color: #c4853c;\"><a id=\"ewr\"><\/a><strong>Escape With Romeo<\/strong><\/span><\/p>\n<p><a href=\"http:\/\/www.escapewithromeo.de\/\" target=\"_blank\"><img loading=\"lazy\" class=\"size-medium wp-image-819\" alt=\"Escape With Romeo\" src=\"http:\/\/owls-n-bats.net\/wp-content\/uploads\/2015\/11\/EscapeWithRomeo-300x300.jpg\" width=\"300\" height=\"300\" srcset=\"https:\/\/owls-n-bats.net\/wp-content\/uploads\/2015\/11\/EscapeWithRomeo-300x300.jpg 300w, https:\/\/owls-n-bats.net\/wp-content\/uploads\/2015\/11\/EscapeWithRomeo-150x150.jpg 150w, https:\/\/owls-n-bats.net\/wp-content\/uploads\/2015\/11\/EscapeWithRomeo-1024x1024.jpg 1024w\" sizes=\"(max-width: 300px) 100vw, 300px\" \/><\/a><\/p>\n<p><span style=\"color: #c4853c;\"> Im Zuge der Eighties-Romantik, die in den letzten Jahren innerhalb des Genres wiederaufgebl\u00fcht ist, geht nicht selten ein wichtiges Element verloren: der Fortschritt, die Weiterentwicklung. Bei der Band ESCAPE WITH ROMEO, die seit 1989 selbst ein Original darstellt, ist die Progression eine Art Stilmittel geworden.<\/span><br \/>\n<span style=\"color: #c4853c;\"> Auch wenn das Cover es vermuten l\u00e4sst, \u201eAfter The Future\u201c handelt nicht von der Apokalypse. Es geht eher um ein Leben nach den Menschen. 13 Songs, strikt durcharrangiert, oft treibend und tanzbar, liefern die Essenz f\u00fcr eine \u201aGraphicNovel\u2018. Thomas Elbern schickt seinen Protagonisten auf eine Sinnsuche durch eine Art Zwischenuniversum. Er sendet ihn durch endlose Stra\u00dfenschluchten, erspart ihm keine Verlockung des Lebens in einer riesigen Endzeit-Metropole, die so viel verspricht, aber auch viel fordert.<\/span><br \/>\n<span style=\"color: #c4853c;\"> Zwischen London, K\u00f6ln, Bangkok und Madrid ersonnen, erlebt und getr\u00e4umt ist \u201eAfter The Future\u201c ein Album der Untert\u00f6ne, das eing\u00e4ngige Strukturen benutzt, um wesentlich perfidere Botschaften zu verbreiten. Viele Songs beinhalten nihilistische Statements, die sich am \u201edanach\u201c orientieren. ESCAPE WITH ROMEO, die einst mit \u201eSomebody\u201c in den Clubs bekannt wurden, haben auf ihrem elften Album die elektronische Seite ihrer Musik nun konsequent weiterentwickelt und verfeinert.<\/span><\/p>\n<p><span style=\"color: #c4853c;\">Live ist ESCAPE WITH ROMEO eine gestandene Gruppe, die die Wave-Kl\u00e4nge der Vergangenheit mit den elektronischen Sounds von heute verbindet. Die Zuschauer k\u00f6nnen sich auch auf Klassiker aus der langen Bandgeschichte freuen.<\/span><\/p>\n<p><span style=\"color: #7071ad;\"><a href=\"http:\/\/www.escapewithromeo.de\/\" target=\"_blank\"><span style=\"color: #7071ad;\">http:\/\/www.escapewithromeo.de\/<\/span><\/a><\/span><br \/>\n<span style=\"color: #7071ad;\"> <a href=\"https:\/\/www.facebook.com\/escapewithromeospain\" target=\"_blank\"><span style=\"color: #7071ad;\">https:\/\/www.facebook.com\/escapewithromeospain<\/span><\/a><\/span><\/p>\n<p><span style=\"color: #7071ad;\"><a href=\"#top\"><span style=\"color: #7071ad;\">back to top<\/span><\/a><\/span><\/p>\n<p><span style=\"color: #c4853c;\"><a id=\"bnc\"><\/a><strong>Black Nail Cabaret<\/strong><\/span><\/p>\n<p><a title=\"BklackNailCabaret\" href=\"http:\/\/www.blacknailcabaret.com\/\" target=\"_blank\"><img loading=\"lazy\" class=\"size-medium wp-image-817\" alt=\"Black Nail Cabaret\" src=\"http:\/\/owls-n-bats.net\/wp-content\/uploads\/2015\/11\/BlacknailCabaret-300x300.jpg\" width=\"300\" height=\"300\" srcset=\"https:\/\/owls-n-bats.net\/wp-content\/uploads\/2015\/11\/BlacknailCabaret-300x300.jpg 300w, https:\/\/owls-n-bats.net\/wp-content\/uploads\/2015\/11\/BlacknailCabaret-150x150.jpg 150w, https:\/\/owls-n-bats.net\/wp-content\/uploads\/2015\/11\/BlacknailCabaret-1024x1022.jpg 1024w\" sizes=\"(max-width: 300px) 100vw, 300px\" \/><\/a><br \/>\n<span style=\"color: #c4853c;\">photo by Zsolt Ficsor\/Josef Stapel<\/span><\/p>\n<p><span style=\"color: #c4853c;\">BLACK NAIL CABARET aus Budapest \/ London sind die zwei K\u00fcnstlerinnen, Emese-Arvai-Illes (Vocals) und Sophie Tarr (Keyboards), mit einem Soundmix aus Synth Noir Pop und einer Prise Oriental Goth mit treibenden Beats.<\/span><br \/>\n<span style=\"color: #c4853c;\"> Zusammen mit dem faszinierenden dunklen Timbre von Emeses Stimme und Songs mit einem hohen Wiedererkennungswert, haben sie ihren eigenen Stil entwickelt.<\/span><br \/>\n<span style=\"color: #c4853c;\"> Die S\u00e4ngerin Emese d\u00fcrfte auch einigen aus der Zusammenarbeit mit dem Mastermind Daniel Myer von dem letzten ARCHITECT Album \u201eMine\u201c bekannt sein.<\/span><\/p>\n<p><span style=\"color: #c4853c;\">F\u00fcr alle, die gerne die dunklen Soundbilder von Lebanon Hanover und Minuit Maschine m\u00f6gen, aber auch Synth Pop wie Camouflage oder Covenant h\u00f6ren.<\/span><\/p>\n<p><span style=\"color: #7071ad;\"><br \/>\n<a title=\"BlackNailCabaret\" href=\"http:\/\/www.blacknailcabaret.com\/\" target=\"_blank\"><span style=\"color: #7071ad;\">http:\/\/www.blacknailcabaret.com\/<\/span><\/a><br \/>\n<a href=\"https:\/\/www.facebook.com\/bncband\" target=\"_blank\"><span style=\"color: #7071ad;\">https:\/\/www.facebook.com\/bncband<\/span><\/a><\/span><br \/>\n<span style=\"color: #7071ad;\"> <a href=\"https:\/\/blacknailcabaret.bandcamp.com\/\" target=\"_blank\"><span style=\"color: #7071ad;\">https:\/\/blacknailcabaret.bandcamp.com\/<\/span><\/a><\/span><\/p>\n<p><span style=\"color: #7071ad;\"><a href=\"#top\"><span style=\"color: #7071ad;\">back to top<\/span><\/a><\/span><\/p>\n<p><span style=\"color: #c4853c;\"><a id=\"tcs\"><\/a><strong>Then Comes Silence<\/strong><\/span><\/p>\n<p><a title=\"ThenComesSilence\" href=\"https:\/\/thencomessilence.bandcamp.com\/\" target=\"_blank\"><img loading=\"lazy\" class=\"size-full wp-image-904\" alt=\"Then Comes Silence\" src=\"http:\/\/owls-n-bats.net\/wp-content\/uploads\/2015\/11\/ThenComesSilenceLive.jpg\" width=\"1916\" height=\"1279\" srcset=\"https:\/\/owls-n-bats.net\/wp-content\/uploads\/2015\/11\/ThenComesSilenceLive.jpg 1916w, https:\/\/owls-n-bats.net\/wp-content\/uploads\/2015\/11\/ThenComesSilenceLive-300x200.jpg 300w, https:\/\/owls-n-bats.net\/wp-content\/uploads\/2015\/11\/ThenComesSilenceLive-1024x683.jpg 1024w, https:\/\/owls-n-bats.net\/wp-content\/uploads\/2015\/11\/ThenComesSilenceLive-449x300.jpg 449w\" sizes=\"(max-width: 1916px) 100vw, 1916px\" \/><\/a><\/p>\n<p><span style=\"color: #c4853c;\">Willkommen zur\u00fcck in der Finsternis.<\/span><br \/>\n<span style=\"color: #c4853c;\"> Then Comes Silence aus Stockholm sind wieder da und wie der Titel des neuen Albums \u201eNyctophilian\u201c schon im Titel andeutet, auch dieses Mal mit abgrundtiefer Schw\u00e4rze.<\/span><br \/>\n<span style=\"color: #c4853c;\"> Das Soundbild ist etwas reduzierter, und das Ergebnis ist eine dichte, verzerrte, nebelige und verw\u00fcstete Postkarte aus dem menschlichen Verderben.<\/span><br \/>\n<span style=\"color: #c4853c;\"> Auf gleichem Kurs wie fr\u00fcher steuern Then Comes Silence mit menschlicher Vernichtung, Finsternis, Dystopie und Tod als Koordinaten in eine Welt, in der sich ihre Goth-Einfl\u00fcsse mit modernem Postpunk vor einer ewig lichtlosen Kulisse vereinen.<\/span><\/p>\n<p><span style=\"color: #c4853c;\"> F\u00fcr alle, die skandinavischen Goth Rock m\u00f6gen.TCS pendeln zwischen l\u00e4rmendem Postpunk, Psychadelic Rock und vertr\u00e4umtem Goth Gaze, und lassen hier und da Einfl\u00fcsse wie D.A.F. und Killing Joke erahnen.<\/span><br \/>\n<span style=\"color: #c4853c;\"> Ihr aktuelles Album \u201cNyctophilian\u201d wurde zu einem der besten skandinavischen Alben 2015 gew\u00e4hlt und das Interesse an der Band au\u00dferhalb Schwedens w\u00e4chst st\u00e4ndig. Die Band hat unter anderem auf dem Roskildefestival gespielt und war Vorband f\u00fcr die Amerikaner \u201eA Place To Bury Strangers\u201c.<\/span><\/p>\n<p><span style=\"color: #7071ad;\"><a href=\"https:\/\/www.facebook.com\/thencomessilence\" target=\"_blank\"><span style=\"color: #7071ad;\">https:\/\/www.facebook.com\/thencomessilence<\/span><\/a><\/span><br \/>\n<span style=\"color: #7071ad;\"> <a href=\"https:\/\/thencomessilence.bandcamp.com\/\" target=\"_blank\"><span style=\"color: #7071ad;\">https:\/\/thencomessilence.bandcamp.com\/<\/span><\/a><\/span><\/p>\n<p><span style=\"color: #7071ad;\"><a href=\"#top\"><span style=\"color: #7071ad;\">back to top<\/span><\/a><\/span><\/p>\n<p><span style=\"color: #c4853c;\"><a id=\"sbr\"><\/a><strong>Saigon Blue Rain<\/strong><\/span><\/p>\n<p><a title=\"SaigonBlueRain\" href=\"http:\/\/saigonbluerain.bandcamp.com\/\" target=\"_blank\"><img loading=\"lazy\" class=\"size-medium wp-image-821\" alt=\"Saigon Blue Rain\" src=\"http:\/\/owls-n-bats.net\/wp-content\/uploads\/2015\/11\/SaigonBlueRain-300x200.jpg\" width=\"300\" height=\"200\" srcset=\"https:\/\/owls-n-bats.net\/wp-content\/uploads\/2015\/11\/SaigonBlueRain-300x200.jpg 300w, https:\/\/owls-n-bats.net\/wp-content\/uploads\/2015\/11\/SaigonBlueRain-1024x682.jpg 1024w, https:\/\/owls-n-bats.net\/wp-content\/uploads\/2015\/11\/SaigonBlueRain-450x300.jpg 450w\" sizes=\"(max-width: 300px) 100vw, 300px\" \/><\/a><br \/>\n<span style=\"color: #c4853c;\">photo by Marilyn photography<\/span><\/p>\n<p><span style=\"color: #c4853c;\">Saigon Blue Rain, die Cold Wave Band aus Paris, besteht aus Ophelia SBR (vocals, lyrics, synth, programming), Franck SBR (guitar, synth, programming) und live werden sie noch von Gilles Facquet (bass guitar) unterst\u00fctzt. Ihr neues Album \u201eNoire Psyche\u201c erscheint im M\u00e4rz 2016, und das haben sie dann auch gleich mit im Gep\u00e4ck. Man darf gespannt sein. Im letzten Jahr konnten sie bereits im ostwestf\u00e4lischen Raum etliche neue Fans hinzugewinnen, als sie im Vorprogramm von \u201eExploding Boy\u201c \u00fcberzeugten.<\/span><\/p>\n<p><span style=\"color: #c4853c;\">F\u00fcr alle, die klassischen Wavesound m\u00f6gen, der sich an Bands wie The Cure oder New Order orientiert. Gleichzeitig findet man Einfl\u00fcsse von Shoegaze und Cold Wave, und mit Oph\u00e9lia haben sie eine S\u00e4ngerin, die stimmlich sehr an Cocteau Twins, The Curve oder die Cosmetics erinnert.<\/span><\/p>\n<p><span style=\"color: #7071ad;\"><a href=\"https:\/\/www.facebook.com\/SBRofficial\" target=\"_blank\"><span style=\"color: #7071ad;\">https:\/\/www.facebook.com\/SBRofficial<\/span><\/a><\/span><br \/>\n<span style=\"color: #7071ad;\"> <a href=\"http:\/\/saigonbluerain.bandcamp.com\/\" target=\"_blank\"><span style=\"color: #7071ad;\">http:\/\/saigonbluerain.bandcamp.com\/<\/span><\/a><\/span><\/p>\n<p><span style=\"color: #7071ad;\"><a href=\"#top\"><span style=\"color: #7071ad;\">back to top<\/span><\/a><\/span><\/p>\n<p>&nbsp;<\/p>\n","protected":false},"excerpt":{"rendered":"<p>English Clan Of Xymox Clan of Xymox aus den Niederlanden geh\u00f6ren zu jenen Bands, die ihren Sound stetig weiterentwickeln. Sie haben bereits auf dem Kultlabel 4AD (Cocteau Twins, Dead Can Dance, Pixies&#8230;.) ver\u00f6ffentlicht, und ihr Gr\u00fcndungsmitglied Ronny Moorings geh\u00f6rt zu &hellip; <a href=\"https:\/\/owls-n-bats.net\/?page_id=773\">Weiterlesen <span class=\"meta-nav\">&rarr;<\/span><\/a><\/p>\n","protected":false},"author":1,"featured_media":0,"parent":1098,"menu_order":0,"comment_status":"closed","ping_status":"open","template":"","meta":[],"_links":{"self":[{"href":"https:\/\/owls-n-bats.net\/index.php?rest_route=\/wp\/v2\/pages\/773"}],"collection":[{"href":"https:\/\/owls-n-bats.net\/index.php?rest_route=\/wp\/v2\/pages"}],"about":[{"href":"https:\/\/owls-n-bats.net\/index.php?rest_route=\/wp\/v2\/types\/page"}],"author":[{"embeddable":true,"href":"https:\/\/owls-n-bats.net\/index.php?rest_route=\/wp\/v2\/users\/1"}],"replies":[{"embeddable":true,"href":"https:\/\/owls-n-bats.net\/index.php?rest_route=%2Fwp%2Fv2%2Fcomments&post=773"}],"version-history":[{"count":58,"href":"https:\/\/owls-n-bats.net\/index.php?rest_route=\/wp\/v2\/pages\/773\/revisions"}],"predecessor-version":[{"id":1537,"href":"https:\/\/owls-n-bats.net\/index.php?rest_route=\/wp\/v2\/pages\/773\/revisions\/1537"}],"up":[{"embeddable":true,"href":"https:\/\/owls-n-bats.net\/index.php?rest_route=\/wp\/v2\/pages\/1098"}],"wp:attachment":[{"href":"https:\/\/owls-n-bats.net\/index.php?rest_route=%2Fwp%2Fv2%2Fmedia&parent=773"}],"curies":[{"name":"wp","href":"https:\/\/api.w.org\/{rel}","templated":true}]}}