{"id":76,"date":"2014-01-07T15:20:48","date_gmt":"2014-01-07T15:20:48","guid":{"rendered":"http:\/\/owls-n-bats.net\/?page_id=76"},"modified":"2020-02-15T07:39:38","modified_gmt":"2020-02-15T07:39:38","slug":"anfahrt","status":"publish","type":"page","link":"https:\/\/owls-n-bats.net\/?page_id=76","title":{"rendered":"Anfahrt"},"content":{"rendered":"<p><span style=\"color: #7071ad;\"><strong>Anfahrt zur Stadthalle Detmold:<\/strong><\/span><br \/>\n<span style=\"color: #c4853c;\">Haltestelle ROSENTAL<\/span><br \/>\n<a href=\"https:\/\/www.stadtverkehr-detmold.de\"><span style=\"color: #7071ad;\">https:\/\/www.stadtverkehr-detmold.de<\/span><\/a><br \/>\n<a href=\"https:\/\/www.stadthalle-detmold.de\/infos-und-kontakt\/anfahrt.html\"><span style=\"color: #7071ad;\">https:\/\/www.stadthalle-detmold.de\/infos-und-kontakt\/anfahrt.html<\/span><\/a><\/p>\n<p><span style=\"color: #7071ad;\"><strong>Anfahrt zur Waldb\u00fchne am Hermannsdenkmal:<\/strong><\/span><\/p>\n<p><strong><span style=\"color: #7071ad;\">Auto<\/span><\/strong><br \/>\n<span style=\"color: #c4853c;\">In Detmold: Beschilderung Touristische Ziele \/ Hermannsdenkmal folgen und dann frei nach Gollum: Rauf rauf rauf rauf, immer sch\u00f6n die H\u00fcgel rauf&#8230;<\/span><\/p>\n<p><span style=\"color: #c4853c;\"><iframe loading=\"lazy\" src=\"https:\/\/maps.google.com\/maps\/ms?msa=0&amp;msid=215151282168320090874.0004f149d6d0de3bda40a&amp;ie=UTF8&amp;ll=51.911654,8.839504&amp;spn=0,0&amp;t=m&amp;output=embed\" width=\"425\" height=\"350\" frameborder=\"0\" marginwidth=\"0\" marginheight=\"0\" scrolling=\"no\"><\/iframe><\/span><br \/>\n<span style=\"color: #c4853c;\"><small><span style=\"color: #7071ad;\"><a style=\"color: #0000ff; text-align: left;\" href=\"https:\/\/maps.google.com\/maps\/ms?msa=0&amp;msid=215151282168320090874.0004f149d6d0de3bda40a&amp;ie=UTF8&amp;ll=51.911654,8.839504&amp;spn=0,0&amp;t=m&amp;source=embed\"><span style=\"color: #7071ad;\">Hermannsdenkmal<\/span><\/a> <\/span>auf einer gr\u00f6\u00dferen Karte anzeigen<\/small><\/span><\/p>\n<p><strong><span style=\"color: #7071ad;\">Naturparkbus<\/span><\/strong><br \/>\n<span style=\"color: #c4853c;\">die TouristikLinie 792 zwischen Bad Pyrmont und Detmold f\u00e4hrt st\u00fcndlich zum Hermannsdenkmal.<\/span><br \/>\n<a title=\"Fahrplan\" href=\"https:\/\/www.naturpark-teutoburgerwald.de\/entdecken\/naturpark-mobil\/\" target=\"_blank\" rel=\"noopener noreferrer\"><span style=\"color: #7071ad;\"><span style=\"color: #7071ad;\">Fahrplan\u00a0und Haltestellen<\/span><\/span><\/a><\/p>\n<p><a title=\"Touristiklinie792\" href=\"http:\/\/www.naturparkbus.de\" target=\"_blank\" rel=\"noopener noreferrer\"><img loading=\"lazy\" class=\"alignnone size-full wp-image-885\" src=\"http:\/\/owls-n-bats.net\/wp-content\/uploads\/2014\/01\/NaturparkBus.jpg\" alt=\"Naturparkbus\" width=\"500\" height=\"333\" srcset=\"https:\/\/owls-n-bats.net\/wp-content\/uploads\/2014\/01\/NaturparkBus.jpg 500w, https:\/\/owls-n-bats.net\/wp-content\/uploads\/2014\/01\/NaturparkBus-300x199.jpg 300w, https:\/\/owls-n-bats.net\/wp-content\/uploads\/2014\/01\/NaturparkBus-450x300.jpg 450w\" sizes=\"(max-width: 500px) 100vw, 500px\" \/><\/a><\/p>\n","protected":false},"excerpt":{"rendered":"<p>Anfahrt zur Stadthalle Detmold: Haltestelle ROSENTAL https:\/\/www.stadtverkehr-detmold.de https:\/\/www.stadthalle-detmold.de\/infos-und-kontakt\/anfahrt.html Anfahrt zur Waldb\u00fchne am Hermannsdenkmal: Auto In Detmold: Beschilderung Touristische Ziele \/ Hermannsdenkmal folgen und dann frei nach Gollum: Rauf rauf rauf rauf, immer sch\u00f6n die H\u00fcgel rauf&#8230; Hermannsdenkmal auf einer gr\u00f6\u00dferen &hellip; <a href=\"https:\/\/owls-n-bats.net\/?page_id=76\">Weiterlesen <span class=\"meta-nav\">&rarr;<\/span><\/a><\/p>\n","protected":false},"author":1,"featured_media":0,"parent":0,"menu_order":0,"comment_status":"closed","ping_status":"open","template":"","meta":[],"_links":{"self":[{"href":"https:\/\/owls-n-bats.net\/index.php?rest_route=\/wp\/v2\/pages\/76"}],"collection":[{"href":"https:\/\/owls-n-bats.net\/index.php?rest_route=\/wp\/v2\/pages"}],"about":[{"href":"https:\/\/owls-n-bats.net\/index.php?rest_route=\/wp\/v2\/types\/page"}],"author":[{"embeddable":true,"href":"https:\/\/owls-n-bats.net\/index.php?rest_route=\/wp\/v2\/users\/1"}],"replies":[{"embeddable":true,"href":"https:\/\/owls-n-bats.net\/index.php?rest_route=%2Fwp%2Fv2%2Fcomments&post=76"}],"version-history":[{"count":29,"href":"https:\/\/owls-n-bats.net\/index.php?rest_route=\/wp\/v2\/pages\/76\/revisions"}],"predecessor-version":[{"id":1855,"href":"https:\/\/owls-n-bats.net\/index.php?rest_route=\/wp\/v2\/pages\/76\/revisions\/1855"}],"wp:attachment":[{"href":"https:\/\/owls-n-bats.net\/index.php?rest_route=%2Fwp%2Fv2%2Fmedia&parent=76"}],"curies":[{"name":"wp","href":"https:\/\/api.w.org\/{rel}","templated":true}]}}