{"id":71,"date":"2014-01-07T15:16:26","date_gmt":"2014-01-07T15:16:26","guid":{"rendered":"http:\/\/owls-n-bats.net\/?page_id=71"},"modified":"2019-01-26T19:53:24","modified_gmt":"2019-01-26T19:53:24","slug":"line-up","status":"publish","type":"page","link":"https:\/\/owls-n-bats.net\/?page_id=71","title":{"rendered":"Line-Up 2014"},"content":{"rendered":"<p><a id=\"top\"><\/a>\n\t\t<style type=\"text\/css\">\n\t\t\t#gallery-2 {\n\t\t\t\tmargin: auto;\n\t\t\t}\n\t\t\t#gallery-2 .gallery-item {\n\t\t\t\tfloat: left;\n\t\t\t\tmargin-top: 10px;\n\t\t\t\ttext-align: center;\n\t\t\t\twidth: 20%;\n\t\t\t}\n\t\t\t#gallery-2 img {\n\t\t\t\tborder: 2px solid #cfcfcf;\n\t\t\t}\n\t\t\t#gallery-2 .gallery-caption {\n\t\t\t\tmargin-left: 0;\n\t\t\t}\n\t\t\t\/* see gallery_shortcode() in wp-includes\/media.php *\/\n\t\t<\/style>\n\t\t<div id='gallery-2' class='gallery galleryid-71 gallery-columns-5 gallery-size-thumbnail'><dl class='gallery-item'>\n\t\t\t<dt class='gallery-icon landscape'>\n\t\t\t\t<a href=\"#unzucht\" class=\"no-lightbox\"><img width=\"150\" height=\"150\" src=\"https:\/\/owls-n-bats.net\/wp-content\/uploads\/2014\/01\/FOTO_Unzucht-150x150.jpg\" class=\"attachment-thumbnail size-thumbnail\" alt=\"\" loading=\"lazy\" aria-describedby=\"gallery-2-154\" \/><\/a>\n\t\t\t<\/dt>\n\t\t\t\t<dd class='wp-caption-text gallery-caption' id='gallery-2-154'>\n\t\t\t\tUnzucht\n\t\t\t\t<\/dd><\/dl><dl class='gallery-item'>\n\t\t\t<dt class='gallery-icon landscape'>\n\t\t\t\t<a href=\"#nomore\" class=\"no-lightbox\"><img width=\"150\" height=\"150\" src=\"https:\/\/owls-n-bats.net\/wp-content\/uploads\/2014\/01\/FOTO_NoMore-150x150.jpg\" class=\"attachment-thumbnail size-thumbnail\" alt=\"\" loading=\"lazy\" aria-describedby=\"gallery-2-102\" \/><\/a>\n\t\t\t<\/dt>\n\t\t\t\t<dd class='wp-caption-text gallery-caption' id='gallery-2-102'>\n\t\t\t\tNo More\n\t\t\t\t<\/dd><\/dl><dl class='gallery-item'>\n\t\t\t<dt class='gallery-icon landscape'>\n\t\t\t\t<a href=\"#hurricane\" class=\"no-lightbox\"><img width=\"150\" height=\"150\" src=\"https:\/\/owls-n-bats.net\/wp-content\/uploads\/2014\/01\/FOTO_HurricaneDean-150x150.jpg\" class=\"attachment-thumbnail size-thumbnail\" alt=\"\" loading=\"lazy\" aria-describedby=\"gallery-2-145\" \/><\/a>\n\t\t\t<\/dt>\n\t\t\t\t<dd class='wp-caption-text gallery-caption' id='gallery-2-145'>\n\t\t\t\tHurricane Dean\n\t\t\t\t<\/dd><\/dl><dl class='gallery-item'>\n\t\t\t<dt class='gallery-icon landscape'>\n\t\t\t\t<a href=\"#soror\" class=\"no-lightbox\"><img width=\"150\" height=\"150\" src=\"https:\/\/owls-n-bats.net\/wp-content\/uploads\/2014\/01\/FOTO_SororDolorosa1-150x150.jpg\" class=\"attachment-thumbnail size-thumbnail\" alt=\"\" loading=\"lazy\" aria-describedby=\"gallery-2-178\" \/><\/a>\n\t\t\t<\/dt>\n\t\t\t\t<dd class='wp-caption-text gallery-caption' id='gallery-2-178'>\n\t\t\t\tSoror Dolorosa\n\t\t\t\t<\/dd><\/dl><dl class='gallery-item'>\n\t\t\t<dt class='gallery-icon landscape'>\n\t\t\t\t<a href=\"#salvation\" class=\"no-lightbox\"><img width=\"150\" height=\"150\" src=\"https:\/\/owls-n-bats.net\/wp-content\/uploads\/2014\/01\/salvationAMP-150x150.jpg\" class=\"attachment-thumbnail size-thumbnail\" alt=\"\" loading=\"lazy\" aria-describedby=\"gallery-2-86\" \/><\/a>\n\t\t\t<\/dt>\n\t\t\t\t<dd class='wp-caption-text gallery-caption' id='gallery-2-86'>\n\t\t\t\tsalvation AMP\n\t\t\t\t<\/dd><\/dl><br style=\"clear: both\" \/>\n\t\t<\/div>\n<\/p>\n<p><a id=\"unzucht\"><\/a><strong><span style=\"color: #c4853c;\">Unzucht<\/span><\/strong><br \/>\n<a title=\"Unzucht\" href=\"http:\/\/www.unzucht-music.com\" target=\"_blank\"><span style=\"color: #7071ad;\">www.unzucht-music.com<\/span><\/a><br \/>\n<span style=\"color: #c4853c;\"> Es begab sich zu der Zeit um 2009, als in De Clercq, seines Zeichens unz\u00fcchtiger Gitarrist und Electro-T\u00fcftler, ein Plan zu reifen begann. Unter einem nicht mehr zu rekonstruierenden Vorwand lockte er den halbspanischen S\u00e4nger Der Schulz, nur Minuten vor dessen endg\u00fcltigem Umzug in seine alte Heimat Gallizien, auf ein nicht konkret benanntes Eiland in der friesischen Karibik, welches seitdem nur unter dem beunruhigenden Namen \u201eLa Isla Muerta\u201c bekannt ist.\u2028Hier kamen irgendwie unter bisher nicht gekl\u00e4rten Umst\u00e4nden auch Blaschke und Fuhrmann ins Spiel. Die Inselchronik weist deutliche L\u00fccken ob der Vorkommnisse auf, nur so viel ist sicher: Erste\u00a0 Demosongs wurden aufgenommen, der Grundstein der Unzucht war gelegt. Doch warum hei\u00dft der bandeigene Webshop, in dem heute Sympathisanten der Unzucht T-Shirts und Hardtickets bestellen, \u00fcberhaupt \u201eCaribbean Gothic\u201c? Und was genau hat es mit dem \u201eGothic Internat\u201c auf sich?\u2028Fragen, nichts als Fragen&#8230;\u2028<\/span><\/p>\n<p><span style=\"color: #c4853c;\">De Clercq\u00a0&#8211; Guitar, Electronics, Vocals\u00a0<\/span><br \/>\n<span style=\"color: #c4853c;\">Der Schulz\u00a0&#8211; Vocals<\/span><br \/>\n<span style=\"color: #c4853c;\">Blaschke\u00a0&#8211; Bass<\/span><br \/>\n<span style=\"color: #c4853c;\">Fuhrmann\u00a0&#8211; Drums<\/span><\/p>\n<p><span style=\"color: #c4853c;\">It was around 2009 when De Clercq, Unzucht\u2019s guitarist and electro wizard, came up with a plan. With a subterfuge that is impossible to reconstruct, he lured the half-spanish singer Der Schulz, who was on the verge of moving back to his old home Galicia, to an unspecified island in the frisian Caribbean, which is since then known only as \u201cLa Isla Muerta\u201d. This is where, for reasons unknown, Blaschke and Fuhrmann came into play. The island\u2019s chronicle is full of loopholes about the events, but one thing is sure: First demos were recorded, the foundation for Unzucht was built. But why is the band\u2019s webshop, where fans order t-shirts and tickets today, called \u201cCaribbean Gothic\u201d? And what exactly is it about this \u201cgothic boarding school\u201d? Questions, nothing but questions.<\/span><\/p>\n<p><a title=\"Unzucht\" href=\"http:\/\/www.unzucht-music.com\" target=\"_blank\"><img loading=\"lazy\" class=\" wp-image-154 alignnone\" alt=\"FOTO_Unzucht\" src=\"http:\/\/owls-n-bats.net\/wp-content\/uploads\/2014\/01\/FOTO_Unzucht-1024x682.jpg\" width=\"584\" height=\"388\" srcset=\"https:\/\/owls-n-bats.net\/wp-content\/uploads\/2014\/01\/FOTO_Unzucht-1024x682.jpg 1024w, https:\/\/owls-n-bats.net\/wp-content\/uploads\/2014\/01\/FOTO_Unzucht-300x199.jpg 300w, https:\/\/owls-n-bats.net\/wp-content\/uploads\/2014\/01\/FOTO_Unzucht-450x300.jpg 450w, https:\/\/owls-n-bats.net\/wp-content\/uploads\/2014\/01\/FOTO_Unzucht.jpg 2000w\" sizes=\"(max-width: 584px) 100vw, 584px\" \/><\/a><br \/>\n<span style=\"color: #7071ad;\"><a href=\"#top\"><span style=\"color: #7071ad;\">back to top<\/span><\/a><\/span><\/p>\n<p><a id=\"nomore\"><\/a><strong><span style=\"color: #c4853c;\">No More<\/span><\/strong><br \/>\n<a title=\"No More\" href=\"http:\/\/www.nomoremusic.de\" target=\"_blank\"><span style=\"color: #7071ad;\">www.nomoremusic.de<\/span><\/a><br \/>\n<span style=\"color: #c4853c;\">&#8222;If we&#8217;d have to name that proverbial slot, we&#8217;d say that it is definitely Post-Punk-Electronica-Kraut-Glam. We take songs from all NO MORE phases as well as new songs, give the lot a turn in the time-shredder and &#8211; out comes great rhythmic noise: that is pop.&#8220; <\/span><br \/>\n<span style=\"color: #c4853c;\">&#8211; No More <\/span><br \/>\n<span style=\"color: #c4853c;\">Bekannt wurde die Band durch den genresprengenden Klassiker &#8222;Suicide Commando&#8220;. Ein Titel, der noch heute ein unverzichtbarer Teil vieler DJ-Sets von Dark Wave \u00fcber Electronica und EBM bis Post Punk und Indie ist. Tina Sanudakura nutzt Theremin und obskure Elektronika, wie den gr\u00fcnen Kreis, um mit schimmernden Kl\u00e4ngen das Dunkel auszuspionieren. Andy Schwarz greift die fluoreszierenden Kl\u00e4nge auf. Fl\u00fcstert, bellt, n\u00f6lt und croont. Minimalistische Elektronika und versprengte Gitarrenmelodien definieren das, was nicht gesagt wird.<\/span><\/p>\n<p><span style=\"color: #c4853c;\">Andy Schwarz &#8211; vox, guitar, bass, electronica<\/span><br \/>\n<span style=\"color: #c4853c;\">Tina Sanudakura &#8211; keyboards, electronica, treatments<\/span><\/p>\n<p><span style=\"color: #c4853c;\">The band is fairly known through their genre-cracking classic hit &#8222;Suicide Commando&#8220;. A Song that is still an essential part of many DJ-sets nowadays, ranging from dark wave via electronica and EBM to post punk and indie. Tina Sanudakura utilizes Theremin and obscure electronic devices like the &#8222;gr\u00fcner Kreis&#8220; to spy on the dark with shimmering sounds. Andy Schwarz picks up the fluorescent vibrancy and whispers, barks, nags and croons, Minimalistic electronica and scattered guitar melodies define that which is not spoken.<\/span><\/p>\n<p><a title=\"No More\" href=\"http:\/\/www.nomoremusic.de\" target=\"_blank\"><img loading=\"lazy\" class=\" wp-image-102 alignnone\" alt=\"FOTO_NoMore\" src=\"http:\/\/owls-n-bats.net\/wp-content\/uploads\/2014\/01\/FOTO_NoMore-1024x399.jpg\" width=\"584\" height=\"227\" srcset=\"https:\/\/owls-n-bats.net\/wp-content\/uploads\/2014\/01\/FOTO_NoMore-1024x399.jpg 1024w, https:\/\/owls-n-bats.net\/wp-content\/uploads\/2014\/01\/FOTO_NoMore-300x117.jpg 300w, https:\/\/owls-n-bats.net\/wp-content\/uploads\/2014\/01\/FOTO_NoMore-500x195.jpg 500w, https:\/\/owls-n-bats.net\/wp-content\/uploads\/2014\/01\/FOTO_NoMore.jpg 1808w\" sizes=\"(max-width: 584px) 100vw, 584px\" \/><\/a><br \/>\n<span style=\"color: #7071ad;\"><a href=\"#top\"><span style=\"color: #7071ad;\">back to top<\/span><\/a><\/span><\/p>\n<p><a id=\"hurricane\"><\/a><span style=\"color: #c4853c;\"><strong>Hurricane Dean<\/strong><\/span><br \/>\n<a title=\"Hurricane Dean\" href=\"http:\/\/www.hurricanedeanmusic.com\" target=\"_blank\"><span style=\"color: #7071ad;\">www.hurricanedeanmusic.com<\/span><\/a><br \/>\n<span style=\"color: #c4853c;\"> Die vier Ostfriesen betiteln ihre Musik als \u201ebright wave\u201c, eine Mischung aus dunklem Wave-Sound, versehen mit einer vollen Breitseite Indie-Rock, so dass sich Melancholie in st\u00fcrmische Energie verwandelt und dem Bandnamen alle Ehre macht. Gerade wenn man glaubt, den Sound der Band durchschaut zu haben, zeigen flirrende Gitarren und nachdenkliche Texte, dass Hurricane Dean seine Richtung ganz ohne Vorwarnung \u00e4ndern kann, was sie mit ihrer Debut-Single &#8222;Flat Random Noise&#8220; bewiesen.<\/span><\/p>\n<p><span style=\"color: #c4853c;\">Ian Bleeker \u00a0&#8211; Vocals<\/span><br \/>\n<span style=\"color: #c4853c;\">Malte Zierden &#8211; Guitar<\/span><br \/>\n<span style=\"color: #c4853c;\">Yurgen Schulte &#8211; Bass<\/span><br \/>\n<span style=\"color: #c4853c;\">Oliver Szafranek &#8211; Drums<\/span><\/p>\n<p><span style=\"color: #c4853c;\">The four-piece band from Ostfriesland is stirring things up with bright wave: their own mix of new wave and indie. Songs like their first single \u201cFlat Random Noise\u201d beckon you to the dance floor without loosing their melancholic touch. Ian Bleeker\u2019s soothing voice is conjuring up a comfortable cocoon as he puts you in a trance. And just before you think it\u2019s too epic, the compelling beat hits you again and the guitars push you with their playful pickings: slow, too fast \u2013 up and down \u2013 like the sea hit by a storm.<\/span><\/p>\n<p><a title=\"Hurricane Dean\" href=\"http:\/\/www.hurricanedeanmusic.com\" target=\"_blank\"><img loading=\"lazy\" class=\" wp-image-145 alignnone\" alt=\"FOTO_HurricaneDean\" src=\"http:\/\/owls-n-bats.net\/wp-content\/uploads\/2014\/01\/FOTO_HurricaneDean-1024x564.jpg\" width=\"584\" height=\"321\" srcset=\"https:\/\/owls-n-bats.net\/wp-content\/uploads\/2014\/01\/FOTO_HurricaneDean-1024x564.jpg 1024w, https:\/\/owls-n-bats.net\/wp-content\/uploads\/2014\/01\/FOTO_HurricaneDean-300x165.jpg 300w, https:\/\/owls-n-bats.net\/wp-content\/uploads\/2014\/01\/FOTO_HurricaneDean-500x275.jpg 500w, https:\/\/owls-n-bats.net\/wp-content\/uploads\/2014\/01\/FOTO_HurricaneDean.jpg 2000w\" sizes=\"(max-width: 584px) 100vw, 584px\" \/><\/a><br \/>\n<span style=\"color: #7071ad;\"><a href=\"#top\"><span style=\"color: #7071ad;\">back to top<\/span><\/a><\/span><\/p>\n<p><a id=\"soror\"><\/a><strong><span style=\"color: #c4853c;\">Soror Dolorosa<\/span><\/strong><br \/>\n<a title=\"Soror Dolorosa\" href=\"http:\/\/www.sorordolorosa.com\" target=\"_blank\"><span style=\"color: #7071ad;\">www.sorordolorosa.com<\/span><\/a><br \/>\n<span style=\"color: #c4853c;\">Die franz\u00f6sische Formation schuf mit ihrem aktuellen Album &#8222;No More Heroes&#8220; ein grossartiges Werk mit melancholischen und d\u00fcsteren Songs, die den Geist der 80er in sich tragen und das sch\u00f6nste aus ihm bewahren. Live \u00fcberzeugen Sonor Dolorosa durch ihre beeindruckende Performance, Charisma und Charme.<\/span><\/p>\n<p><span style=\"color: #c4853c;\">Franck Ligabue &#8211; Drumset <\/span><br \/>\n<span style=\"color: #c4853c;\">Herv\u00e9 Carles &#8211; Bass Guitar <\/span><br \/>\n<span style=\"color: #c4853c;\">Nicolas Mons \u2013 Guitar <\/span><br \/>\n<span style=\"color: #c4853c;\">David Alexandre Parquier &#8211; Guitar <\/span><br \/>\n<span style=\"color: #c4853c;\">Andy Julia &#8211; Vocals and keyboards<\/span><\/p>\n<p><span style=\"color: #c4853c;\">With &#8222;No More Heroes&#8220; Soror Dolorosa have created another monument to the great spirit of the 80s. Every single one of these tracks has the potential to become a fave, be it the catchy up-tempo numbers or the more melancholic and gloomy songs. Their flawless but dramatic live performance is complemented by their charisma and charme.<\/span><\/p>\n<p><a title=\"Soror Dolorosa\" href=\"http:\/\/www.sorordolorosa.com\/\" target=\"_blank\"><img loading=\"lazy\" class=\" wp-image-178 alignnone\" alt=\"Soror Dolorosa\" src=\"http:\/\/owls-n-bats.net\/wp-content\/uploads\/2014\/01\/FOTO_SororDolorosa1-1024x678.jpg\" width=\"584\" height=\"386\" srcset=\"https:\/\/owls-n-bats.net\/wp-content\/uploads\/2014\/01\/FOTO_SororDolorosa1-1024x678.jpg 1024w, https:\/\/owls-n-bats.net\/wp-content\/uploads\/2014\/01\/FOTO_SororDolorosa1-300x198.jpg 300w, https:\/\/owls-n-bats.net\/wp-content\/uploads\/2014\/01\/FOTO_SororDolorosa1-452x300.jpg 452w, https:\/\/owls-n-bats.net\/wp-content\/uploads\/2014\/01\/FOTO_SororDolorosa1.jpg 2000w\" sizes=\"(max-width: 584px) 100vw, 584px\" \/><\/a><br \/>\n<span style=\"color: #7071ad;\"><a href=\"#top\"><span style=\"color: #7071ad;\">back to top<\/span><\/a><\/span><\/p>\n<p><a id=\"salvation\"><\/a><strong><span style=\"color: #c4853c;\">salvation AMP<\/span><\/strong><br \/>\n<a title=\"salvation AMP\" href=\"http:\/\/www.facebook.com\/salvationamp\" target=\"_blank\"><span style=\"color: #7071ad;\">www.facebook.com\/salvationamp<\/span><\/a><br \/>\n<span style=\"color: #c4853c;\">Seit ihrer Gr\u00fcndung 2010 und Ver\u00f6ffentlichung des Deb\u00fct Albums &#8222;hidden faces&#8220; hat sich das Trio eine solide und treue Fanbase erspielt. Der sph\u00e4rische, jedoch kraftvolle Gitarrensound vereint sich zusammen mit der soliden Erdung durch Schlagzeug und Bass zu einem Meer von Energie und Eleganz, auf dem Christ-Ians dynamisch-dramatische Stimme sicher getragen wird.<\/span><\/p>\n<p><span style=\"color: #c4853c;\">Christ-Ian Le-Ding &#8211; Vocals, Guitar\u00a0<\/span><br \/>\n<span style=\"color: #c4853c;\">Andreas Bracht &#8211; Bass\u00a0<\/span><br \/>\n<span style=\"color: #c4853c;\">Steve Leafs \u2013 Drums<\/span><\/p>\n<p><span style=\"color: #c4853c;\">Since their forming in 2010 and the release of their debut album &#8222;hidden faces&#8220;, the band has gathered a true and solid fan base. The spheric but powerful guitar sound and the solid grounding of drums and bass unite into a sea of energy and elegance, with Christ-Ians dynamic-dramatic voice floating on top.<\/span><\/p>\n<p><a title=\"salvation AMP\" href=\"http:\/\/www.facebook.com\/salvationamp\" target=\"_blank\"><img loading=\"lazy\" class=\"alignnone size-large wp-image-86\" alt=\"salvationAMP\" src=\"http:\/\/owls-n-bats.net\/wp-content\/uploads\/2014\/01\/salvationAMP-1024x340.jpg\" width=\"584\" height=\"193\" srcset=\"https:\/\/owls-n-bats.net\/wp-content\/uploads\/2014\/01\/salvationAMP-1024x340.jpg 1024w, https:\/\/owls-n-bats.net\/wp-content\/uploads\/2014\/01\/salvationAMP-300x99.jpg 300w, https:\/\/owls-n-bats.net\/wp-content\/uploads\/2014\/01\/salvationAMP-500x166.jpg 500w, https:\/\/owls-n-bats.net\/wp-content\/uploads\/2014\/01\/salvationAMP.jpg 1920w\" sizes=\"(max-width: 584px) 100vw, 584px\" \/><\/a><br \/>\n<span style=\"color: #7071ad;\"><a href=\"#top\"><span style=\"color: #7071ad;\">back to top<\/span><\/a><\/span><\/p>\n<p>&nbsp;<\/p>\n<p>&nbsp;<\/p>\n<p>&nbsp;<\/p>\n","protected":false},"excerpt":{"rendered":"<p>Unzucht www.unzucht-music.com Es begab sich zu der Zeit um 2009, als in De Clercq, seines Zeichens unz\u00fcchtiger Gitarrist und Electro-T\u00fcftler, ein Plan zu reifen begann. Unter einem nicht mehr zu rekonstruierenden Vorwand lockte er den halbspanischen S\u00e4nger Der Schulz, nur &hellip; <a href=\"https:\/\/owls-n-bats.net\/?page_id=71\">Weiterlesen <span class=\"meta-nav\">&rarr;<\/span><\/a><\/p>\n","protected":false},"author":1,"featured_media":0,"parent":1098,"menu_order":0,"comment_status":"closed","ping_status":"open","template":"","meta":[],"_links":{"self":[{"href":"https:\/\/owls-n-bats.net\/index.php?rest_route=\/wp\/v2\/pages\/71"}],"collection":[{"href":"https:\/\/owls-n-bats.net\/index.php?rest_route=\/wp\/v2\/pages"}],"about":[{"href":"https:\/\/owls-n-bats.net\/index.php?rest_route=\/wp\/v2\/types\/page"}],"author":[{"embeddable":true,"href":"https:\/\/owls-n-bats.net\/index.php?rest_route=\/wp\/v2\/users\/1"}],"replies":[{"embeddable":true,"href":"https:\/\/owls-n-bats.net\/index.php?rest_route=%2Fwp%2Fv2%2Fcomments&post=71"}],"version-history":[{"count":97,"href":"https:\/\/owls-n-bats.net\/index.php?rest_route=\/wp\/v2\/pages\/71\/revisions"}],"predecessor-version":[{"id":1534,"href":"https:\/\/owls-n-bats.net\/index.php?rest_route=\/wp\/v2\/pages\/71\/revisions\/1534"}],"up":[{"embeddable":true,"href":"https:\/\/owls-n-bats.net\/index.php?rest_route=\/wp\/v2\/pages\/1098"}],"wp:attachment":[{"href":"https:\/\/owls-n-bats.net\/index.php?rest_route=%2Fwp%2Fv2%2Fmedia&parent=71"}],"curies":[{"name":"wp","href":"https:\/\/api.w.org\/{rel}","templated":true}]}}