{"id":2620,"date":"2023-08-15T12:45:31","date_gmt":"2023-08-15T12:45:31","guid":{"rendered":"https:\/\/owls-n-bats.net\/?page_id=2620"},"modified":"2023-12-15T10:36:03","modified_gmt":"2023-12-15T10:36:03","slug":"line-up-winterfest-2024","status":"publish","type":"page","link":"https:\/\/owls-n-bats.net\/?page_id=2620","title":{"rendered":"Line-Up Winterfest 2024"},"content":{"rendered":"\n\t\t<style type=\"text\/css\">\n\t\t\t#gallery-2 {\n\t\t\t\tmargin: auto;\n\t\t\t}\n\t\t\t#gallery-2 .gallery-item {\n\t\t\t\tfloat: left;\n\t\t\t\tmargin-top: 10px;\n\t\t\t\ttext-align: center;\n\t\t\t\twidth: 25%;\n\t\t\t}\n\t\t\t#gallery-2 img {\n\t\t\t\tborder: 2px solid #cfcfcf;\n\t\t\t}\n\t\t\t#gallery-2 .gallery-caption {\n\t\t\t\tmargin-left: 0;\n\t\t\t}\n\t\t\t\/* see gallery_shortcode() in wp-includes\/media.php *\/\n\t\t<\/style>\n\t\t<div id='gallery-2' class='gallery galleryid-2620 gallery-columns-4 gallery-size-thumbnail'><dl class='gallery-item'>\n\t\t\t<dt class='gallery-icon landscape'>\n\t\t\t\t<img width=\"150\" height=\"150\" src=\"https:\/\/owls-n-bats.net\/wp-content\/uploads\/2023\/12\/EscapeWithRomeo_Promofoto_CopyrightEWR_Band-150x150.jpg\" class=\"attachment-thumbnail size-thumbnail\" alt=\"EWR2024\" loading=\"lazy\" aria-describedby=\"gallery-2-2648\" \/>\n\t\t\t<\/dt>\n\t\t\t\t<dd class='wp-caption-text gallery-caption' id='gallery-2-2648'>\n\t\t\t\tEscape With Romeo\n\t\t\t\t<\/dd><\/dl><dl class='gallery-item'>\n\t\t\t<dt class='gallery-icon landscape'>\n\t\t\t\t<img width=\"150\" height=\"150\" src=\"https:\/\/owls-n-bats.net\/wp-content\/uploads\/2023\/12\/AeonSable_Promofoto_6_copyright_AS-150x150.jpg\" class=\"attachment-thumbnail size-thumbnail\" alt=\"\" loading=\"lazy\" aria-describedby=\"gallery-2-2652\" \/>\n\t\t\t<\/dt>\n\t\t\t\t<dd class='wp-caption-text gallery-caption' id='gallery-2-2652'>\n\t\t\t\tAeon Sable\n\t\t\t\t<\/dd><\/dl><dl class='gallery-item'>\n\t\t\t<dt class='gallery-icon landscape'>\n\t\t\t\t<img width=\"150\" height=\"150\" src=\"https:\/\/owls-n-bats.net\/wp-content\/uploads\/2023\/12\/VV_Void_CopyrightBand_Val-Nora-Below-2023-5-150x150.jpeg\" class=\"attachment-thumbnail size-thumbnail\" alt=\"\" loading=\"lazy\" aria-describedby=\"gallery-2-2654\" \/>\n\t\t\t<\/dt>\n\t\t\t\t<dd class='wp-caption-text gallery-caption' id='gallery-2-2654'>\n\t\t\t\tVV And The Void\n\t\t\t\t<\/dd><\/dl><dl class='gallery-item'>\n\t\t\t<dt class='gallery-icon landscape'>\n\t\t\t\t<img width=\"150\" height=\"150\" src=\"https:\/\/owls-n-bats.net\/wp-content\/uploads\/2023\/12\/YEAHRS-PIC_Promofoto_CopyrightBand_-2-150x150.jpeg\" class=\"attachment-thumbnail size-thumbnail\" alt=\"\" loading=\"lazy\" aria-describedby=\"gallery-2-2656\" \/>\n\t\t\t<\/dt>\n\t\t\t\t<dd class='wp-caption-text gallery-caption' id='gallery-2-2656'>\n\t\t\t\tYeahrs\n\t\t\t\t<\/dd><\/dl><br style=\"clear: both\" \/>\n\t\t<\/div>\n\n<div id=\"EWR2024\" style=\"width: 2570px\" class=\"wp-caption alignnone\"><a href=\"http:\/\/www.escapewithromeo.de\" target=\"_blank\" rel=\"noopener\"><img aria-describedby=\"caption-EWR2024\" loading=\"lazy\" class=\"size-full wp-image-2648\" src=\"http:\/\/owls-n-bats.net\/wp-content\/uploads\/2023\/12\/EscapeWithRomeo_Promofoto_CopyrightEWR_Band-scaled.jpg\" alt=\"EWR2024\" width=\"2560\" height=\"1920\" srcset=\"https:\/\/owls-n-bats.net\/wp-content\/uploads\/2023\/12\/EscapeWithRomeo_Promofoto_CopyrightEWR_Band-scaled.jpg 2560w, https:\/\/owls-n-bats.net\/wp-content\/uploads\/2023\/12\/EscapeWithRomeo_Promofoto_CopyrightEWR_Band-300x225.jpg 300w, https:\/\/owls-n-bats.net\/wp-content\/uploads\/2023\/12\/EscapeWithRomeo_Promofoto_CopyrightEWR_Band-1024x768.jpg 1024w, https:\/\/owls-n-bats.net\/wp-content\/uploads\/2023\/12\/EscapeWithRomeo_Promofoto_CopyrightEWR_Band-768x576.jpg 768w, https:\/\/owls-n-bats.net\/wp-content\/uploads\/2023\/12\/EscapeWithRomeo_Promofoto_CopyrightEWR_Band-1536x1152.jpg 1536w, https:\/\/owls-n-bats.net\/wp-content\/uploads\/2023\/12\/EscapeWithRomeo_Promofoto_CopyrightEWR_Band-2048x1536.jpg 2048w, https:\/\/owls-n-bats.net\/wp-content\/uploads\/2023\/12\/EscapeWithRomeo_Promofoto_CopyrightEWR_Band-400x300.jpg 400w\" sizes=\"(max-width: 2560px) 100vw, 2560px\" \/><\/a><p id=\"caption-EWR2024\" class=\"wp-caption-text\">Escape With Romeo<\/p><\/div>\n<p>ESCAPE WITH ROMEO &#8211; In einer Phase der gegenw\u00e4rtigen Unsicherheit, in der nachhaltige Ver\u00e4nderungen f\u00fcr ein zuk\u00fcnftiges \u00dcberleben notwendigerweise erfolgen m\u00fcssen, sch\u00f6pfte auch Thomas Elbern frische Kreativit\u00e4t f\u00fcr EWR, als er um Weihnachten 2021 alte<br \/>\nschwarz-wei\u00df Fotos aus den 1980er Jahren digitalisierte. Die grobk\u00f6rnigen Bilder<br \/>\ntransportierten den Zeitgeist damaliger Themen wie Kalter Krieg und saurer Regen<br \/>\nauf frappierende Weise in das aktuelle Lebensgef\u00fchl. Die spannende Frage, die sich<br \/>\nf\u00fcr Thomas in der Folge aufwarf: Wie w\u00fcrden die Songs aus dem bisherigen<br \/>\nRepertoire klingen, wenn die K\u00f6lner Band sie heutzutage einspielen w\u00fcrde? Das<br \/>\naktuelle Doppelalbum \u201eBased On A True Story\u201c bietet f\u00fcr den langj\u00e4hrigen Fan eine<br \/>\nultimative Best-Of-Compilation, die schon oft erw\u00fcnscht wurde. Die Gitarren<br \/>\ndominieren, w\u00e4hrend elektronische Keyboard-Elemente gezielter eingestreut werden.<br \/>\nDamit liegt der Schwerpunkt auf einem homogenen, st\u00e4rker den Wurzeln<br \/>\nzugewandtem Bandsound, in dem sich die Livequalit\u00e4t von EWR deutlich<br \/>\nwiderspiegelt. Davon zeugen nicht zuletzt die 2022 Versionen von Hits wie<br \/>\n\u201eSomebody\u201c und \u201eIt\u2018s Loneliness\u201c (oder die Neuninterpretation des Fr\u00fchwerks \u201eWhite<br \/>\nRoom\u201c, das live seit jeher zu den Publikumsfavoriten z\u00e4hlt<br \/>\nMit ver\u00e4nderter Besetzung ( 2 Gitarristen ) spielt die Gruppe seit Mitte 2023 Konzerte<br \/>\nin ihrer neuen und raueren Form. Klar wird, das die Roots der Band in der Dark<br \/>\nAlternative Music liegen und diese wieder dahin zur\u00fcckgefunden hat.<\/p>\n<p>URL:\u00a0<a href=\"http:\/\/www.escapewithromeo.de\" target=\"_blank\" rel=\"noopener\">http:\/\/www.escapewithromeo.de<\/a><br \/>\nLook \/ Listen: <a href=\"https:\/\/youtu.be\/SSfQzKA3Dtc?si=wJt3MyId0LEV3jR1\" target=\"_blank\" rel=\"noopener\">Somebody (2022 Version)<\/a><br \/>\n***<\/p>\n<div id=\"attachment_2652\" style=\"width: 2153px\" class=\"wp-caption alignnone\"><a href=\"https:\/\/aeonsable.de\/\" target=\"_blank\" rel=\"noopener\"><img aria-describedby=\"caption-attachment-2652\" loading=\"lazy\" class=\"wp-image-2652 size-full\" src=\"http:\/\/owls-n-bats.net\/wp-content\/uploads\/2023\/12\/AeonSable_Promofoto_6_copyright_AS.jpg\" alt=\"\" width=\"2143\" height=\"1121\" srcset=\"https:\/\/owls-n-bats.net\/wp-content\/uploads\/2023\/12\/AeonSable_Promofoto_6_copyright_AS.jpg 2143w, https:\/\/owls-n-bats.net\/wp-content\/uploads\/2023\/12\/AeonSable_Promofoto_6_copyright_AS-300x157.jpg 300w, https:\/\/owls-n-bats.net\/wp-content\/uploads\/2023\/12\/AeonSable_Promofoto_6_copyright_AS-1024x536.jpg 1024w, https:\/\/owls-n-bats.net\/wp-content\/uploads\/2023\/12\/AeonSable_Promofoto_6_copyright_AS-768x402.jpg 768w, https:\/\/owls-n-bats.net\/wp-content\/uploads\/2023\/12\/AeonSable_Promofoto_6_copyright_AS-1536x803.jpg 1536w, https:\/\/owls-n-bats.net\/wp-content\/uploads\/2023\/12\/AeonSable_Promofoto_6_copyright_AS-2048x1071.jpg 2048w, https:\/\/owls-n-bats.net\/wp-content\/uploads\/2023\/12\/AeonSable_Promofoto_6_copyright_AS-500x262.jpg 500w\" sizes=\"(max-width: 2143px) 100vw, 2143px\" \/><\/a><p id=\"caption-attachment-2652\" class=\"wp-caption-text\">Aeon Sable<\/p><\/div>\n<p>AEON SABLE &#8211; Neugestaltung einer Welt am Abgrund<br \/>\nDie Formation aus dem Ruhrgebiet um Nino Sable spielen einen modern angelegten<br \/>\nGothrock mit einer psychedelisch anmutenden Wall of Sound und mystisch gewobenen<br \/>\nMelodien, die die 5 fantastischen Musiker gnadenlos umsetzen!<br \/>\nVier Jahre nach ihrem letzten Release AETHER ver\u00f6ffentlicht die Gothic-Rock-Formation<br \/>\nAEON SABLE ihr siebtes Studioalbum AENIGMA auf dem Berliner Label Solar Lodge.<br \/>\nIm aktuellen Album AENIGMA ist der Nektar der vorangegangenen Alben<br \/>\nzusammengeflossen. AENIGMA erforscht dunkle Verstecke in den Seelen der Lebenden und<br \/>\njenen der Verstorbenen und sinniert \u00fcber die Schw\u00e4chen und die Verzweiflung der<br \/>\nMenschheit, wobei Erl\u00f6sung nur eine Fiktion einer fiebrigen Vorstellung ist.<\/p>\n<p>URL: <a href=\"https:\/\/aeonsable.de\/\" target=\"_blank\" rel=\"noopener\">https:\/\/aeonsable.de\/<\/a><br \/>\nLook \/ Listen: <a href=\"https:\/\/youtu.be\/XNoDdmplDq8?si=DbMLDE1mHUaMXp7Q\" target=\"_blank\" rel=\"noopener\">Burning in Black\u00a0<\/a><br \/>\n***<\/p>\n<div id=\"attachment_2654\" style=\"width: 2410px\" class=\"wp-caption alignnone\"><a href=\"https:\/\/www.facebook.com\/vvandthevoid\" target=\"_blank\" rel=\"noopener\"><img aria-describedby=\"caption-attachment-2654\" loading=\"lazy\" class=\"wp-image-2654 size-full\" src=\"http:\/\/owls-n-bats.net\/wp-content\/uploads\/2023\/12\/VV_Void_CopyrightBand_Val-Nora-Below-2023-5.jpeg\" alt=\"\" width=\"2400\" height=\"1600\" srcset=\"https:\/\/owls-n-bats.net\/wp-content\/uploads\/2023\/12\/VV_Void_CopyrightBand_Val-Nora-Below-2023-5.jpeg 2400w, https:\/\/owls-n-bats.net\/wp-content\/uploads\/2023\/12\/VV_Void_CopyrightBand_Val-Nora-Below-2023-5-300x200.jpeg 300w, https:\/\/owls-n-bats.net\/wp-content\/uploads\/2023\/12\/VV_Void_CopyrightBand_Val-Nora-Below-2023-5-1024x683.jpeg 1024w, https:\/\/owls-n-bats.net\/wp-content\/uploads\/2023\/12\/VV_Void_CopyrightBand_Val-Nora-Below-2023-5-768x512.jpeg 768w, https:\/\/owls-n-bats.net\/wp-content\/uploads\/2023\/12\/VV_Void_CopyrightBand_Val-Nora-Below-2023-5-1536x1024.jpeg 1536w, https:\/\/owls-n-bats.net\/wp-content\/uploads\/2023\/12\/VV_Void_CopyrightBand_Val-Nora-Below-2023-5-2048x1365.jpeg 2048w, https:\/\/owls-n-bats.net\/wp-content\/uploads\/2023\/12\/VV_Void_CopyrightBand_Val-Nora-Below-2023-5-450x300.jpeg 450w\" sizes=\"(max-width: 2400px) 100vw, 2400px\" \/><\/a><p id=\"caption-attachment-2654\" class=\"wp-caption-text\">VV And The Void<\/p><\/div>\n<p>Bei VV AND THE VOID kann man tolle sph\u00e4rische Dreampop \/ Wavesongs erwarten,<br \/>\ndie sehr stark an Acts wie die Cocteau Twins erinnern.<br \/>\nValentina Veil gr\u00fcndete VV &amp; The Void in Melbourne, Australien und erregte schnell<br \/>\nAufmerksamkeit in der internationalen Underground-Musikszene. Sie ver\u00f6ffentlichten<br \/>\nim Mai 2018 ihr erstes Full-Length-Album The Upper Room bei dem in LA<br \/>\nans\u00e4ssigen Label Cleopatra Records. Valentina Veil hat das Album geschrieben,<br \/>\naufgenommen und produziert.<br \/>\nVV &amp; The Void haben am 17. Dezember 2020 \u00fcber Cleopatra Records ein zweites<br \/>\nAlbum in voller L\u00e4nge ver\u00f6ffentlicht. Das Album wurde von John Fryer (Cocteau<br \/>\nTwins, This Mortal Coil, Nine Inch Nails, Depeche Mode) gemischt und von Pete<br \/>\nBurns (Kill Shelter) gemastert.<\/p>\n<p>URL: <a href=\"https:\/\/www.facebook.com\/vvandthevoid\" target=\"_blank\" rel=\"noopener\">https:\/\/www.facebook.com\/vvandthevoid<\/a><br \/>\nLook \/ Listen: <a href=\"https:\/\/youtu.be\/cAg-OYwXFUA\" target=\"_blank\" rel=\"noopener\">God Machine\u00a0<\/a><br \/>\n***<\/p>\n<div id=\"attachment_2656\" style=\"width: 2570px\" class=\"wp-caption alignnone\"><a href=\"https:\/\/yeahrs.bandcamp.com\/\" target=\"_blank\" rel=\"noopener\"><img aria-describedby=\"caption-attachment-2656\" loading=\"lazy\" class=\"wp-image-2656 size-full\" src=\"http:\/\/owls-n-bats.net\/wp-content\/uploads\/2023\/12\/YEAHRS-PIC_Promofoto_CopyrightBand_-2-scaled.jpeg\" alt=\"\" width=\"2560\" height=\"1707\" srcset=\"https:\/\/owls-n-bats.net\/wp-content\/uploads\/2023\/12\/YEAHRS-PIC_Promofoto_CopyrightBand_-2-scaled.jpeg 2560w, https:\/\/owls-n-bats.net\/wp-content\/uploads\/2023\/12\/YEAHRS-PIC_Promofoto_CopyrightBand_-2-300x200.jpeg 300w, https:\/\/owls-n-bats.net\/wp-content\/uploads\/2023\/12\/YEAHRS-PIC_Promofoto_CopyrightBand_-2-1024x683.jpeg 1024w, https:\/\/owls-n-bats.net\/wp-content\/uploads\/2023\/12\/YEAHRS-PIC_Promofoto_CopyrightBand_-2-768x512.jpeg 768w, https:\/\/owls-n-bats.net\/wp-content\/uploads\/2023\/12\/YEAHRS-PIC_Promofoto_CopyrightBand_-2-1536x1024.jpeg 1536w, https:\/\/owls-n-bats.net\/wp-content\/uploads\/2023\/12\/YEAHRS-PIC_Promofoto_CopyrightBand_-2-2048x1365.jpeg 2048w, https:\/\/owls-n-bats.net\/wp-content\/uploads\/2023\/12\/YEAHRS-PIC_Promofoto_CopyrightBand_-2-450x300.jpeg 450w\" sizes=\"(max-width: 2560px) 100vw, 2560px\" \/><\/a><p id=\"caption-attachment-2656\" class=\"wp-caption-text\">Yeahrs<\/p><\/div>\n<p>YEARHS sind eine der aufregendsten und spannendsten Bands aus Berlin, dabei sind sie<br \/>\neigentlich aus Frankreich. Die Band wird im EXBERLINER als &#8222;Cloudy, dreamy, heavy, and<br \/>\nrough&#8220; betitelt. Wie auch immer, Ihre Einfl\u00fcsse kommen aus dem Grunge, Post-Punk und<br \/>\nDream Pop und live waren sie f\u00fcr uns die Entdeckung des Jahres &#8211; Absoluter Tip.<\/p>\n<p>URL: <a href=\"https:\/\/yeahrs.bandcamp.com\/\" target=\"_blank\" rel=\"noopener\">https:\/\/yeahrs.bandcamp.com\/<\/a><br \/>\nLook \/ Listen: <a href=\"https:\/\/youtu.be\/SPHhv1OK2rE?si=s-0xJLse7rTMY246\" target=\"_blank\" rel=\"noopener\">Smokescreen<\/a><\/p>\n<p style=\"text-align: center;\"><a href=\"https:\/\/owls-n-bats.reservix.de\/tickets-owls-n-bats-winterfest-die-eulen-und-fledermaeuse-feiern-wieder-in-detmold-stadthalle-detmold-im-schlosspark-am-6-1-2024\/e2138684\" target=\"_blank\" rel=\"noopener\"><img loading=\"lazy\" class=\"alignnone wp-image-2641 size-full\" src=\"http:\/\/owls-n-bats.net\/wp-content\/uploads\/2023\/10\/Ticketbuttonrund_150.gif\" alt=\"\" width=\"150\" height=\"150\" \/><\/a><\/p>\n","protected":false},"excerpt":{"rendered":"<p>ESCAPE WITH ROMEO &#8211; In einer Phase der gegenw\u00e4rtigen Unsicherheit, in der nachhaltige Ver\u00e4nderungen f\u00fcr ein zuk\u00fcnftiges \u00dcberleben notwendigerweise erfolgen m\u00fcssen, sch\u00f6pfte auch Thomas Elbern frische Kreativit\u00e4t f\u00fcr EWR, als er um Weihnachten 2021 alte schwarz-wei\u00df Fotos aus den 1980er &hellip; <a href=\"https:\/\/owls-n-bats.net\/?page_id=2620\">Weiterlesen <span class=\"meta-nav\">&rarr;<\/span><\/a><\/p>\n","protected":false},"author":1,"featured_media":0,"parent":0,"menu_order":0,"comment_status":"closed","ping_status":"closed","template":"","meta":[],"_links":{"self":[{"href":"https:\/\/owls-n-bats.net\/index.php?rest_route=\/wp\/v2\/pages\/2620"}],"collection":[{"href":"https:\/\/owls-n-bats.net\/index.php?rest_route=\/wp\/v2\/pages"}],"about":[{"href":"https:\/\/owls-n-bats.net\/index.php?rest_route=\/wp\/v2\/types\/page"}],"author":[{"embeddable":true,"href":"https:\/\/owls-n-bats.net\/index.php?rest_route=\/wp\/v2\/users\/1"}],"replies":[{"embeddable":true,"href":"https:\/\/owls-n-bats.net\/index.php?rest_route=%2Fwp%2Fv2%2Fcomments&post=2620"}],"version-history":[{"count":32,"href":"https:\/\/owls-n-bats.net\/index.php?rest_route=\/wp\/v2\/pages\/2620\/revisions"}],"predecessor-version":[{"id":2695,"href":"https:\/\/owls-n-bats.net\/index.php?rest_route=\/wp\/v2\/pages\/2620\/revisions\/2695"}],"wp:attachment":[{"href":"https:\/\/owls-n-bats.net\/index.php?rest_route=%2Fwp%2Fv2%2Fmedia&parent=2620"}],"curies":[{"name":"wp","href":"https:\/\/api.w.org\/{rel}","templated":true}]}}