{"id":2565,"date":"2023-05-31T14:00:48","date_gmt":"2023-05-31T14:00:48","guid":{"rendered":"https:\/\/owls-n-bats.net\/?page_id=2565"},"modified":"2023-06-27T23:36:59","modified_gmt":"2023-06-27T23:36:59","slug":"line-up-2023","status":"publish","type":"page","link":"https:\/\/owls-n-bats.net\/?page_id=2565","title":{"rendered":"Line-Up 2023"},"content":{"rendered":"\n\t\t<style type=\"text\/css\">\n\t\t\t#gallery-2 {\n\t\t\t\tmargin: auto;\n\t\t\t}\n\t\t\t#gallery-2 .gallery-item {\n\t\t\t\tfloat: left;\n\t\t\t\tmargin-top: 10px;\n\t\t\t\ttext-align: center;\n\t\t\t\twidth: 33%;\n\t\t\t}\n\t\t\t#gallery-2 img {\n\t\t\t\tborder: 2px solid #cfcfcf;\n\t\t\t}\n\t\t\t#gallery-2 .gallery-caption {\n\t\t\t\tmargin-left: 0;\n\t\t\t}\n\t\t\t\/* see gallery_shortcode() in wp-includes\/media.php *\/\n\t\t<\/style>\n\t\t<div id='gallery-2' class='gallery galleryid-2565 gallery-columns-3 gallery-size-thumbnail'><dl class='gallery-item'>\n\t\t\t<dt class='gallery-icon landscape'>\n\t\t\t\t<a href=\"#jetarme\" class=\"no-lightbox\"><img width=\"150\" height=\"150\" src=\"https:\/\/owls-n-bats.net\/wp-content\/uploads\/2023\/05\/Jetaime_Copyright_Promotion_IMG_n-150x150.jpeg\" class=\"attachment-thumbnail size-thumbnail\" alt=\"\" loading=\"lazy\" aria-describedby=\"gallery-2-2570\" \/><\/a>\n\t\t\t<\/dt>\n\t\t\t\t<dd class='wp-caption-text gallery-caption' id='gallery-2-2570'>\n\t\t\t\tJE T&#8217;AIME\n\t\t\t\t<\/dd><\/dl><dl class='gallery-item'>\n\t\t\t<dt class='gallery-icon landscape'>\n\t\t\t\t<a href=\"#sbr\" class=\"no-lightbox\"><img width=\"150\" height=\"150\" src=\"https:\/\/owls-n-bats.net\/wp-content\/uploads\/2023\/05\/SBR-OKO-Promo-Band-150x150.jpg\" class=\"attachment-thumbnail size-thumbnail\" alt=\"\" loading=\"lazy\" aria-describedby=\"gallery-2-2567\" \/><\/a>\n\t\t\t<\/dt>\n\t\t\t\t<dd class='wp-caption-text gallery-caption' id='gallery-2-2567'>\n\t\t\t\tSAIGON BLUE RAIN\n\t\t\t\t<\/dd><\/dl><dl class='gallery-item'>\n\t\t\t<dt class='gallery-icon landscape'>\n\t\t\t\t<a href=\"#bedless\" class=\"no-lightbox\"><img width=\"150\" height=\"150\" src=\"https:\/\/owls-n-bats.net\/wp-content\/uploads\/2023\/05\/BedlessBones_copyright_IMG_1_Taavi-Luhamaa089-Edit-150x150.jpg\" class=\"attachment-thumbnail size-thumbnail\" alt=\"\" loading=\"lazy\" aria-describedby=\"gallery-2-2566\" \/><\/a>\n\t\t\t<\/dt>\n\t\t\t\t<dd class='wp-caption-text gallery-caption' id='gallery-2-2566'>\n\t\t\t\tBEDLESS BONES\n\t\t\t\t<\/dd><\/dl><br style=\"clear: both\" \/><dl class='gallery-item'>\n\t\t\t<dt class='gallery-icon landscape'>\n\t\t\t\t<a href=\"#apes\" class=\"no-lightbox\"><img width=\"150\" height=\"150\" src=\"https:\/\/owls-n-bats.net\/wp-content\/uploads\/2023\/05\/GoldenApes_IMG_copyright_Promotion-150x150.jpeg\" class=\"attachment-thumbnail size-thumbnail\" alt=\"\" loading=\"lazy\" aria-describedby=\"gallery-2-2569\" \/><\/a>\n\t\t\t<\/dt>\n\t\t\t\t<dd class='wp-caption-text gallery-caption' id='gallery-2-2569'>\n\t\t\t\tGOLDEN APES\n\t\t\t\t<\/dd><\/dl><dl class='gallery-item'>\n\t\t\t<dt class='gallery-icon landscape'>\n\t\t\t\t<a href=\"#delta\" class=\"no-lightbox\"><img width=\"150\" height=\"150\" src=\"https:\/\/owls-n-bats.net\/wp-content\/uploads\/2023\/05\/DeltaKomplex_page3image53650160-150x150.png\" class=\"attachment-thumbnail size-thumbnail\" alt=\"\" loading=\"lazy\" aria-describedby=\"gallery-2-2568\" \/><\/a>\n\t\t\t<\/dt>\n\t\t\t\t<dd class='wp-caption-text gallery-caption' id='gallery-2-2568'>\n\t\t\t\tDELTA KOMPLEX\n\t\t\t\t<\/dd><\/dl><dl class='gallery-item'>\n\t\t\t<dt class='gallery-icon landscape'>\n\t\t\t\t<a href=\"#reptyle\" class=\"no-lightbox\"><img width=\"150\" height=\"150\" src=\"https:\/\/owls-n-bats.net\/wp-content\/uploads\/2023\/05\/Reptyle_live_green-150x150.jpg\" class=\"attachment-thumbnail size-thumbnail\" alt=\"\" loading=\"lazy\" aria-describedby=\"gallery-2-2571\" \/><\/a>\n\t\t\t<\/dt>\n\t\t\t\t<dd class='wp-caption-text gallery-caption' id='gallery-2-2571'>\n\t\t\t\tREPTYLE\n\t\t\t\t<\/dd><\/dl><br style=\"clear: both\" \/>\n\t\t<\/div>\n\n<p><a id=\"jetaime\"><\/a><span style=\"color: #ff99cc;\"><strong>JE T&#8217;AIME<\/strong><\/span><br \/>\n<span style=\"color: #ff99cc;\"><a style=\"color: #ff99cc;\" href=\"http:\/\/www.jetaime-music.com\" target=\"_blank\" rel=\"noopener\">http:\/\/www.jetaime-music.com<\/a><\/span><\/p>\n<p>JE T\u2019AIME das Postpunk Trio aus Paris, der Stadt der Liebe. Die Band ist live der absolute Hammer und spielt einen abwechslungsreichen Mix aus Post-punk, Cold und New Wave. Die vielf\u00e4ltigen Einfl\u00fcsse aus den Achtzigern werden gekonnt und modern in die heutige Zeit transportiert und eigenst\u00e4ndig verarbeitet. Man h\u00f6rt eine raue Version von The Smiths, aber auch The Cure, Sisters of Mercy und die treibenden Sequenzer Beats von EBM heraus. Die beiden aktuellen Alben \u201ePassive\u201c \/ \u201eAggressive\u201c sind bei Manic Depression Records \/ Icy Cold Records ver\u00f6ffentlicht und bereits in mehreren Auflagen nachgepresst worden.<\/p>\n<div id=\"attachment_2570\" style=\"width: 2058px\" class=\"wp-caption alignnone\"><a href=\"http:\/\/owls-n-bats.net\/wp-content\/uploads\/2023\/05\/Jetaime_Copyright_Promotion_IMG_n.jpeg\"><img aria-describedby=\"caption-attachment-2570\" loading=\"lazy\" class=\"size-full wp-image-2570\" src=\"http:\/\/owls-n-bats.net\/wp-content\/uploads\/2023\/05\/Jetaime_Copyright_Promotion_IMG_n.jpeg\" alt=\"\" width=\"2048\" height=\"1365\" srcset=\"https:\/\/owls-n-bats.net\/wp-content\/uploads\/2023\/05\/Jetaime_Copyright_Promotion_IMG_n.jpeg 2048w, https:\/\/owls-n-bats.net\/wp-content\/uploads\/2023\/05\/Jetaime_Copyright_Promotion_IMG_n-300x200.jpeg 300w, https:\/\/owls-n-bats.net\/wp-content\/uploads\/2023\/05\/Jetaime_Copyright_Promotion_IMG_n-1024x683.jpeg 1024w, https:\/\/owls-n-bats.net\/wp-content\/uploads\/2023\/05\/Jetaime_Copyright_Promotion_IMG_n-768x512.jpeg 768w, https:\/\/owls-n-bats.net\/wp-content\/uploads\/2023\/05\/Jetaime_Copyright_Promotion_IMG_n-1536x1024.jpeg 1536w, https:\/\/owls-n-bats.net\/wp-content\/uploads\/2023\/05\/Jetaime_Copyright_Promotion_IMG_n-450x300.jpeg 450w\" sizes=\"(max-width: 2048px) 100vw, 2048px\" \/><\/a><p id=\"caption-attachment-2570\" class=\"wp-caption-text\">JE T&#8217;AIME<\/p><\/div>\n<p><span style=\"color: #ff99cc;\"><a style=\"color: #ff99cc;\" href=\"#top\">back to top<\/a><\/span><\/p>\n<p><a id=\"sbr\"><\/a><span style=\"color: #ff99cc;\"><strong>SAIGON BLUE RAIN<\/strong><\/span><br \/>\n<span style=\"color: #ff99cc;\"><a style=\"color: #ff99cc;\" href=\"https:\/\/saigonbluerain.bandcamp.com\" target=\"_blank\" rel=\"noopener\">https:\/\/saigonbluerain.bandcamp.com<\/a><\/span><\/p>\n<p>Die Pariser Cold Wave Band zelebriert im neuen Video zur Single &#8222;The Mort&#8220; die dunkle Romantik einer Batcave Club Culture Party mit Vampir \u00c4sthetik, tanzbare Beats, kombiniert mit sph\u00e4rischen Sounds, intensiv klirrenden Melodien und der eindrucksvollen coolen Stimme von Ophelia.\u00a0Der Song \u201eVisions\u201c die zweite Single aus dem Album OKO (03.02.2023 Icy Cold Records \/ Manic Depression) belegt eindrucksvoll ihren eigenst\u00e4ndigen und modernen Mix aus Ethereal Wave, Dream Pop und klassischen Postpunk\/Cold Wave. In ihrem brillanten Video verkn\u00fcpfen sie diesen Sound mit eindrucksvollen Bildern, einer stringenten fesselnden Story und einem \u00fcberraschenden Ende<\/p>\n<div id=\"attachment_2567\" style=\"width: 1973px\" class=\"wp-caption alignnone\"><a href=\"http:\/\/owls-n-bats.net\/wp-content\/uploads\/2023\/05\/SBR-OKO-Promo-Band.jpg\"><img aria-describedby=\"caption-attachment-2567\" loading=\"lazy\" class=\"size-full wp-image-2567\" src=\"http:\/\/owls-n-bats.net\/wp-content\/uploads\/2023\/05\/SBR-OKO-Promo-Band.jpg\" alt=\"\" width=\"1963\" height=\"1232\" srcset=\"https:\/\/owls-n-bats.net\/wp-content\/uploads\/2023\/05\/SBR-OKO-Promo-Band.jpg 1963w, https:\/\/owls-n-bats.net\/wp-content\/uploads\/2023\/05\/SBR-OKO-Promo-Band-300x188.jpg 300w, https:\/\/owls-n-bats.net\/wp-content\/uploads\/2023\/05\/SBR-OKO-Promo-Band-1024x643.jpg 1024w, https:\/\/owls-n-bats.net\/wp-content\/uploads\/2023\/05\/SBR-OKO-Promo-Band-768x482.jpg 768w, https:\/\/owls-n-bats.net\/wp-content\/uploads\/2023\/05\/SBR-OKO-Promo-Band-1536x964.jpg 1536w, https:\/\/owls-n-bats.net\/wp-content\/uploads\/2023\/05\/SBR-OKO-Promo-Band-478x300.jpg 478w\" sizes=\"(max-width: 1963px) 100vw, 1963px\" \/><\/a><p id=\"caption-attachment-2567\" class=\"wp-caption-text\">SAIGON BLUE RAIN<\/p><\/div>\n<p><span style=\"color: #ff99cc;\"><a style=\"color: #ff99cc;\" href=\"#top\">back to top<\/a><\/span><\/p>\n<p><span style=\"color: #ff99cc;\"><a id=\"bedless\" style=\"color: #ff99cc;\"><\/a><strong>BEDLESS BONES<\/strong><\/span><br \/>\n<span style=\"color: #ff99cc;\"><a style=\"color: #ff99cc;\" href=\"https:\/\/bedlessbones.bandcamp.com\" target=\"_blank\" rel=\"noopener\">https:\/\/bedlessbones.bandcamp.com<\/a><\/span><\/p>\n<p>BEDLESS BONES &#8211; Kadri Sammel ist eine absolut spannende und beeindruckende Songschreiberin, Multiinstrumentalistin und Produzentin aus Tallinn, Estland. Ein kreatives B\u00fcndel aus Energie und Wagnis. Live experimentieren BEDLESS BONES mit unterschiedlichen Genres aus Dark Wave, EBM, TechnoBeats und Industrial Sounds.<\/p>\n<p>I belong to the future I hail from the past<\/p>\n<p>Das Debut Album \u201eSublime Malaise\u201c erschien 2019 via Cold Transmission Music. 2021 folgte dann das grandiose vielschichtige melancholische und mystische Album \u201eBending the Iron Bough\u201c.<\/p>\n<div id=\"attachment_2566\" style=\"width: 2570px\" class=\"wp-caption alignnone\"><a href=\"http:\/\/owls-n-bats.net\/wp-content\/uploads\/2023\/05\/BedlessBones_copyright_IMG_1_Taavi-Luhamaa089-Edit-scaled.jpg\"><img aria-describedby=\"caption-attachment-2566\" loading=\"lazy\" class=\"size-full wp-image-2566\" src=\"http:\/\/owls-n-bats.net\/wp-content\/uploads\/2023\/05\/BedlessBones_copyright_IMG_1_Taavi-Luhamaa089-Edit-scaled.jpg\" alt=\"\" width=\"2560\" height=\"1707\" srcset=\"https:\/\/owls-n-bats.net\/wp-content\/uploads\/2023\/05\/BedlessBones_copyright_IMG_1_Taavi-Luhamaa089-Edit-scaled.jpg 2560w, https:\/\/owls-n-bats.net\/wp-content\/uploads\/2023\/05\/BedlessBones_copyright_IMG_1_Taavi-Luhamaa089-Edit-300x200.jpg 300w, https:\/\/owls-n-bats.net\/wp-content\/uploads\/2023\/05\/BedlessBones_copyright_IMG_1_Taavi-Luhamaa089-Edit-1024x683.jpg 1024w, https:\/\/owls-n-bats.net\/wp-content\/uploads\/2023\/05\/BedlessBones_copyright_IMG_1_Taavi-Luhamaa089-Edit-768x512.jpg 768w, https:\/\/owls-n-bats.net\/wp-content\/uploads\/2023\/05\/BedlessBones_copyright_IMG_1_Taavi-Luhamaa089-Edit-1536x1024.jpg 1536w, https:\/\/owls-n-bats.net\/wp-content\/uploads\/2023\/05\/BedlessBones_copyright_IMG_1_Taavi-Luhamaa089-Edit-2048x1365.jpg 2048w, https:\/\/owls-n-bats.net\/wp-content\/uploads\/2023\/05\/BedlessBones_copyright_IMG_1_Taavi-Luhamaa089-Edit-450x300.jpg 450w\" sizes=\"(max-width: 2560px) 100vw, 2560px\" \/><\/a><p id=\"caption-attachment-2566\" class=\"wp-caption-text\">BEDLESS BONES<\/p><\/div>\n<p><span style=\"color: #ff99cc;\"><a style=\"color: #ff99cc;\" href=\"#top\">back to top<\/a><\/span><\/p>\n<p><span style=\"color: #ff99cc;\"><a id=\"apes\" style=\"color: #ff99cc;\"><\/a><strong>GOLDEN APES<\/strong><\/span><br \/>\n<span style=\"color: #ff99cc;\"><a style=\"color: #ff99cc;\" href=\"http:\/\/goldenapes.com\" target=\"_blank\" rel=\"noopener\">http:\/\/goldenapes.com<\/a><\/span><\/p>\n<p>GOLDEN APES k\u00f6nnen mittlerweile auf eine 10 Alben umfassende Discographie zur\u00fcck blicken das aktuelle Album &#8222;Kasbek&#8220; (Icy Cold Rec.) war 2 Monate in den Top Ten der DAC Charts.<br \/>\nSie haben ganz Europa bespielt u.a. mit She Past Away, And Also The Trees, Actors, Pink Turns Blue, Then Comes Silence, Clan of Xymox, Chameleon Vox, A Projection, Motorama, Whispering Sons. Sie waren zu Gast auf dem WGT in Leipzig, in Bolkow auf den Castle Party Fest in Polen und auch schon auf dem NCN in Deutzen, sie veranstalten als Band seit 2010 das Dark Spring Festival in Berlin, und grade sind sie von ihrer ersten USA-Tour zur\u00fcck.<\/p>\n<p><a href=\"http:\/\/owls-n-bats.net\/wp-content\/uploads\/2023\/06\/GoldenApes-scaled.jpeg\"><img loading=\"lazy\" class=\"alignnone wp-image-2595 size-full\" src=\"http:\/\/owls-n-bats.net\/wp-content\/uploads\/2023\/06\/GoldenApes-scaled.jpeg\" alt=\"\" width=\"2560\" height=\"1798\" srcset=\"https:\/\/owls-n-bats.net\/wp-content\/uploads\/2023\/06\/GoldenApes-scaled.jpeg 2560w, https:\/\/owls-n-bats.net\/wp-content\/uploads\/2023\/06\/GoldenApes-300x211.jpeg 300w, https:\/\/owls-n-bats.net\/wp-content\/uploads\/2023\/06\/GoldenApes-1024x719.jpeg 1024w, https:\/\/owls-n-bats.net\/wp-content\/uploads\/2023\/06\/GoldenApes-768x539.jpeg 768w, https:\/\/owls-n-bats.net\/wp-content\/uploads\/2023\/06\/GoldenApes-1536x1079.jpeg 1536w, https:\/\/owls-n-bats.net\/wp-content\/uploads\/2023\/06\/GoldenApes-2048x1439.jpeg 2048w, https:\/\/owls-n-bats.net\/wp-content\/uploads\/2023\/06\/GoldenApes-427x300.jpeg 427w\" sizes=\"(max-width: 2560px) 100vw, 2560px\" \/><\/a><\/p>\n<p><span style=\"color: #ff99cc;\"><a style=\"color: #ff99cc;\" href=\"#top\">back to top<\/a><\/span><\/p>\n<p><span style=\"color: #ff99cc;\"><a id=\"delta\" style=\"color: #ff99cc;\"><\/a><strong>DELTA KOMPLEX<\/strong><\/span><br \/>\n<span style=\"color: #ff99cc;\"><a style=\"color: #ff99cc;\" href=\"https:\/\/deltakomplex.bandcamp.com\" target=\"_blank\" rel=\"noopener\">https:\/\/deltakomplex.bandcamp.com<\/a><\/span><\/p>\n<p>DELTA KOMPLEX &#8211; die Newcomer-Band aus Darmstadt. Mit ihrer eigenen Mischung aus Cold\/Dark-Synth-Wave ist das Trio mega hitverd\u00e4chtig und auch live absolut sehenswert. Das Deb\u00fct-Album \u201eVeils\u201c schlug bereits hohe Wellen in der Szene und noch ist die Band ein Geheimtipp.<\/p>\n<p>&#8211; The sound of Delta Komplex unfolds us in layers of veils and pulls us into contradictory emotional worlds in which we sadly dance around between 80s Synth-Pop Elements, classic Dark Wave and obvious Post-Punk influences. With an intriguing and truly romantic goth singer with siousxielikey influences, a guitarist inspired by the sounds of early NDW and Punk Bands and a composer who blends analogue sounds with modern synth elements to complex compositions which are hardly to reference<\/p>\n<div id=\"attachment_2568\" style=\"width: 1084px\" class=\"wp-caption alignnone\"><a href=\"http:\/\/owls-n-bats.net\/wp-content\/uploads\/2023\/05\/DeltaKomplex_page3image53650160.png\"><img aria-describedby=\"caption-attachment-2568\" loading=\"lazy\" class=\"size-full wp-image-2568\" src=\"http:\/\/owls-n-bats.net\/wp-content\/uploads\/2023\/05\/DeltaKomplex_page3image53650160.png\" alt=\"\" width=\"1074\" height=\"745\" srcset=\"https:\/\/owls-n-bats.net\/wp-content\/uploads\/2023\/05\/DeltaKomplex_page3image53650160.png 1074w, https:\/\/owls-n-bats.net\/wp-content\/uploads\/2023\/05\/DeltaKomplex_page3image53650160-300x208.png 300w, https:\/\/owls-n-bats.net\/wp-content\/uploads\/2023\/05\/DeltaKomplex_page3image53650160-1024x710.png 1024w, https:\/\/owls-n-bats.net\/wp-content\/uploads\/2023\/05\/DeltaKomplex_page3image53650160-768x533.png 768w, https:\/\/owls-n-bats.net\/wp-content\/uploads\/2023\/05\/DeltaKomplex_page3image53650160-432x300.png 432w\" sizes=\"(max-width: 1074px) 100vw, 1074px\" \/><\/a><p id=\"caption-attachment-2568\" class=\"wp-caption-text\">DELTA KOMPLEX<\/p><\/div>\n<p><span style=\"color: #ff99cc;\"><a style=\"color: #ff99cc;\" href=\"#top\">back to top<\/a><\/span><\/p>\n<p><span style=\"color: #ff99cc;\"><a id=\"reptyle\" style=\"color: #ff99cc;\"><\/a><strong>REPTYLE<\/strong><\/span><br \/>\n<span style=\"color: #ff99cc;\"><a style=\"color: #ff99cc;\" href=\"http:\/\/www.reptyle.de\" target=\"_blank\" rel=\"noopener\">http:\/\/www.reptyle.de<\/a><\/span><\/p>\n<p>REPTYLE -\u201eUnerm\u00fcdlich, unbeugsam, unersch\u00fctterlich\u201e (Thomas Thyssen)<br \/>\nDie Bielefelder Gothrock-Band geh\u00f6rt zu den Pionieren der deutschen Gothic-Rock Szene. Mit ihrem neuen S\u00e4nger Kai Roarside haben sich einem Relaunch unterzogen, um ein neues Kapitel in der mittlerweile 21 j\u00e4hrigen Bandgeschichte aufzuschlagen. Ihr aktuelles viertes Album \u201eDecrypt the Void\u201c ist bei Equinoxe Records als limitiertes Vinyl erschienen. Im November 2022 folgte zus\u00e4tzlich ein CD Release \u00fcber das franz\u00f6sische Label Icy Cold Records.<\/p>\n<div id=\"attachment_2571\" style=\"width: 2570px\" class=\"wp-caption alignnone\"><a href=\"http:\/\/owls-n-bats.net\/wp-content\/uploads\/2023\/05\/Reptyle_live_green-scaled.jpg\"><img aria-describedby=\"caption-attachment-2571\" loading=\"lazy\" class=\"size-full wp-image-2571\" src=\"http:\/\/owls-n-bats.net\/wp-content\/uploads\/2023\/05\/Reptyle_live_green-scaled.jpg\" alt=\"\" width=\"2560\" height=\"1708\" srcset=\"https:\/\/owls-n-bats.net\/wp-content\/uploads\/2023\/05\/Reptyle_live_green-scaled.jpg 2560w, https:\/\/owls-n-bats.net\/wp-content\/uploads\/2023\/05\/Reptyle_live_green-300x200.jpg 300w, https:\/\/owls-n-bats.net\/wp-content\/uploads\/2023\/05\/Reptyle_live_green-1024x683.jpg 1024w, https:\/\/owls-n-bats.net\/wp-content\/uploads\/2023\/05\/Reptyle_live_green-768x512.jpg 768w, https:\/\/owls-n-bats.net\/wp-content\/uploads\/2023\/05\/Reptyle_live_green-1536x1025.jpg 1536w, https:\/\/owls-n-bats.net\/wp-content\/uploads\/2023\/05\/Reptyle_live_green-2048x1366.jpg 2048w, https:\/\/owls-n-bats.net\/wp-content\/uploads\/2023\/05\/Reptyle_live_green-450x300.jpg 450w\" sizes=\"(max-width: 2560px) 100vw, 2560px\" \/><\/a><p id=\"caption-attachment-2571\" class=\"wp-caption-text\">REPTYLE<\/p><\/div>\n<p><span style=\"color: #ff99cc;\"><a style=\"color: #ff99cc;\" href=\"#top\">back to top<\/a><\/span><\/p>\n","protected":false},"excerpt":{"rendered":"<p>JE T&#8217;AIME http:\/\/www.jetaime-music.com JE T\u2019AIME das Postpunk Trio aus Paris, der Stadt der Liebe. Die Band ist live der absolute Hammer und spielt einen abwechslungsreichen Mix aus Post-punk, Cold und New Wave. Die vielf\u00e4ltigen Einfl\u00fcsse aus den Achtzigern werden gekonnt &hellip; <a href=\"https:\/\/owls-n-bats.net\/?page_id=2565\">Weiterlesen <span class=\"meta-nav\">&rarr;<\/span><\/a><\/p>\n","protected":false},"author":1,"featured_media":0,"parent":0,"menu_order":0,"comment_status":"closed","ping_status":"closed","template":"","meta":[],"_links":{"self":[{"href":"https:\/\/owls-n-bats.net\/index.php?rest_route=\/wp\/v2\/pages\/2565"}],"collection":[{"href":"https:\/\/owls-n-bats.net\/index.php?rest_route=\/wp\/v2\/pages"}],"about":[{"href":"https:\/\/owls-n-bats.net\/index.php?rest_route=\/wp\/v2\/types\/page"}],"author":[{"embeddable":true,"href":"https:\/\/owls-n-bats.net\/index.php?rest_route=\/wp\/v2\/users\/1"}],"replies":[{"embeddable":true,"href":"https:\/\/owls-n-bats.net\/index.php?rest_route=%2Fwp%2Fv2%2Fcomments&post=2565"}],"version-history":[{"count":9,"href":"https:\/\/owls-n-bats.net\/index.php?rest_route=\/wp\/v2\/pages\/2565\/revisions"}],"predecessor-version":[{"id":2596,"href":"https:\/\/owls-n-bats.net\/index.php?rest_route=\/wp\/v2\/pages\/2565\/revisions\/2596"}],"wp:attachment":[{"href":"https:\/\/owls-n-bats.net\/index.php?rest_route=%2Fwp%2Fv2%2Fmedia&parent=2565"}],"curies":[{"name":"wp","href":"https:\/\/api.w.org\/{rel}","templated":true}]}}