{"id":2426,"date":"2022-10-24T11:48:04","date_gmt":"2022-10-24T11:48:04","guid":{"rendered":"https:\/\/owls-n-bats.net\/?page_id=2426"},"modified":"2022-12-21T17:17:29","modified_gmt":"2022-12-21T17:17:29","slug":"line-up-winterfest-2023","status":"publish","type":"page","link":"https:\/\/owls-n-bats.net\/?page_id=2426","title":{"rendered":"Line-Up Winterfest 2023"},"content":{"rendered":"\n<figure class=\"wp-block-gallery columns-5 is-cropped\"><ul class=\"blocks-gallery-grid\"><li class=\"blocks-gallery-item\"><figure><img loading=\"lazy\" width=\"1024\" height=\"683\" src=\"http:\/\/owls-n-bats.net\/wp-content\/uploads\/2022\/12\/Sjoeblom-1024x683.jpg\" alt=\"\" data-id=\"2458\" data-full-url=\"http:\/\/owls-n-bats.net\/wp-content\/uploads\/2022\/12\/Sjoeblom.jpg\" data-link=\"https:\/\/owls-n-bats.net\/?attachment_id=2458\" class=\"wp-image-2458\" srcset=\"https:\/\/owls-n-bats.net\/wp-content\/uploads\/2022\/12\/Sjoeblom-1024x683.jpg 1024w, https:\/\/owls-n-bats.net\/wp-content\/uploads\/2022\/12\/Sjoeblom-300x200.jpg 300w, https:\/\/owls-n-bats.net\/wp-content\/uploads\/2022\/12\/Sjoeblom-768x512.jpg 768w, https:\/\/owls-n-bats.net\/wp-content\/uploads\/2022\/12\/Sjoeblom-1536x1024.jpg 1536w, https:\/\/owls-n-bats.net\/wp-content\/uploads\/2022\/12\/Sjoeblom-450x300.jpg 450w, https:\/\/owls-n-bats.net\/wp-content\/uploads\/2022\/12\/Sjoeblom.jpg 1920w\" sizes=\"(max-width: 1024px) 100vw, 1024px\" \/><\/figure><\/li><li class=\"blocks-gallery-item\"><figure><img loading=\"lazy\" width=\"1024\" height=\"687\" src=\"http:\/\/owls-n-bats.net\/wp-content\/uploads\/2022\/12\/psyche-2-1024x687.jpeg\" alt=\"\" data-id=\"2457\" data-full-url=\"http:\/\/owls-n-bats.net\/wp-content\/uploads\/2022\/12\/psyche-2.jpeg\" data-link=\"https:\/\/owls-n-bats.net\/?attachment_id=2457\" class=\"wp-image-2457\" srcset=\"https:\/\/owls-n-bats.net\/wp-content\/uploads\/2022\/12\/psyche-2-1024x687.jpeg 1024w, https:\/\/owls-n-bats.net\/wp-content\/uploads\/2022\/12\/psyche-2-300x201.jpeg 300w, https:\/\/owls-n-bats.net\/wp-content\/uploads\/2022\/12\/psyche-2-768x515.jpeg 768w, https:\/\/owls-n-bats.net\/wp-content\/uploads\/2022\/12\/psyche-2-447x300.jpeg 447w, https:\/\/owls-n-bats.net\/wp-content\/uploads\/2022\/12\/psyche-2.jpeg 1348w\" sizes=\"(max-width: 1024px) 100vw, 1024px\" \/><\/figure><\/li><li class=\"blocks-gallery-item\"><figure><img loading=\"lazy\" width=\"1024\" height=\"683\" src=\"http:\/\/owls-n-bats.net\/wp-content\/uploads\/2022\/12\/suir.jpg\" alt=\"\" data-id=\"2459\" data-full-url=\"http:\/\/owls-n-bats.net\/wp-content\/uploads\/2022\/12\/suir.jpg\" data-link=\"https:\/\/owls-n-bats.net\/?attachment_id=2459\" class=\"wp-image-2459\" srcset=\"https:\/\/owls-n-bats.net\/wp-content\/uploads\/2022\/12\/suir.jpg 1024w, https:\/\/owls-n-bats.net\/wp-content\/uploads\/2022\/12\/suir-300x200.jpg 300w, https:\/\/owls-n-bats.net\/wp-content\/uploads\/2022\/12\/suir-768x512.jpg 768w, https:\/\/owls-n-bats.net\/wp-content\/uploads\/2022\/12\/suir-450x300.jpg 450w\" sizes=\"(max-width: 1024px) 100vw, 1024px\" \/><\/figure><\/li><li class=\"blocks-gallery-item\"><figure><img loading=\"lazy\" width=\"1024\" height=\"682\" src=\"http:\/\/owls-n-bats.net\/wp-content\/uploads\/2022\/12\/AuxAnimaux.jpg\" alt=\"\" data-id=\"2455\" data-full-url=\"http:\/\/owls-n-bats.net\/wp-content\/uploads\/2022\/12\/AuxAnimaux.jpg\" data-link=\"https:\/\/owls-n-bats.net\/?attachment_id=2455\" class=\"wp-image-2455\" srcset=\"https:\/\/owls-n-bats.net\/wp-content\/uploads\/2022\/12\/AuxAnimaux.jpg 1024w, https:\/\/owls-n-bats.net\/wp-content\/uploads\/2022\/12\/AuxAnimaux-300x200.jpg 300w, https:\/\/owls-n-bats.net\/wp-content\/uploads\/2022\/12\/AuxAnimaux-768x512.jpg 768w, https:\/\/owls-n-bats.net\/wp-content\/uploads\/2022\/12\/AuxAnimaux-450x300.jpg 450w\" sizes=\"(max-width: 1024px) 100vw, 1024px\" \/><\/figure><\/li><li class=\"blocks-gallery-item\"><figure><img loading=\"lazy\" width=\"1024\" height=\"680\" src=\"http:\/\/owls-n-bats.net\/wp-content\/uploads\/2022\/12\/PhileasFogg-2.jpeg\" alt=\"\" data-id=\"2456\" data-full-url=\"http:\/\/owls-n-bats.net\/wp-content\/uploads\/2022\/12\/PhileasFogg-2.jpeg\" data-link=\"https:\/\/owls-n-bats.net\/?attachment_id=2456\" class=\"wp-image-2456\" srcset=\"https:\/\/owls-n-bats.net\/wp-content\/uploads\/2022\/12\/PhileasFogg-2.jpeg 1024w, https:\/\/owls-n-bats.net\/wp-content\/uploads\/2022\/12\/PhileasFogg-2-300x199.jpeg 300w, https:\/\/owls-n-bats.net\/wp-content\/uploads\/2022\/12\/PhileasFogg-2-768x510.jpeg 768w, https:\/\/owls-n-bats.net\/wp-content\/uploads\/2022\/12\/PhileasFogg-2-452x300.jpeg 452w\" sizes=\"(max-width: 1024px) 100vw, 1024px\" \/><\/figure><\/li><\/ul><\/figure>\n\n\n\n<figure class=\"wp-block-image size-large\"><a href=\"http:\/\/owls-n-bats.net\/wp-content\/uploads\/2022\/12\/Sjoeblom.jpg\"><img loading=\"lazy\" width=\"1024\" height=\"683\" src=\"http:\/\/owls-n-bats.net\/wp-content\/uploads\/2022\/12\/Sjoeblom-1024x683.jpg\" alt=\"\" class=\"wp-image-2458\" srcset=\"https:\/\/owls-n-bats.net\/wp-content\/uploads\/2022\/12\/Sjoeblom-1024x683.jpg 1024w, https:\/\/owls-n-bats.net\/wp-content\/uploads\/2022\/12\/Sjoeblom-300x200.jpg 300w, https:\/\/owls-n-bats.net\/wp-content\/uploads\/2022\/12\/Sjoeblom-768x512.jpg 768w, https:\/\/owls-n-bats.net\/wp-content\/uploads\/2022\/12\/Sjoeblom-1536x1024.jpg 1536w, https:\/\/owls-n-bats.net\/wp-content\/uploads\/2022\/12\/Sjoeblom-450x300.jpg 450w, https:\/\/owls-n-bats.net\/wp-content\/uploads\/2022\/12\/Sjoeblom.jpg 1920w\" sizes=\"(max-width: 1024px) 100vw, 1024px\" \/><\/a><\/figure>\n\n\n<p><strong>Sj\u00f6blom &#8211;\u00a0<\/strong>ist das Soloprojekt von Johan Sj\u00f6blom, dem S\u00e4nger der schwedischen Postpunk Band \u201eThe Exploding Boy\u201c. Auf seinem zweiten aktuellen Album \u201eDemons\u201c spielt er einen melodischen und dynamischen Mix aus Synthwave und modernem Postpunk. Die Songs sind tolle Hymnen, spannend komponiert und arrangiert mit treibenden Rhythmen, die Dich auf eine nostalgische Zeitreise in deine Jugend mitnehmen und Dich tanzen und singen lassen.\u00a0<a href=\"https:\/\/www.facebook.com\/sjoblomofficial\" target=\"_blank\" rel=\"noopener\">https:\/\/www.facebook.com\/sjoblomofficial<\/a><br \/><!-- \/wp:paragraph --><\/p>\n<p><!-- wp:image {\"id\":2457,\"sizeSlug\":\"large\",\"linkDestination\":\"media\"} --><\/p>\n<figure class=\"wp-block-image size-large\"><a href=\"http:\/\/owls-n-bats.net\/wp-content\/uploads\/2022\/12\/psyche-2.jpeg\"><img loading=\"lazy\" width=\"1024\" height=\"687\" class=\"wp-image-2457\" src=\"http:\/\/owls-n-bats.net\/wp-content\/uploads\/2022\/12\/psyche-2-1024x687.jpeg\" alt=\"\" srcset=\"https:\/\/owls-n-bats.net\/wp-content\/uploads\/2022\/12\/psyche-2-1024x687.jpeg 1024w, https:\/\/owls-n-bats.net\/wp-content\/uploads\/2022\/12\/psyche-2-300x201.jpeg 300w, https:\/\/owls-n-bats.net\/wp-content\/uploads\/2022\/12\/psyche-2-768x515.jpeg 768w, https:\/\/owls-n-bats.net\/wp-content\/uploads\/2022\/12\/psyche-2-447x300.jpeg 447w, https:\/\/owls-n-bats.net\/wp-content\/uploads\/2022\/12\/psyche-2.jpeg 1348w\" sizes=\"(max-width: 1024px) 100vw, 1024px\" \/><\/a><\/figure>\n<p><!-- \/wp:image --><\/p>\n<p><!-- wp:paragraph --><\/p>\n<p><strong>Psyche &#8211;\u00a0<\/strong>je nachdem, welchen Song man gerade h\u00f6rt, sind sie entweder das ultimative Indie-Synth-Pop-Duo \u2013 oder Dark-Electronic-Wave-Pioniere. Genre- unabh\u00e4ngig schaffen Psyche Musik, die dramatische und emotionale Texte mit dunklen atmosph\u00e4rischen Klanglandschaften und Beats verbindet.<br \/>In den fr\u00fchen Achtzigern etablieren sich Psyche vor allem mit Songs wie dem Dauerbrenner \u201eUnveiling The Secret\u201c (auch im Programm von DJs wie Miss Kittin, Joris Voorn, Sven V\u00e4th), \u201eEternal\u201c und \u201eMisery\u201c in der Indie und Electro Szene. In den Neunzigern erweitern sie ihr Publikum erheblich durch den Toursupport von Anne Clark, den Hits \u201eAngel Lies Sleeping\u201c, \u201eTears\u201c, \u201eMurder In Your Love\u201c und ihrer Cover- Version von Q Lazzarus\u2018 \u201eGoodbye Horses\u201c aus dem Film \u201eDas Schweigen Der L\u00e4mmer\u201c.<br \/>Mit dem Song \u201eSanctuary\u201c und den Alben \u201eA Hiding Place\u201c, \u201eBabylon Deluxe\u201c und \u201eThe 11th Hour\u201c (5 Wochen Platz 1 der DAC) beigeistern Psyche zu Beginn des neuen Jahrtausend auch die j\u00fcngere Generation.<br \/>Psyche sind au\u00dfer in ihrem urspr\u00fcnglichen Heimatland Kanada bereits in Australien, S\u00fcdafrika, Neuseeland, Deutschland, der Schweiz, Belgien, Frankreich, Polen, Spanien, Italien, Griechenland, Mexiko, Bulgarien und ganz Skandinavien aufgetreten<br \/><a href=\"https:\/\/psyche-hq.de\/\" target=\"_blank\" rel=\"noopener\">https:\/\/psyche-hq.de\/<\/a><\/p>\n<p><!-- wp:image {\"id\":2459,\"sizeSlug\":\"full\",\"linkDestination\":\"media\"} --><\/p>\n<figure class=\"wp-block-image size-full\"><a href=\"http:\/\/owls-n-bats.net\/wp-content\/uploads\/2022\/12\/suir.jpg\"><img loading=\"lazy\" width=\"1024\" height=\"683\" class=\"wp-image-2459\" src=\"http:\/\/owls-n-bats.net\/wp-content\/uploads\/2022\/12\/suir.jpg\" alt=\"\" srcset=\"https:\/\/owls-n-bats.net\/wp-content\/uploads\/2022\/12\/suir.jpg 1024w, https:\/\/owls-n-bats.net\/wp-content\/uploads\/2022\/12\/suir-300x200.jpg 300w, https:\/\/owls-n-bats.net\/wp-content\/uploads\/2022\/12\/suir-768x512.jpg 768w, https:\/\/owls-n-bats.net\/wp-content\/uploads\/2022\/12\/suir-450x300.jpg 450w\" sizes=\"(max-width: 1024px) 100vw, 1024px\" \/><\/a><\/figure>\n<p><!-- \/wp:image --><\/p>\n<p><!-- wp:paragraph --><\/p>\n<p><strong>SUIR\u00a0<\/strong>&#8211; das K\u00f6lner Duo um Denis Wanic (Gitarre \/ Gesang) und Lucia Seiss (Synths \/ Gitarre \/ Bass) haben mit ihren beiden Alben \u201eAter\u201c und \u201eSoma\u201c (V\u00d6 Black Verb Records \/ Manic Depression Records) ihren eigenen cineastischen Kosmos aus atmosph\u00e4rischen und komplexen Wall of Sounds kreiert, die einen unwiederbringlich in einen Strudel aus dunklen und intensiven Wachtr\u00e4umen ziehen.<br \/>Mit ihrem aktuellen Album \u201eNot All Of Your Pain Is Self Chosen\u201c loten sie die dunklen Seiten von Post-Punk und Shoegaze aus. Die Lyrics treten deutlicher in den Vordergrund und pr\u00e4sentieren einen tiefen pers\u00f6nlichen Einblick in die Gedanken des Duos. Denis Wanics gereifter Gesang spiegelt wider, dass die Band ihren Sound und ihre Stimme gefunden hat &#8211; wortw\u00f6rtlich und sprichw\u00f6rtlich.<br \/><a href=\"https:\/\/www.facebook.com\/suirMusic\" target=\"_blank\" rel=\"noopener\">https:\/\/www.facebook.com\/suirMusic<\/a><\/p>\n<p><!-- \/wp:paragraph --><\/p>\n<p><!-- wp:image {\"id\":2455,\"sizeSlug\":\"full\",\"linkDestination\":\"media\"} --><\/p>\n<figure class=\"wp-block-image size-full\"><a href=\"http:\/\/owls-n-bats.net\/wp-content\/uploads\/2022\/12\/AuxAnimaux.jpg\"><img loading=\"lazy\" width=\"1024\" height=\"682\" class=\"wp-image-2455\" src=\"http:\/\/owls-n-bats.net\/wp-content\/uploads\/2022\/12\/AuxAnimaux.jpg\" alt=\"\" srcset=\"https:\/\/owls-n-bats.net\/wp-content\/uploads\/2022\/12\/AuxAnimaux.jpg 1024w, https:\/\/owls-n-bats.net\/wp-content\/uploads\/2022\/12\/AuxAnimaux-300x200.jpg 300w, https:\/\/owls-n-bats.net\/wp-content\/uploads\/2022\/12\/AuxAnimaux-768x512.jpg 768w, https:\/\/owls-n-bats.net\/wp-content\/uploads\/2022\/12\/AuxAnimaux-450x300.jpg 450w\" sizes=\"(max-width: 1024px) 100vw, 1024px\" \/><\/a><\/figure>\n<p><!-- \/wp:image --><\/p>\n<p><strong>Aux Animaux<\/strong> &#8211; die \u201eHauntwave\u201c K\u00fcnstlerin G\u00f6zde Duzer kommt aus dem k\u00fcnstlerischen Dunstkreis rund um den angesagten Klubb D\u00f6d in Stockholm \/ Schweden. Ihre Songs umgeben eine mysteri\u00f6se Aura aus Horrorelementen, dunklen Synth-Tunes und dystopischen Sounds, untermalt von ihrem Theremin und gehauchten magischen Vocals.<br \/>Von ihrem aktuellen Album \u201eHauntology\u201c gab es bereits vorab den Track und Video \u201eHaunted\u201c.<br \/><a href=\"https:\/\/www.facebook.com\/auxanimaux\" target=\"_blank\" rel=\"noopener\">https:\/\/www.facebook.com\/auxanimaux<\/a><\/p>\n<p><!-- \/wp:paragraph --><\/p>\n<p><!-- wp:image {\"id\":2456,\"sizeSlug\":\"full\",\"linkDestination\":\"media\"} --><\/p>\n<figure class=\"wp-block-image size-full\"><a href=\"http:\/\/owls-n-bats.net\/wp-content\/uploads\/2022\/12\/PhileasFogg-2.jpeg\"><img loading=\"lazy\" width=\"1024\" height=\"680\" class=\"wp-image-2456\" src=\"http:\/\/owls-n-bats.net\/wp-content\/uploads\/2022\/12\/PhileasFogg-2.jpeg\" alt=\"\" srcset=\"https:\/\/owls-n-bats.net\/wp-content\/uploads\/2022\/12\/PhileasFogg-2.jpeg 1024w, https:\/\/owls-n-bats.net\/wp-content\/uploads\/2022\/12\/PhileasFogg-2-300x199.jpeg 300w, https:\/\/owls-n-bats.net\/wp-content\/uploads\/2022\/12\/PhileasFogg-2-768x510.jpeg 768w, https:\/\/owls-n-bats.net\/wp-content\/uploads\/2022\/12\/PhileasFogg-2-452x300.jpeg 452w\" sizes=\"(max-width: 1024px) 100vw, 1024px\" \/><\/a><\/figure>\n<p><!-- \/wp:image --><\/p>\n<p><!-- wp:paragraph --><br \/><strong>Phileas Fogg<\/strong> &#8211; das Albumdeb\u00fct \u201eKopf, Unten\u201c der Stuttgarter Formation \u00a0bietet<br \/>einen h\u00f6chst \u00fcberzeugenden Mix aus Post Punk, Dark Wave und Electro.<br \/>2016 gegr\u00fcndet, pr\u00e4sentieren die drei Stuttgarter nun endlich ihr Deb\u00fctalbum. Benannt nach der gleichnamigen Romanfigur aus dem JULES-VERNE-Roman \u201eIn Achtzig Tagen Um Die Welt\u201c, laden PHILEAS FOGG zu einer spannenden musikalischen Reise durch ihre d\u00fcster gehaltenen, elektronisch infizierten Klangwelten ein. Gepr\u00e4gt von dringlichen Gitarrenkl\u00e4ngen, treibenden Bassl\u00e4ufen und massiven Beats fusionieren hierauf Post Punk, Dark Wave und Electro in Kombination mit zumeist pers\u00f6nlich gehaltenen deutschen Texten zu einer kraftvoll homogenen Einheit, die gleichsam Kopf und K\u00f6rper anspricht.<br \/><a href=\"http:\/\/www.phileasfoggband.de\" target=\"_blank\" rel=\"noopener\">http:\/\/www.phileasfoggband.de<\/a><br \/><!-- \/wp:paragraph --><\/p>","protected":false},"excerpt":{"rendered":"<p>Sj\u00f6blom &#8211;\u00a0ist das Soloprojekt von Johan Sj\u00f6blom, dem S\u00e4nger der schwedischen Postpunk Band \u201eThe Exploding Boy\u201c. Auf seinem zweiten aktuellen Album \u201eDemons\u201c spielt er einen melodischen und dynamischen Mix aus Synthwave und modernem Postpunk. Die Songs sind tolle Hymnen, spannend &hellip; <a href=\"https:\/\/owls-n-bats.net\/?page_id=2426\">Weiterlesen <span class=\"meta-nav\">&rarr;<\/span><\/a><\/p>\n","protected":false},"author":1,"featured_media":0,"parent":0,"menu_order":0,"comment_status":"closed","ping_status":"closed","template":"","meta":[],"_links":{"self":[{"href":"https:\/\/owls-n-bats.net\/index.php?rest_route=\/wp\/v2\/pages\/2426"}],"collection":[{"href":"https:\/\/owls-n-bats.net\/index.php?rest_route=\/wp\/v2\/pages"}],"about":[{"href":"https:\/\/owls-n-bats.net\/index.php?rest_route=\/wp\/v2\/types\/page"}],"author":[{"embeddable":true,"href":"https:\/\/owls-n-bats.net\/index.php?rest_route=\/wp\/v2\/users\/1"}],"replies":[{"embeddable":true,"href":"https:\/\/owls-n-bats.net\/index.php?rest_route=%2Fwp%2Fv2%2Fcomments&post=2426"}],"version-history":[{"count":16,"href":"https:\/\/owls-n-bats.net\/index.php?rest_route=\/wp\/v2\/pages\/2426\/revisions"}],"predecessor-version":[{"id":2475,"href":"https:\/\/owls-n-bats.net\/index.php?rest_route=\/wp\/v2\/pages\/2426\/revisions\/2475"}],"wp:attachment":[{"href":"https:\/\/owls-n-bats.net\/index.php?rest_route=%2Fwp%2Fv2%2Fmedia&parent=2426"}],"curies":[{"name":"wp","href":"https:\/\/api.w.org\/{rel}","templated":true}]}}