{"id":2270,"date":"2022-04-25T18:34:04","date_gmt":"2022-04-25T18:34:04","guid":{"rendered":"https:\/\/owls-n-bats.net\/?page_id=2270"},"modified":"2022-07-01T13:07:58","modified_gmt":"2022-07-01T13:07:58","slug":"line-up-2022","status":"publish","type":"page","link":"https:\/\/owls-n-bats.net\/?page_id=2270","title":{"rendered":"Line-Up 2022"},"content":{"rendered":"\n<figure class=\"wp-block-image size-full\"><a href=\"https:\/\/owls-n-bats.net\/wp-content\/uploads\/2022\/04\/AProjection1000.jpg\"><img loading=\"lazy\" width=\"1000\" height=\"668\" src=\"https:\/\/owls-n-bats.net\/wp-content\/uploads\/2022\/04\/AProjection1000.jpg\" alt=\"\" class=\"wp-image-2278\" srcset=\"https:\/\/owls-n-bats.net\/wp-content\/uploads\/2022\/04\/AProjection1000.jpg 1000w, https:\/\/owls-n-bats.net\/wp-content\/uploads\/2022\/04\/AProjection1000-300x200.jpg 300w, https:\/\/owls-n-bats.net\/wp-content\/uploads\/2022\/04\/AProjection1000-768x513.jpg 768w, https:\/\/owls-n-bats.net\/wp-content\/uploads\/2022\/04\/AProjection1000-449x300.jpg 449w\" sizes=\"(max-width: 1000px) 100vw, 1000px\" \/><\/a><figcaption>A PROJECTION<\/figcaption><\/figure>\n\n\n<div class=\"page\" title=\"Page 2\">\n<div class=\"section\">\n<div class=\"layoutArea\">\n<div class=\"column\">\n<p><strong>A Projection &#8211;<\/strong> die Songs auf ihrem Album \u201eSection\u201c strotzen nur so vor Kraft, garniert mit reichlich Punk- Attit\u00fcde, schnell, rau und gewohnt dunkel und emotional.\u2028<br>Gel\u00f6st haben sich A Projection hingegen von den \u00fcbergro\u00dfen Schatten ihrer einstigen Postpunk Vorbilder, mit denen sie anf\u00e4nglich immer wieder verglichen wurden. \u00dcber drei Alben hat es das F\u00fcnfergespann geschafft, sich ihr eigenes Sound-Universum zu schaffen und eine eigene Identit\u00e4t aufzubauen, die zwischen den Polen New Wave, Post-Punk, Gothic- und Indie-Rock oszilliert.<\/p>\n<p>Gemeinsam mit dem neuen Labelpartner Metropolis Records hat man sich schnell auf \u201eSomething Whole\u201c als herausragende und dennoch richtungsweisende erste Single verst\u00e4ndigt. Dieser Song vereint alle Tugenden, die wir immer wieder auf dem elf Tracks umfassenden Longplayer wiederfinden:<\/p>\n<p><strong>\/\/\/ watch &amp; listen<\/strong> <a href=\"https:\/\/www.youtube.com\/watch?v=uBo9SvNrLTM\" target=\"_blank\" rel=\"noopener\">Lucy Shrine<\/a> + <a href=\"https:\/\/www.youtube.com\/watch?v=EwvmGEDg4F4\" target=\"_blank\" rel=\"noopener\">Something Whole<\/a> + <a href=\"https:\/\/www.youtube.com\/watch?v=W7CndC-CQrw\" target=\"_blank\" rel=\"noopener\">Darwin\u2019s Eden<\/a><\/p>\n<p><strong>\/\/\/ click<\/strong> <a href=\"https:\/\/aprojection.com\" target=\"_blank\" rel=\"noopener\">A Projection<\/a><\/p>\n<\/div>\n<\/div>\n<\/div>\n<\/div>\n\n\n<figure class=\"wp-block-image size-full\"><a href=\"https:\/\/owls-n-bats.net\/wp-content\/uploads\/2022\/04\/WiresLights1000_HelenSobiralski.jpg\"><img loading=\"lazy\" width=\"1000\" height=\"690\" src=\"https:\/\/owls-n-bats.net\/wp-content\/uploads\/2022\/04\/WiresLights1000_HelenSobiralski.jpg\" alt=\"\" class=\"wp-image-2280\" srcset=\"https:\/\/owls-n-bats.net\/wp-content\/uploads\/2022\/04\/WiresLights1000_HelenSobiralski.jpg 1000w, https:\/\/owls-n-bats.net\/wp-content\/uploads\/2022\/04\/WiresLights1000_HelenSobiralski-300x207.jpg 300w, https:\/\/owls-n-bats.net\/wp-content\/uploads\/2022\/04\/WiresLights1000_HelenSobiralski-768x530.jpg 768w, https:\/\/owls-n-bats.net\/wp-content\/uploads\/2022\/04\/WiresLights1000_HelenSobiralski-435x300.jpg 435w\" sizes=\"(max-width: 1000px) 100vw, 1000px\" \/><\/a><figcaption>WIRES &amp; LIGHTS (Foto: Helen Sobiralski)<\/figcaption><\/figure>\n\n\n\n<p><strong>Wires &amp; Lights<\/strong> \u201eA Chasm Here and Now\u201c ist das lang erwartete Debut-Album von Justin Stephens\u2018 (ex- Passion Play) aktueller Band WIRES &amp; LIGHTS, auf dem das Berliner Quartett alles in \u00fcberlegener Qualit\u00e4t einl\u00f6st, was es bereits auf Konzerten und auf der l\u00e4ngst vergriffenen Pagan Love Songs Vol. 3-Compilation 2014 mit einer fr\u00fchen Version von \u201eSwimming\u201c ank\u00fcndigte.<\/p>\n\n\n\n<p>Schon der fulminante Opener \u201eDrive\u201c l\u00e4sst an mitreissender, hymnischer Tanzbarkeit keine W\u00fcnsche offen; ein grandios geupdatetes \u201eSwimming\u201c setzt das dringliche Treiben unkonventionell fort, bevor mit \u201eAnyone\u201c eine der ergreifendsten ausladenden Midtempo-Balladen der letzten Jahre einen Gang zur\u00fcckschraubt. Jenseits aller Vorhersehbarkeit und trotzdem innerhalb eines zwar breiten, aber dennoch \u00fcberschaubaren \u00e4sthetischen Korridors haben Justin Stephens und seine Mitstreiter Ralf H\u00fcnefeld (u.a. ex-Frank The Baptist, ex-Passion Play) an Gitarre und Keyboards, Gabriel Brero (La F\u00eate Triste) am Bass und Sebastian Hilgetag (Nattaravnur) an den Drums mit \u201eA Chasm Here And Now\u201c ein Juwel von Album eingespielt.<\/p>\n\n\n\n<p><strong>\/\/\/ watch &amp; listen <\/strong><a href=\"https:\/\/www.youtube.com\/watch?v=8nRlrYGc2v4\" data-type=\"URL\" data-id=\"https:\/\/www.youtube.com\/watch?v=8nRlrYGc2v4\" target=\"_blank\" rel=\"noreferrer noopener\">Drive <\/a><a href=\"https:\/\/www.youtube.com\/watch?v=-uH6wwhUjgQ\" target=\"_blank\" rel=\"noreferrer noopener\">Sleepers<\/a> + <a href=\"https:\/\/www.youtube.com\/watch?v=d7vR4fuqBW8\" target=\"_blank\" rel=\"noreferrer noopener\">Swimming<\/a> <\/p>\n\n\n\n<p><strong>\/\/\/ click <\/strong><a href=\"https:\/\/wireslights.com\/\" target=\"_blank\" rel=\"noreferrer noopener\">Wires &amp; Lights<\/a><\/p>\n\n\n\n<figure class=\"wp-block-image size-full\"><a href=\"https:\/\/owls-n-bats.net\/wp-content\/uploads\/2022\/04\/JeTaime1000.jpg\"><img loading=\"lazy\" width=\"1000\" height=\"750\" src=\"https:\/\/owls-n-bats.net\/wp-content\/uploads\/2022\/04\/JeTaime1000.jpg\" alt=\"\" class=\"wp-image-2281\" srcset=\"https:\/\/owls-n-bats.net\/wp-content\/uploads\/2022\/04\/JeTaime1000.jpg 1000w, https:\/\/owls-n-bats.net\/wp-content\/uploads\/2022\/04\/JeTaime1000-300x225.jpg 300w, https:\/\/owls-n-bats.net\/wp-content\/uploads\/2022\/04\/JeTaime1000-768x576.jpg 768w, https:\/\/owls-n-bats.net\/wp-content\/uploads\/2022\/04\/JeTaime1000-400x300.jpg 400w\" sizes=\"(max-width: 1000px) 100vw, 1000px\" \/><\/a><figcaption>JE T&#8217;AIME<\/figcaption><\/figure>\n\n\n\n<p><strong>JE T\u2019AIME <\/strong>sind ein klassisches Postpunk Trio aus Paris, der Stadt der Liebe. Ihr Debut Album ein abwechslungsreicher Mix aus Post-punk, Cold und New Wave. Die vielf\u00e4ltigen Einfl\u00fcsse aus den Achtzigern werden gekonnt und modern in die heutige Zeit transportiert und eigenst\u00e4ndig verarbeitet. Man h\u00f6rt ein rauhe Version von \u201eThe Smiths\u201c, aber auch The Cure, Sisters of Mercy und die treibenden Sequenzer Beats von EBM heraus, beste Voraussetzungen f\u00fcr eine klasse Party<\/p>\n\n\n\n<p><strong>\/\/\/ watch &amp; listen <\/strong><a href=\"https:\/\/www.youtube.com\/watch?v=90UhrabuICU\" data-type=\"URL\" data-id=\"https:\/\/www.youtube.com\/watch?v=90UhrabuICU\" target=\"_blank\" rel=\"noreferrer noopener\">Give me more Khol<\/a> + <a rel=\"noreferrer noopener\" href=\"https:\/\/youtu.be\/eMkxL7sQL4w\" target=\"_blank\">Stupid Songs<\/a><\/p>\n\n\n\n<p><strong>\/\/\/ click<\/strong> <a href=\"http:\/\/www.jetaime-music.com\" target=\"_blank\" rel=\"noreferrer noopener\">http:\/\/www.jetaime-music.com<\/a><\/p>\n\n\n\n<figure class=\"wp-block-image size-full\"><a href=\"https:\/\/owls-n-bats.net\/wp-content\/uploads\/2022\/04\/MidasFall1000.jpg\"><img loading=\"lazy\" width=\"1000\" height=\"667\" src=\"https:\/\/owls-n-bats.net\/wp-content\/uploads\/2022\/04\/MidasFall1000.jpg\" alt=\"\" class=\"wp-image-2282\" srcset=\"https:\/\/owls-n-bats.net\/wp-content\/uploads\/2022\/04\/MidasFall1000.jpg 1000w, https:\/\/owls-n-bats.net\/wp-content\/uploads\/2022\/04\/MidasFall1000-300x200.jpg 300w, https:\/\/owls-n-bats.net\/wp-content\/uploads\/2022\/04\/MidasFall1000-768x512.jpg 768w, https:\/\/owls-n-bats.net\/wp-content\/uploads\/2022\/04\/MidasFall1000-450x300.jpg 450w\" sizes=\"(max-width: 1000px) 100vw, 1000px\" \/><\/a><figcaption>MIDAS FALL<\/figcaption><\/figure>\n\n\n\n<p>Das schottische Duo&nbsp;<strong>MIDAS FALL&nbsp;<\/strong>kombiniert in ihrem Sound Elemente von Electronica, Post-Rock and Alternative Rock mit progressiven und gothic-wavigen Untert\u00f6nen. Sie modulieren dabei unverwechselbare eigenst\u00e4ndige und spannenden Soundlandschaften und \u00fcber allem liegt die schimmernde melancholische und umwerfende Stimme von Elizabeth Heaton,<\/p>\n\n\n\n<p>Das vierte Album \u201aEvaporate\u2019 wurde im April 2018 weltweit bei Monotreme Records ver\u00f6ffentlicht. In K\u00fcrze erscheint das neue Album mit einer europ\u00e4ischen Tour, die sie auch zum OnB f\u00fchrt. Perfekter Sound und Stimmung eingebettet in die eindrucksvolle Kulisse der Waldb\u00fchne.<\/p>\n\n\n\n<p><strong>\/\/\/ watch &amp; listen <\/strong><a href=\"https:\/\/www.youtube.com\/watch?v=pnvVBplqXbc\" target=\"_blank\" rel=\"noreferrer noopener\">BLINK<\/a> + <a href=\"https:\/\/www.youtube.com\/watch?v=U_KKsAY55qM\" target=\"_blank\" rel=\"noreferrer noopener\">EVAPORATE&nbsp;<\/a><\/p>\n\n\n\n<p><strong>\/\/\/ click <\/strong><a href=\"https:\/\/midasfall.com\/home\" target=\"_blank\" rel=\"noreferrer noopener\">MIDAS FALL<\/a><\/p>\n\n\n\n<figure class=\"wp-block-image size-full\"><a href=\"https:\/\/owls-n-bats.net\/wp-content\/uploads\/2022\/04\/Grundeis1000.jpg\"><img loading=\"lazy\" width=\"1000\" height=\"664\" src=\"https:\/\/owls-n-bats.net\/wp-content\/uploads\/2022\/04\/Grundeis1000.jpg\" alt=\"\" class=\"wp-image-2283\" srcset=\"https:\/\/owls-n-bats.net\/wp-content\/uploads\/2022\/04\/Grundeis1000.jpg 1000w, https:\/\/owls-n-bats.net\/wp-content\/uploads\/2022\/04\/Grundeis1000-300x199.jpg 300w, https:\/\/owls-n-bats.net\/wp-content\/uploads\/2022\/04\/Grundeis1000-768x510.jpg 768w, https:\/\/owls-n-bats.net\/wp-content\/uploads\/2022\/04\/Grundeis1000-452x300.jpg 452w\" sizes=\"(max-width: 1000px) 100vw, 1000px\" \/><\/a><figcaption>GRUNDEIS<\/figcaption><\/figure>\n\n\n\n<p><strong>GRUNDEIS<\/strong> &#8211; Die Gruppe aus Hamburg kreiert berauschende Post-Punk und Noise-Rock Werke mit Shoegaze-Einschlag. Vielschichtige Gitarren, pulsierende Beats und eindringliche Vocals liefern den Soundtrack zum Abtauchen in melancholische Abgr\u00fcnde. Das Quartett wandelt dabei auf d\u00fcsteren Pfaden zwischen tr\u00e4umerischer Sinnsuche und \u2013 fast zerst\u00f6rerischer \u2013 Energie.<\/p>\n\n\n\n<p>Seit der Bandgr\u00fcndung 2018 zogen GRUNDEIS auf zahlreichen Einzel- und Festivalkonzerten auch das Livepublikum in ihren Bann &#8211; unter anderem als Support f\u00fcr BLEIB MODERN, ISOLATED YOUTH und EZRA FURMAN. Die ersten Singlever\u00f6ffentlichungen&nbsp;Bleach&nbsp;und&nbsp;Vain&nbsp;wurden von der internationalen (Fach-)Presse und H\u00f6rerschaft hervorragend angenommen und besprochen. Der \u201evielleicht am hei\u00dfest gehandelten Band des Genres\u201c wurde so bereits eine verhei\u00dfungsvolle Zukunft prophezeit. Auch die dritte Video-Single&nbsp;Bleed&nbsp;liefert einen weiteren Vorgeschmack auf das, was nun kommt:<\/p>\n\n\n\n<p>Das Debut&nbsp;Amygdala&nbsp;erschien am 12. November 2021 auf UNDRESSED Records.&nbsp;<\/p>\n\n\n\n<p><strong>\/\/\/ watch &amp; listen <\/strong><a href=\"https:\/\/www.youtube.com\/watch?v=URupMl5LUOE\" target=\"_blank\" rel=\"noreferrer noopener\">VAIN<\/a> + <a href=\"https:\/\/www.youtube.com\/watch?v=ELuEGq87ypc\" target=\"_blank\" rel=\"noreferrer noopener\">BLEED<\/a><strong><br>\/\/\/ click <\/strong><a href=\"https:\/\/grundeis.bandcamp.com\" target=\"_blank\" rel=\"noreferrer noopener\">GRUNDEIS<\/a><\/p>\n\n\n\n<p><strong>UPDATE<\/strong>: <strong>ROPES OF NIGHT<\/strong> k\u00f6nnen aus gesundheitlichen Gr\u00fcnden nicht auftreten. Statt dessen werden <strong>IAN LEDING und Band<\/strong> einspringen.<\/p>\n\n\n\n<figure class=\"wp-block-image size-large\"><a href=\"https:\/\/owls-n-bats.net\/wp-content\/uploads\/2022\/07\/Image-1.jpg\"><img loading=\"lazy\" width=\"819\" height=\"1024\" src=\"https:\/\/owls-n-bats.net\/wp-content\/uploads\/2022\/07\/Image-1-819x1024.jpg\" alt=\"\" class=\"wp-image-2406\" srcset=\"https:\/\/owls-n-bats.net\/wp-content\/uploads\/2022\/07\/Image-1-819x1024.jpg 819w, https:\/\/owls-n-bats.net\/wp-content\/uploads\/2022\/07\/Image-1-240x300.jpg 240w, https:\/\/owls-n-bats.net\/wp-content\/uploads\/2022\/07\/Image-1-768x960.jpg 768w, https:\/\/owls-n-bats.net\/wp-content\/uploads\/2022\/07\/Image-1-1229x1536.jpg 1229w, https:\/\/owls-n-bats.net\/wp-content\/uploads\/2022\/07\/Image-1.jpg 1440w\" sizes=\"(max-width: 819px) 100vw, 819px\" \/><\/a><\/figure>\n\n\n\n<p>Ian Leding &#8211; Gitarrist, S\u00e4nger und Songschreiber<\/p>\n\n\n\n<p>Gitarren, welche zwischen n\u00fcchternem Purismus und schwelgerischem, effekt-behangenem Sound oszillieren, eine charismatische Stimme voll rauher Melancholie und Ausdrucksst\u00e4rke, mal br\u00fcchig zweifelnd, mal kraftvoll und tief. Durchdachtes und vielseitiges Songwriting gepaart mit unterschiedlichen Insrumentierungen.<br>Darkwave mit einem Hang zu psychedelischem Rock, delay-schwangere, flirrende Gitarren, getragen von einem massiven Fundament dynamisch-tosendem Schlagzeug und grollendem Bass.<\/p>\n\n\n\n<figure class=\"wp-block-image size-full\"><a href=\"https:\/\/owls-n-bats.net\/wp-content\/uploads\/2022\/04\/RopesOfNight1000_DainaForys.jpg\"><img loading=\"lazy\" width=\"1000\" height=\"651\" src=\"https:\/\/owls-n-bats.net\/wp-content\/uploads\/2022\/04\/RopesOfNight1000_DainaForys.jpg\" alt=\"\" class=\"wp-image-2284\" srcset=\"https:\/\/owls-n-bats.net\/wp-content\/uploads\/2022\/04\/RopesOfNight1000_DainaForys.jpg 1000w, https:\/\/owls-n-bats.net\/wp-content\/uploads\/2022\/04\/RopesOfNight1000_DainaForys-300x195.jpg 300w, https:\/\/owls-n-bats.net\/wp-content\/uploads\/2022\/04\/RopesOfNight1000_DainaForys-768x500.jpg 768w, https:\/\/owls-n-bats.net\/wp-content\/uploads\/2022\/04\/RopesOfNight1000_DainaForys-461x300.jpg 461w\" sizes=\"(max-width: 1000px) 100vw, 1000px\" \/><\/a><figcaption>ROPES OF NIGHT (Foto Daina Forys)<\/figcaption><\/figure>\n\n\n\n<p>Das <strong>ROPES OF NIGHT <\/strong>Album \u201eImpossible Space\u201c wurde als CD und Vinyl bei GOLDEN ANTENNA RECORDS im Oktober 2021 ver\u00f6ffentlicht.Eine eindrucksvolle Stimme, klasse Songs und live richtig \u201etight\u201c. Wir haben die Band Im letzten Jahr auf dem Junkyard Festival in Dortmund gesehen und sofort f\u00fcr das OnB gebucht.<\/p>\n\n\n\n<p>ROPES OF NIGHT aus K\u00f6ln wurden 2019 von Ralph Schmidt, dem kreativen Mastermind von Bands wie ULTHA und PLANKS zusammen mit seinen neuen musikalische Mitstreitern Manuel Schaub (Drummer von ULTHA), sowie Martin Stenger und Thomas Schindler (u.a. ATKA, VEGAS, MINUSMAN, BLACK WANDA) gegr\u00fcndet.<\/p>\n\n\n\n<p>Die fr\u00fcheren Bandprojekte verorten sich zwar eher im h\u00e4rteren musikalische Spektrum, aber die musikalischen Pfade von ROPES OF NIGHT f\u00fchren von Metal zu der 80er inspirierten Post Punk \/ Dark Wave und Shoegaze \u00c4ra und wurden dabei neu und kongenial durch die vier Individualisten umgesetzt.<\/p>\n\n\n\n<p>Ein Sound f\u00fcr alle die Bands wie THE MISSION, THE CHAMELEONS, JOY DIVISION, NEW MODEL ARMY, SOFT KILL and TEMPLE OF ANGELS m\u00f6gen.<\/p>\n\n\n\n<p><strong>\/\/\/ watch &amp; listen <\/strong><a rel=\"noreferrer noopener\" href=\"https:\/\/www.youtube.com\/watch?v=2tKW2gU8M8s\" target=\"_blank\">ANOTHER CLOSING DOOR<\/a><\/p>\n\n\n\n<p><strong>\/\/\/ click<\/strong>  <a href=\"https:\/\/ropesofnight.bandcamp.com\" data-type=\"URL\" data-id=\"https:\/\/ropesofnight.bandcamp.com\" target=\"_blank\" rel=\"noreferrer noopener\">ROPES OF NIGHT<\/a> <\/p>\n\n\n\n<p><strong><a rel=\"noreferrer noopener\" href=\"https:\/\/ropesofnight.bandcamp.com\" target=\"_blank\"> <\/a><\/strong><\/p>\n","protected":false},"excerpt":{"rendered":"<p>A Projection &#8211; die Songs auf ihrem Album \u201eSection\u201c strotzen nur so vor Kraft, garniert mit reichlich Punk- Attit\u00fcde, schnell, rau und gewohnt dunkel und emotional.\u2028Gel\u00f6st haben sich A Projection hingegen von den \u00fcbergro\u00dfen Schatten ihrer einstigen Postpunk Vorbilder, mit &hellip; <a href=\"https:\/\/owls-n-bats.net\/?page_id=2270\">Weiterlesen <span class=\"meta-nav\">&rarr;<\/span><\/a><\/p>\n","protected":false},"author":1,"featured_media":0,"parent":0,"menu_order":0,"comment_status":"closed","ping_status":"closed","template":"","meta":[],"_links":{"self":[{"href":"https:\/\/owls-n-bats.net\/index.php?rest_route=\/wp\/v2\/pages\/2270"}],"collection":[{"href":"https:\/\/owls-n-bats.net\/index.php?rest_route=\/wp\/v2\/pages"}],"about":[{"href":"https:\/\/owls-n-bats.net\/index.php?rest_route=\/wp\/v2\/types\/page"}],"author":[{"embeddable":true,"href":"https:\/\/owls-n-bats.net\/index.php?rest_route=\/wp\/v2\/users\/1"}],"replies":[{"embeddable":true,"href":"https:\/\/owls-n-bats.net\/index.php?rest_route=%2Fwp%2Fv2%2Fcomments&post=2270"}],"version-history":[{"count":19,"href":"https:\/\/owls-n-bats.net\/index.php?rest_route=\/wp\/v2\/pages\/2270\/revisions"}],"predecessor-version":[{"id":2408,"href":"https:\/\/owls-n-bats.net\/index.php?rest_route=\/wp\/v2\/pages\/2270\/revisions\/2408"}],"wp:attachment":[{"href":"https:\/\/owls-n-bats.net\/index.php?rest_route=%2Fwp%2Fv2%2Fmedia&parent=2270"}],"curies":[{"name":"wp","href":"https:\/\/api.w.org\/{rel}","templated":true}]}}