{"id":2079,"date":"2021-06-04T15:20:15","date_gmt":"2021-06-04T15:20:15","guid":{"rendered":"https:\/\/owls-n-bats.net\/?page_id=2079"},"modified":"2021-06-12T09:52:28","modified_gmt":"2021-06-12T09:52:28","slug":"line-up-2021","status":"publish","type":"page","link":"https:\/\/owls-n-bats.net\/?page_id=2079","title":{"rendered":"Line-Up 2021"},"content":{"rendered":"<p><a id=\"top\"><\/a><\/p>\n\n\n<figure class=\"wp-block-gallery columns-6 is-cropped\"><ul class=\"blocks-gallery-grid\"><li class=\"blocks-gallery-item\"><figure><img loading=\"lazy\" width=\"1024\" height=\"683\" src=\"http:\/\/owls-n-bats.net\/wp-content\/uploads\/2021\/06\/The_Underground_Youth_Joe_Dilworth_15-1024x683.jpg\" alt=\"\" data-id=\"2143\" data-full-url=\"http:\/\/owls-n-bats.net\/wp-content\/uploads\/2021\/06\/The_Underground_Youth_Joe_Dilworth_15-scaled.jpg\" data-link=\"https:\/\/owls-n-bats.net\/?attachment_id=2143\" class=\"wp-image-2143\" srcset=\"https:\/\/owls-n-bats.net\/wp-content\/uploads\/2021\/06\/The_Underground_Youth_Joe_Dilworth_15-1024x683.jpg 1024w, https:\/\/owls-n-bats.net\/wp-content\/uploads\/2021\/06\/The_Underground_Youth_Joe_Dilworth_15-300x200.jpg 300w, https:\/\/owls-n-bats.net\/wp-content\/uploads\/2021\/06\/The_Underground_Youth_Joe_Dilworth_15-768x512.jpg 768w, https:\/\/owls-n-bats.net\/wp-content\/uploads\/2021\/06\/The_Underground_Youth_Joe_Dilworth_15-1536x1024.jpg 1536w, https:\/\/owls-n-bats.net\/wp-content\/uploads\/2021\/06\/The_Underground_Youth_Joe_Dilworth_15-2048x1365.jpg 2048w, https:\/\/owls-n-bats.net\/wp-content\/uploads\/2021\/06\/The_Underground_Youth_Joe_Dilworth_15-450x300.jpg 450w\" sizes=\"(max-width: 1024px) 100vw, 1024px\" \/><figcaption class=\"blocks-gallery-item__caption\"><a href=\"#tuy\" data-type=\"internal\" data-id=\"#tuy\">The Underground Youth<\/a><\/figcaption><\/figure><\/li><li class=\"blocks-gallery-item\"><figure><img loading=\"lazy\" width=\"683\" height=\"1024\" src=\"http:\/\/owls-n-bats.net\/wp-content\/uploads\/2021\/06\/ALPHAMAY-BAND-02_fotocredit_fotogra4bar.de_-683x1024.jpg\" alt=\"\" data-id=\"2144\" data-full-url=\"http:\/\/owls-n-bats.net\/wp-content\/uploads\/2021\/06\/ALPHAMAY-BAND-02_fotocredit_fotogra4bar.de_-scaled.jpg\" data-link=\"https:\/\/owls-n-bats.net\/?attachment_id=2144\" class=\"wp-image-2144\" srcset=\"https:\/\/owls-n-bats.net\/wp-content\/uploads\/2021\/06\/ALPHAMAY-BAND-02_fotocredit_fotogra4bar.de_-683x1024.jpg 683w, https:\/\/owls-n-bats.net\/wp-content\/uploads\/2021\/06\/ALPHAMAY-BAND-02_fotocredit_fotogra4bar.de_-200x300.jpg 200w, https:\/\/owls-n-bats.net\/wp-content\/uploads\/2021\/06\/ALPHAMAY-BAND-02_fotocredit_fotogra4bar.de_-768x1152.jpg 768w, https:\/\/owls-n-bats.net\/wp-content\/uploads\/2021\/06\/ALPHAMAY-BAND-02_fotocredit_fotogra4bar.de_-1024x1536.jpg 1024w, https:\/\/owls-n-bats.net\/wp-content\/uploads\/2021\/06\/ALPHAMAY-BAND-02_fotocredit_fotogra4bar.de_-1365x2048.jpg 1365w, https:\/\/owls-n-bats.net\/wp-content\/uploads\/2021\/06\/ALPHAMAY-BAND-02_fotocredit_fotogra4bar.de_-scaled.jpg 1706w\" sizes=\"(max-width: 683px) 100vw, 683px\" \/><figcaption class=\"blocks-gallery-item__caption\"><a href=\"#alphamay\" data-type=\"internal\" data-id=\"#alphamay\">ALPHAMAY<\/a><\/figcaption><\/figure><\/li><li class=\"blocks-gallery-item\"><figure><img loading=\"lazy\" width=\"800\" height=\"800\" src=\"http:\/\/owls-n-bats.net\/wp-content\/uploads\/2020\/11\/486e805f-6688-4708-b141-cccde9f9448a.jpeg\" alt=\"\" data-id=\"1904\" data-full-url=\"http:\/\/owls-n-bats.net\/wp-content\/uploads\/2020\/11\/486e805f-6688-4708-b141-cccde9f9448a.jpeg\" data-link=\"https:\/\/owls-n-bats.net\/?attachment_id=1904\" class=\"wp-image-1904\" srcset=\"https:\/\/owls-n-bats.net\/wp-content\/uploads\/2020\/11\/486e805f-6688-4708-b141-cccde9f9448a.jpeg 800w, https:\/\/owls-n-bats.net\/wp-content\/uploads\/2020\/11\/486e805f-6688-4708-b141-cccde9f9448a-300x300.jpeg 300w, https:\/\/owls-n-bats.net\/wp-content\/uploads\/2020\/11\/486e805f-6688-4708-b141-cccde9f9448a-150x150.jpeg 150w, https:\/\/owls-n-bats.net\/wp-content\/uploads\/2020\/11\/486e805f-6688-4708-b141-cccde9f9448a-768x768.jpeg 768w\" sizes=\"(max-width: 800px) 100vw, 800px\" \/><figcaption class=\"blocks-gallery-item__caption\"><a href=\"#nightnail\" data-type=\"internal\" data-id=\"#nightnail\">Night Nail<\/a><\/figcaption><\/figure><\/li><li class=\"blocks-gallery-item\"><figure><img loading=\"lazy\" width=\"1024\" height=\"682\" src=\"http:\/\/owls-n-bats.net\/wp-content\/uploads\/2020\/11\/Culk2000px-1024x682.jpg\" alt=\"\" data-id=\"1920\" data-full-url=\"http:\/\/owls-n-bats.net\/wp-content\/uploads\/2020\/11\/Culk2000px.jpg\" data-link=\"https:\/\/owls-n-bats.net\/?attachment_id=1920\" class=\"wp-image-1920\" srcset=\"https:\/\/owls-n-bats.net\/wp-content\/uploads\/2020\/11\/Culk2000px-1024x682.jpg 1024w, https:\/\/owls-n-bats.net\/wp-content\/uploads\/2020\/11\/Culk2000px-300x200.jpg 300w, https:\/\/owls-n-bats.net\/wp-content\/uploads\/2020\/11\/Culk2000px-768x512.jpg 768w, https:\/\/owls-n-bats.net\/wp-content\/uploads\/2020\/11\/Culk2000px-1536x1024.jpg 1536w, https:\/\/owls-n-bats.net\/wp-content\/uploads\/2020\/11\/Culk2000px-450x300.jpg 450w, https:\/\/owls-n-bats.net\/wp-content\/uploads\/2020\/11\/Culk2000px.jpg 2000w\" sizes=\"(max-width: 1024px) 100vw, 1024px\" \/><figcaption class=\"blocks-gallery-item__caption\"><a href=\"#culk\" data-type=\"internal\" data-id=\"#culk\">CULK<\/a><\/figcaption><\/figure><\/li><li class=\"blocks-gallery-item\"><figure><img loading=\"lazy\" width=\"1024\" height=\"1024\" src=\"http:\/\/owls-n-bats.net\/wp-content\/uploads\/2021\/06\/ROSI_sad_dance_band-5-1024x1024.jpeg\" alt=\"\" data-id=\"2141\" data-full-url=\"http:\/\/owls-n-bats.net\/wp-content\/uploads\/2021\/06\/ROSI_sad_dance_band-5-scaled.jpeg\" data-link=\"https:\/\/owls-n-bats.net\/?attachment_id=2141\" class=\"wp-image-2141\" srcset=\"https:\/\/owls-n-bats.net\/wp-content\/uploads\/2021\/06\/ROSI_sad_dance_band-5-1024x1024.jpeg 1024w, https:\/\/owls-n-bats.net\/wp-content\/uploads\/2021\/06\/ROSI_sad_dance_band-5-300x300.jpeg 300w, https:\/\/owls-n-bats.net\/wp-content\/uploads\/2021\/06\/ROSI_sad_dance_band-5-150x150.jpeg 150w, https:\/\/owls-n-bats.net\/wp-content\/uploads\/2021\/06\/ROSI_sad_dance_band-5-768x768.jpeg 768w, https:\/\/owls-n-bats.net\/wp-content\/uploads\/2021\/06\/ROSI_sad_dance_band-5-1536x1536.jpeg 1536w, https:\/\/owls-n-bats.net\/wp-content\/uploads\/2021\/06\/ROSI_sad_dance_band-5-2048x2048.jpeg 2048w\" sizes=\"(max-width: 1024px) 100vw, 1024px\" \/><figcaption class=\"blocks-gallery-item__caption\"><a href=\"#rosi\" data-type=\"internal\" data-id=\"#rosi\">ROSI Sad Dance Band<\/a><\/figcaption><\/figure><\/li><li class=\"blocks-gallery-item\"><figure><img loading=\"lazy\" width=\"1024\" height=\"1024\" src=\"http:\/\/owls-n-bats.net\/wp-content\/uploads\/2021\/06\/SUIR_press_photo_by_Caroline_Bonarde-1024x1024.jpg\" alt=\"\" data-id=\"2142\" data-full-url=\"http:\/\/owls-n-bats.net\/wp-content\/uploads\/2021\/06\/SUIR_press_photo_by_Caroline_Bonarde-scaled.jpg\" data-link=\"https:\/\/owls-n-bats.net\/?attachment_id=2142\" class=\"wp-image-2142\" srcset=\"https:\/\/owls-n-bats.net\/wp-content\/uploads\/2021\/06\/SUIR_press_photo_by_Caroline_Bonarde-1024x1024.jpg 1024w, https:\/\/owls-n-bats.net\/wp-content\/uploads\/2021\/06\/SUIR_press_photo_by_Caroline_Bonarde-300x300.jpg 300w, https:\/\/owls-n-bats.net\/wp-content\/uploads\/2021\/06\/SUIR_press_photo_by_Caroline_Bonarde-150x150.jpg 150w, https:\/\/owls-n-bats.net\/wp-content\/uploads\/2021\/06\/SUIR_press_photo_by_Caroline_Bonarde-768x768.jpg 768w, https:\/\/owls-n-bats.net\/wp-content\/uploads\/2021\/06\/SUIR_press_photo_by_Caroline_Bonarde-1536x1536.jpg 1536w, https:\/\/owls-n-bats.net\/wp-content\/uploads\/2021\/06\/SUIR_press_photo_by_Caroline_Bonarde-2048x2048.jpg 2048w\" sizes=\"(max-width: 1024px) 100vw, 1024px\" \/><figcaption class=\"blocks-gallery-item__caption\"><a href=\"#suir\" data-type=\"internal\" data-id=\"#suir\">SUIR<\/a><\/figcaption><\/figure><\/li><\/ul><\/figure>\n\n\n<p><\/p>\n<div id=\"attachment_2143\" style=\"width: 2570px\" class=\"wp-caption alignnone\"><img aria-describedby=\"caption-attachment-2143\" loading=\"lazy\" class=\"wp-image-2143 size-full\" src=\"http:\/\/owls-n-bats.net\/wp-content\/uploads\/2021\/06\/The_Underground_Youth_Joe_Dilworth_15-scaled.jpg\" alt=\"\" width=\"2560\" height=\"1707\" srcset=\"https:\/\/owls-n-bats.net\/wp-content\/uploads\/2021\/06\/The_Underground_Youth_Joe_Dilworth_15-scaled.jpg 2560w, https:\/\/owls-n-bats.net\/wp-content\/uploads\/2021\/06\/The_Underground_Youth_Joe_Dilworth_15-300x200.jpg 300w, https:\/\/owls-n-bats.net\/wp-content\/uploads\/2021\/06\/The_Underground_Youth_Joe_Dilworth_15-1024x683.jpg 1024w, https:\/\/owls-n-bats.net\/wp-content\/uploads\/2021\/06\/The_Underground_Youth_Joe_Dilworth_15-768x512.jpg 768w, https:\/\/owls-n-bats.net\/wp-content\/uploads\/2021\/06\/The_Underground_Youth_Joe_Dilworth_15-1536x1024.jpg 1536w, https:\/\/owls-n-bats.net\/wp-content\/uploads\/2021\/06\/The_Underground_Youth_Joe_Dilworth_15-2048x1365.jpg 2048w, https:\/\/owls-n-bats.net\/wp-content\/uploads\/2021\/06\/The_Underground_Youth_Joe_Dilworth_15-450x300.jpg 450w\" sizes=\"(max-width: 2560px) 100vw, 2560px\" \/><p id=\"caption-attachment-2143\" class=\"wp-caption-text\">The Underground Youth (Photo: Joe Dilworth)<\/p><\/div>\n<p>The Underground Youth aus Manchester (UK) leben derzeit in Berlin und haben in diesem Jahr mit \u201eThe Falling\u201c via Fuzz Club Records bereits ihr zehntes Album ver\u00f6ffentlicht. Ihre Mischung aus Shoegaze und dunklem psychedelischen Post-Punk-Sound hat eine weltweit treue Fangemeinde angezogen, die kontinuierlich weiter w\u00e4chst. Ihre W\u00e4nde aus L\u00e4rm, roher Energie und eing\u00e4ngigen Melodien besetzen ein Klanguniversum aus d\u00fcsterem Folk Noir und cineastischem Soundtrack, ein Liebesbrief an die Vergangenheit. Die Band besteht aus dem S\u00e4nger\/Gitarristen Craig Dyer, Olya Dyer (Drums), dem Gitarristen und Produzenten Leo Waage , sowie Max James (Bass) der auch in der Live Band von Johnny Marr gespielt hat.<\/p>\n<p><a href=\"https:\/\/the-underground-youth.bandcamp.com\/\" target=\"_blank\" rel=\"noopener\">THE UNDERGROUND YOUTH bei Bandcamp<\/a><\/p>\n<p><a href=\"https:\/\/www.facebook.com\/TheUndergroundYouth\" target=\"_blank\" rel=\"noopener\">THE UNDERGROUND YOUTH bei Facebook<\/a><\/p>\n<p><a href=\"#top\" data-rich-text-format-boundary=\"true\">Back to top<\/a><\/p>\n<p><\/p>\n<div id=\"attachment_2144\" style=\"width: 1716px\" class=\"wp-caption alignnone\"><img aria-describedby=\"caption-attachment-2144\" loading=\"lazy\" class=\"wp-image-2144 size-full\" src=\"http:\/\/owls-n-bats.net\/wp-content\/uploads\/2021\/06\/ALPHAMAY-BAND-02_fotocredit_fotogra4bar.de_-scaled.jpg\" alt=\"\" width=\"1706\" height=\"2560\" srcset=\"https:\/\/owls-n-bats.net\/wp-content\/uploads\/2021\/06\/ALPHAMAY-BAND-02_fotocredit_fotogra4bar.de_-scaled.jpg 1706w, https:\/\/owls-n-bats.net\/wp-content\/uploads\/2021\/06\/ALPHAMAY-BAND-02_fotocredit_fotogra4bar.de_-200x300.jpg 200w, https:\/\/owls-n-bats.net\/wp-content\/uploads\/2021\/06\/ALPHAMAY-BAND-02_fotocredit_fotogra4bar.de_-683x1024.jpg 683w, https:\/\/owls-n-bats.net\/wp-content\/uploads\/2021\/06\/ALPHAMAY-BAND-02_fotocredit_fotogra4bar.de_-768x1152.jpg 768w, https:\/\/owls-n-bats.net\/wp-content\/uploads\/2021\/06\/ALPHAMAY-BAND-02_fotocredit_fotogra4bar.de_-1024x1536.jpg 1024w, https:\/\/owls-n-bats.net\/wp-content\/uploads\/2021\/06\/ALPHAMAY-BAND-02_fotocredit_fotogra4bar.de_-1365x2048.jpg 1365w\" sizes=\"(max-width: 1706px) 100vw, 1706px\" \/><p id=\"caption-attachment-2144\" class=\"wp-caption-text\">ALPHAMAY (Photo: Nicole Langen \/ fotogra4bar.de)<\/p><\/div>\n<p>Alphamay ist eine der interessantesten deutschen Elektropop Bands. Das kongeniale Duo um die beiden Freunde Chris Frickenschmidt (S\u00e4nger \/ Komponist) und dem S\u00e4nger Henning Hammoor verstehen es, moderne dunkle-Synthesizer Kl\u00e4nge mit 80er-Jahre-Sounds zu einem ganz eigenen Stil zu verschmelzen.<\/p>\n<p>Das Ergebnis ist einzigartig und reicht von gut tanzbaren Synthie-Pop Songs bis hin zu d\u00fcster-sph\u00e4rischen Klangteppichen. <br>Mit dem 2020 ver\u00f6ffentlichten Album \u201eConformity\u201c standen sie acht Wochen in den Top 10 der Deutschen Alternative Charts, im Peak kamen sie auf den tollen Platz 4.<\/p>\n<p><a href=\"https:\/\/www.alphamay.de\" target=\"_blank\" rel=\"noopener\">ALPHAMAY Homepage<\/a><\/p>\n<p><a href=\"https:\/\/www.facebook.com\/electronicavantgarde\/\" target=\"_blank\" rel=\"noopener\">ALPAHAMAY bei Facebook<\/a><\/p>\n<p><a href=\"https:\/\/l.facebook.com\/l.php?u=http%3A%2F%2Fopen.spotify.com%2Fartist%2F2aNgSXESU6o41UvlVzq8kl%3Ffbclid%3DIwAR0PnNnXYZv9umX7dbrrKdRmUOLz0ZBfn4wkhToeTKHvUTqUfTpSlcMOrlY&amp;h=AT1lEo6Kjv12oTMEUNryD6i-bUk_uJnfTvi2jKnDOaPeAAPmnKVUwM67UvSUziwNycRuJPPkTr-_RzPCSODrAbB0gwTNr2ky3_TTwvjwrUy7bIuWSNxWeMiJXs6tzEafEGkHcoqolh8\" target=\"_blank\" rel=\"noopener\">ALPHAMAY bei Spotify<\/a><\/p>\n<p><a href=\"#top\">back to top<\/a><\/p>\n<p><\/p>\n<div id=\"attachment_2141\" style=\"width: 2570px\" class=\"wp-caption alignnone\"><img aria-describedby=\"caption-attachment-2141\" loading=\"lazy\" class=\"wp-image-2141 size-full\" src=\"http:\/\/owls-n-bats.net\/wp-content\/uploads\/2021\/06\/ROSI_sad_dance_band-5-scaled.jpeg\" alt=\"\" width=\"2560\" height=\"2560\" srcset=\"https:\/\/owls-n-bats.net\/wp-content\/uploads\/2021\/06\/ROSI_sad_dance_band-5-scaled.jpeg 2560w, https:\/\/owls-n-bats.net\/wp-content\/uploads\/2021\/06\/ROSI_sad_dance_band-5-300x300.jpeg 300w, https:\/\/owls-n-bats.net\/wp-content\/uploads\/2021\/06\/ROSI_sad_dance_band-5-1024x1024.jpeg 1024w, https:\/\/owls-n-bats.net\/wp-content\/uploads\/2021\/06\/ROSI_sad_dance_band-5-150x150.jpeg 150w, https:\/\/owls-n-bats.net\/wp-content\/uploads\/2021\/06\/ROSI_sad_dance_band-5-768x768.jpeg 768w, https:\/\/owls-n-bats.net\/wp-content\/uploads\/2021\/06\/ROSI_sad_dance_band-5-1536x1536.jpeg 1536w, https:\/\/owls-n-bats.net\/wp-content\/uploads\/2021\/06\/ROSI_sad_dance_band-5-2048x2048.jpeg 2048w\" sizes=\"(max-width: 2560px) 100vw, 2560px\" \/><p id=\"caption-attachment-2141\" class=\"wp-caption-text\">ROSI Sad Dance Band<\/p><\/div>\n<p>ROSI &#8211; die gepflegte Distanziertheit beim Tanzen in Zeiten der Pandemie &#8211; oder Sven Rosenr\u00f6ter und Mirco Rappsilber ver\u00f6ffentlichen mit ihrem dritten Album einfach klasse \u201eSad Dance Songs\u201c mit Ohrwurmcharakter, die hoffentlich bald die Tanzfl\u00e4che in den Clubs zur\u00fcckerobern. ( Disentertainment \/ Broken Silence )<br>Die Urspr\u00fcnge des Sounds sind die gleichen geblieben, haben sich innerhalb dieser Grenzen aber etwas verschoben. So wurde der Sprung vom d\u00fcsteren Standpunkt der sp\u00e4ten 70er zu vielseitigerem Post-Punk der fr\u00fchen 80er gewagt (\u201eForgotten World\u201c) und statt finsterem Weltschmerz vernimmt man jetzt verspieltere Ankl\u00e4nge (\u201ePreface #1\u201c) und eing\u00e4ngige Gitarren (\u201eWalls\u201c). Insgesamt ist der Sound \u201ewaviger\u201c geworden und die Introvertiertheit wurde zugunsten einer gewissen Leichtigkeit zur\u00fcckgeschraubt. Das liegt vor allem auch an den weiterentwickelten M\u00f6glichkeiten bei der Produktion.<\/p>\n<p><a href=\"https:\/\/rosi-music.bandcamp.com\" target=\"_blank\" rel=\"noopener\">ROSI bei Bandcamp<\/a><\/p>\n<p><a href=\"https:\/\/www.facebook.com\/rosi.info\" target=\"_blank\" rel=\"noopener\">ROSI bei Facebok<\/a><\/p>\n<p><a style=\"font-size: inherit;\" href=\"#top\">back to top<\/a><\/p>\n<p><\/p>\n<div id=\"attachment_1904\" style=\"width: 810px\" class=\"wp-caption alignnone\"><img aria-describedby=\"caption-attachment-1904\" loading=\"lazy\" class=\"wp-image-1904 size-full\" src=\"http:\/\/owls-n-bats.net\/wp-content\/uploads\/2020\/11\/486e805f-6688-4708-b141-cccde9f9448a.jpeg\" alt=\"\" width=\"800\" height=\"800\" srcset=\"https:\/\/owls-n-bats.net\/wp-content\/uploads\/2020\/11\/486e805f-6688-4708-b141-cccde9f9448a.jpeg 800w, https:\/\/owls-n-bats.net\/wp-content\/uploads\/2020\/11\/486e805f-6688-4708-b141-cccde9f9448a-300x300.jpeg 300w, https:\/\/owls-n-bats.net\/wp-content\/uploads\/2020\/11\/486e805f-6688-4708-b141-cccde9f9448a-150x150.jpeg 150w, https:\/\/owls-n-bats.net\/wp-content\/uploads\/2020\/11\/486e805f-6688-4708-b141-cccde9f9448a-768x768.jpeg 768w\" sizes=\"(max-width: 800px) 100vw, 800px\" \/><p id=\"caption-attachment-1904\" class=\"wp-caption-text\">Night Nail (Photo: Stefan Rauter \/ Photodevil)<\/p><\/div>\n<p>Berlin\u2019s darkwave band, NIGHT NAIL, urspr\u00fcnglich 2013 in Los Angeles, CA. gegr\u00fcndet. Nach ihrem ersten EP und extensiven Touren durch die USA lebt die Band mittlerweile in Berlin. Ihr Deb\u00fctalbum &#8222;LA Demons&#8220; wurde bei Cleopatra Records im April of 2018 ver\u00f6ffentlicht.\u200b Sie haben Ihr aktuelles Album \u201eMarch to Autumn\u201c (Cold Transmission) im Gep\u00e4ck.<\/p>\n<p><a href=\"https:\/\/www.nightnail.com\" target=\"_blank\" rel=\"noopener\">NIGHT NAIL Homepage<\/a><\/p>\n<p><a href=\"https:\/\/www.facebook.com\/nightnailmusic\" target=\"_blank\" rel=\"noopener\">NIGHT NAIL bei Facebook<\/a><\/p>\n<p><a href=\"https:\/\/nightnail.bandcamp.com\" target=\"_blank\" rel=\"noopener\">NIGHT NAIL bei Bandcamp<\/a><\/p>\n<p><a style=\"font-size: inherit;\" href=\"#top\">back to top<\/a><\/p>\n<p><\/p>\n<div id=\"attachment_1920\" style=\"width: 2010px\" class=\"wp-caption alignnone\"><a href=\"#culk\"><img aria-describedby=\"caption-attachment-1920\" loading=\"lazy\" class=\"wp-image-1920 size-full\" src=\"http:\/\/owls-n-bats.net\/wp-content\/uploads\/2020\/11\/Culk2000px.jpg\" alt=\"\" width=\"2000\" height=\"1333\" srcset=\"https:\/\/owls-n-bats.net\/wp-content\/uploads\/2020\/11\/Culk2000px.jpg 2000w, https:\/\/owls-n-bats.net\/wp-content\/uploads\/2020\/11\/Culk2000px-300x200.jpg 300w, https:\/\/owls-n-bats.net\/wp-content\/uploads\/2020\/11\/Culk2000px-1024x682.jpg 1024w, https:\/\/owls-n-bats.net\/wp-content\/uploads\/2020\/11\/Culk2000px-768x512.jpg 768w, https:\/\/owls-n-bats.net\/wp-content\/uploads\/2020\/11\/Culk2000px-1536x1024.jpg 1536w, https:\/\/owls-n-bats.net\/wp-content\/uploads\/2020\/11\/Culk2000px-450x300.jpg 450w\" sizes=\"(max-width: 2000px) 100vw, 2000px\" \/><\/a><p id=\"caption-attachment-1920\" class=\"wp-caption-text\">CULK (Photo: Antonia Mayer)<\/p><\/div>\n\n\n<p>Die Wiener Formation <strong>CULK <\/strong>pr\u00e4sentiert im Oktober 2020 ihr zweites Album \u201eZerstreuen \u00fcber Euch\u201c. Es ist eine Kampfansage an tieferverwurzelte patriarchale Strukturen.<\/p>\n\n\n\n<p>Allem voran die bet\u00f6renden Vocals von Sophie L\u00f6w, die in ihren Texten die relevanten Themen anspricht und poetisch verhandelt: Das sture Unsichtbarmachen der Geschlechtervielfalt in der sprachlichen und gesellschaftlichen Realit\u00e4t (\u201cDichterin\u201d). Die vielen Strategien, die sich Frauen f\u00fcr den n\u00e4chtlichen Nachhauseweg \u00fcber die Jahre zurechtgelegt haben, um m\u00f6glichst unversehrt anzukommen (\u201cNacht\u201d). Die dienende und untergeordnete Rolle, in die sie im Bett, im Alltag, in der Familie, Arbeit und \u00d6ffentlichkeit gedr\u00e4ngt werden (\u201cHelle Kammer\u201d). Die nachhaltigen Sch\u00e4den, die diese Erfahrungen verursachen (\u201cJahre sp\u00e4ter\u201d) und die unz\u00e4hligen wertlosen Rechtfertigungen und Erkl\u00e4rungen, die auf Kritik an den Geschlechterverh\u00e4ltnissen immer wieder folgen. All diese Themen behandelt die Wiener Band CULK auf ihrem zweiten Album \u201cZerstreuen \u00fcber euch\u201d.<\/p>\n\n\n\n<p>Es sind gewichtige Themen, sie kreisen stets um Macht, Liebe und Widerstand. Ihre Dringlichkeit wird sofort sp\u00fcrbar. Textlich und musikalisch. Sophie L\u00f6w (Stimme, Texte, Gitarre, Synthesizer, Artwork), Johannes Blindhofer (Gitarre), Benjamin Steiger (Bass, Gitarre) und Christoph Kuhn (Schlagzeug) haben ihre politischen und pers\u00f6nlichen K\u00e4mpfe in ihre Kunst getragen. Mit den musikalischen Formen des Post-Punk, fesselndem Gesang und poetischer Lyrics.<\/p>\n\n\n\n<p><a rel=\"noreferrer noopener\" href=\"https:\/\/culk1000.bandcamp.com\/\" target=\"_blank\">CULK bei Bandcamp<\/a><\/p>\n\n\n\n<p><a rel=\"noreferrer noopener\" href=\"https:\/\/www.facebook.com\/culkmusic\/\" data-type=\"URL\" data-id=\"https:\/\/www.facebook.com\/culkmusic\/\" target=\"_blank\">CULK bei Facebook<\/a><\/p>\n\n\n\n<p><a href=\"#top\">Back to top<\/a><\/p>\n\n\n<p><\/p>\n<div id=\"attachment_2142\" style=\"width: 2570px\" class=\"wp-caption alignnone\"><a href=\"#suir\"><img aria-describedby=\"caption-attachment-2142\" loading=\"lazy\" class=\"wp-image-2142 size-full\" src=\"http:\/\/owls-n-bats.net\/wp-content\/uploads\/2021\/06\/SUIR_press_photo_by_Caroline_Bonarde-scaled.jpg\" alt=\"\" width=\"2560\" height=\"2560\" srcset=\"https:\/\/owls-n-bats.net\/wp-content\/uploads\/2021\/06\/SUIR_press_photo_by_Caroline_Bonarde-scaled.jpg 2560w, https:\/\/owls-n-bats.net\/wp-content\/uploads\/2021\/06\/SUIR_press_photo_by_Caroline_Bonarde-300x300.jpg 300w, https:\/\/owls-n-bats.net\/wp-content\/uploads\/2021\/06\/SUIR_press_photo_by_Caroline_Bonarde-1024x1024.jpg 1024w, https:\/\/owls-n-bats.net\/wp-content\/uploads\/2021\/06\/SUIR_press_photo_by_Caroline_Bonarde-150x150.jpg 150w, https:\/\/owls-n-bats.net\/wp-content\/uploads\/2021\/06\/SUIR_press_photo_by_Caroline_Bonarde-768x768.jpg 768w, https:\/\/owls-n-bats.net\/wp-content\/uploads\/2021\/06\/SUIR_press_photo_by_Caroline_Bonarde-1536x1536.jpg 1536w, https:\/\/owls-n-bats.net\/wp-content\/uploads\/2021\/06\/SUIR_press_photo_by_Caroline_Bonarde-2048x2048.jpg 2048w\" sizes=\"(max-width: 2560px) 100vw, 2560px\" \/><\/a><p id=\"caption-attachment-2142\" class=\"wp-caption-text\">SUIR (Photo: Caroline Bonarde)<\/p><\/div>\n\n\n<p>SUIR &#8211; das K\u00f6lner Duo um Denis Wanic (Gitarre \/ Gesang) und Lucia Seiss (Synths \/ Gitarre \/ Bass) haben mit ihren beiden Alben \u201eAter\u201c und \u201eSoma\u201c (V\u00d6 Black Verb Records \/ Manic Depression Records) ihren eigenen cineastischen Kosmos aus atmosph\u00e4rischen und komplexen Wall of Sounds kreiert, die einen unwiederbringlich in einen Strudel aus dunklen und intensiven Wachtr\u00e4umen ziehen.<\/p>\n\n\n\n<p>Sie haben ihr aktuelles \u201eStudio Session\u201c Album (Wave Tension Records) mit im Gep\u00e4ck und arbeiten bereits an ihrem dritten Album.<\/p>\n\n\n\n<p><a href=\"https:\/\/suir.bandcamp.com\/\" data-type=\"URL\" data-id=\"https:\/\/suir.bandcamp.com\/\" target=\"_blank\" rel=\"noreferrer noopener\">Suir bei Bandcamp<\/a><\/p>\n\n\n\n<p><a href=\"https:\/\/www.facebook.com\/suirMusic\" target=\"_blank\" rel=\"noreferrer noopener\">Suir bei Facebook<\/a><\/p>\n\n\n\n<p><a href=\"#top\">Back to top<\/a><\/p>\n","protected":false},"excerpt":{"rendered":"<p>The Underground Youth aus Manchester (UK) leben derzeit in Berlin und haben in diesem Jahr mit \u201eThe Falling\u201c via Fuzz Club Records bereits ihr zehntes Album ver\u00f6ffentlicht. Ihre Mischung aus Shoegaze und dunklem psychedelischen Post-Punk-Sound hat eine weltweit treue Fangemeinde &hellip; <a href=\"https:\/\/owls-n-bats.net\/?page_id=2079\">Weiterlesen <span class=\"meta-nav\">&rarr;<\/span><\/a><\/p>\n","protected":false},"author":1,"featured_media":0,"parent":0,"menu_order":0,"comment_status":"closed","ping_status":"closed","template":"","meta":[],"_links":{"self":[{"href":"https:\/\/owls-n-bats.net\/index.php?rest_route=\/wp\/v2\/pages\/2079"}],"collection":[{"href":"https:\/\/owls-n-bats.net\/index.php?rest_route=\/wp\/v2\/pages"}],"about":[{"href":"https:\/\/owls-n-bats.net\/index.php?rest_route=\/wp\/v2\/types\/page"}],"author":[{"embeddable":true,"href":"https:\/\/owls-n-bats.net\/index.php?rest_route=\/wp\/v2\/users\/1"}],"replies":[{"embeddable":true,"href":"https:\/\/owls-n-bats.net\/index.php?rest_route=%2Fwp%2Fv2%2Fcomments&post=2079"}],"version-history":[{"count":44,"href":"https:\/\/owls-n-bats.net\/index.php?rest_route=\/wp\/v2\/pages\/2079\/revisions"}],"predecessor-version":[{"id":2461,"href":"https:\/\/owls-n-bats.net\/index.php?rest_route=\/wp\/v2\/pages\/2079\/revisions\/2461"}],"wp:attachment":[{"href":"https:\/\/owls-n-bats.net\/index.php?rest_route=%2Fwp%2Fv2%2Fmedia&parent=2079"}],"curies":[{"name":"wp","href":"https:\/\/api.w.org\/{rel}","templated":true}]}}