{"id":1736,"date":"2019-11-22T10:32:02","date_gmt":"2019-11-22T10:32:02","guid":{"rendered":"http:\/\/owls-n-bats.net\/?page_id=1736"},"modified":"2020-01-28T11:06:25","modified_gmt":"2020-01-28T11:06:25","slug":"line-up-winterfest-2020","status":"publish","type":"page","link":"https:\/\/owls-n-bats.net\/?page_id=1736","title":{"rendered":"Line-Up Winterfest 2020"},"content":{"rendered":"\n<ul class=\"wp-block-gallery columns-4 is-cropped\"><li class=\"blocks-gallery-item\"><figure><a href=\"http:\/\/owls-n-bats.net\/?attachment_id=1772\"><img loading=\"lazy\" width=\"1024\" height=\"689\" src=\"http:\/\/owls-n-bats.net\/wp-content\/uploads\/2019\/12\/nomore-1024x689.jpg\" alt=\"NO MORE\" data-id=\"1772\" data-link=\"http:\/\/owls-n-bats.net\/?attachment_id=1772\" class=\"wp-image-1772\" srcset=\"https:\/\/owls-n-bats.net\/wp-content\/uploads\/2019\/12\/nomore-1024x689.jpg 1024w, https:\/\/owls-n-bats.net\/wp-content\/uploads\/2019\/12\/nomore-300x202.jpg 300w, https:\/\/owls-n-bats.net\/wp-content\/uploads\/2019\/12\/nomore-768x517.jpg 768w, https:\/\/owls-n-bats.net\/wp-content\/uploads\/2019\/12\/nomore-446x300.jpg 446w\" sizes=\"(max-width: 1024px) 100vw, 1024px\" \/><\/a><\/figure><\/li><li class=\"blocks-gallery-item\"><figure><a href=\"http:\/\/owls-n-bats.net\/?attachment_id=1770\"><img loading=\"lazy\" width=\"1024\" height=\"685\" src=\"http:\/\/owls-n-bats.net\/wp-content\/uploads\/2019\/12\/empathytest-1024x685.jpg\" alt=\"EMPATHY TEST\" data-id=\"1770\" data-link=\"http:\/\/owls-n-bats.net\/?attachment_id=1770\" class=\"wp-image-1770\" srcset=\"https:\/\/owls-n-bats.net\/wp-content\/uploads\/2019\/12\/empathytest-1024x685.jpg 1024w, https:\/\/owls-n-bats.net\/wp-content\/uploads\/2019\/12\/empathytest-300x201.jpg 300w, https:\/\/owls-n-bats.net\/wp-content\/uploads\/2019\/12\/empathytest-768x514.jpg 768w, https:\/\/owls-n-bats.net\/wp-content\/uploads\/2019\/12\/empathytest-449x300.jpg 449w\" sizes=\"(max-width: 1024px) 100vw, 1024px\" \/><\/a><\/figure><\/li><li class=\"blocks-gallery-item\"><figure><a href=\"http:\/\/owls-n-bats.net\/?attachment_id=1771\"><img loading=\"lazy\" width=\"1024\" height=\"1024\" src=\"http:\/\/owls-n-bats.net\/wp-content\/uploads\/2019\/12\/jetaime-1024x1024.jpg\" alt=\"EMPATHY TEST\" data-id=\"1771\" data-link=\"http:\/\/owls-n-bats.net\/?attachment_id=1771\" class=\"wp-image-1771\" srcset=\"https:\/\/owls-n-bats.net\/wp-content\/uploads\/2019\/12\/jetaime-1024x1024.jpg 1024w, https:\/\/owls-n-bats.net\/wp-content\/uploads\/2019\/12\/jetaime-150x150.jpg 150w, https:\/\/owls-n-bats.net\/wp-content\/uploads\/2019\/12\/jetaime-300x300.jpg 300w, https:\/\/owls-n-bats.net\/wp-content\/uploads\/2019\/12\/jetaime-768x768.jpg 768w, https:\/\/owls-n-bats.net\/wp-content\/uploads\/2019\/12\/jetaime.jpg 1500w\" sizes=\"(max-width: 1024px) 100vw, 1024px\" \/><\/a><\/figure><\/li><li class=\"blocks-gallery-item\"><figure><a href=\"http:\/\/owls-n-bats.net\/?attachment_id=1773\"><img loading=\"lazy\" width=\"1024\" height=\"683\" src=\"http:\/\/owls-n-bats.net\/wp-content\/uploads\/2019\/12\/SaigonBlueRain-1-1024x683.jpg\" alt=\"SBR\" data-id=\"1773\" data-link=\"http:\/\/owls-n-bats.net\/?attachment_id=1773\" class=\"wp-image-1773\" srcset=\"https:\/\/owls-n-bats.net\/wp-content\/uploads\/2019\/12\/SaigonBlueRain-1-1024x683.jpg 1024w, https:\/\/owls-n-bats.net\/wp-content\/uploads\/2019\/12\/SaigonBlueRain-1-300x200.jpg 300w, https:\/\/owls-n-bats.net\/wp-content\/uploads\/2019\/12\/SaigonBlueRain-1-768x512.jpg 768w, https:\/\/owls-n-bats.net\/wp-content\/uploads\/2019\/12\/SaigonBlueRain-1-450x300.jpg 450w\" sizes=\"(max-width: 1024px) 100vw, 1024px\" \/><\/a><\/figure><\/li><\/ul>\n\n\n<p><a href=\"http:\/\/www.nomoremusic.eu\/\" target=\"_blank\" rel=\"noopener noreferrer\"><img loading=\"lazy\" class=\"alignnone wp-image-1772 size-full\" src=\"http:\/\/owls-n-bats.net\/wp-content\/uploads\/2019\/12\/nomore.jpg\" alt=\"\" width=\"2400\" height=\"1616\" srcset=\"https:\/\/owls-n-bats.net\/wp-content\/uploads\/2019\/12\/nomore.jpg 2400w, https:\/\/owls-n-bats.net\/wp-content\/uploads\/2019\/12\/nomore-300x202.jpg 300w, https:\/\/owls-n-bats.net\/wp-content\/uploads\/2019\/12\/nomore-768x517.jpg 768w, https:\/\/owls-n-bats.net\/wp-content\/uploads\/2019\/12\/nomore-1024x689.jpg 1024w, https:\/\/owls-n-bats.net\/wp-content\/uploads\/2019\/12\/nomore-446x300.jpg 446w\" sizes=\"(max-width: 2400px) 100vw, 2400px\" \/><\/a><\/p>\n<p><a id=\"nomore2020\"><\/a> <strong><span style=\"color: #c4853c;\">NO MORE<\/span><\/strong><\/p>\n<p><span style=\"color: #c4853c;\"> NO MORE &#8211; Sie gr\u00fcnden die Band 1979, als Punk und New Wave die 70er hinwegfegen, l\u00f6sen sich 1986 auf als die 80er zu sehr 80er sind.<\/span><\/p>\n<p><span style=\"color: #c4853c;\">Ende 2008 kommen NO MORE zur\u00fcck, verdichtet auf das Duo Tina Sanudakura und Andy Schwarz.<\/span><br><span style=\"color: #c4853c;\">Sie spielen Konzerte in ganz Europa, sind erfolgreicher denn je, ruhen sich nicht auf alten Lorbeeren aus und produzieren drei neue Alben.<\/span><br><span style=\"color: #c4853c;\">Mit ihrem neuen, hochgelobten Album \u201eSilence &amp; Revolt\u201c sto\u00dfen NO MORE in neue Gefilde vor: \u201ePop ist die Antwort\u201c Oder wie die Westzeit es formuliert: &#8220; &#8230; beweist ihr neues Werk eindrucksvoll, wie man sich entwickeln kann, ohne die Wurzeln des Selbst zu verleugnen.&#8220;<\/span><\/p>\n<p><span style=\"color: #c4853c;\">Denn NO MORE sind l\u00e4ngst ihrem 80s Klassiker \u201eSuicide Commando\u201c entwachsen.Sie pr\u00e4sentieren ihre Mischung aus Post-Punk, Pop und Electronica live in ganz Europa, ihr existentialistisches \u201eAll Is Well &#8211; Senza Macchia\u201c untermalte einen Dortmunder Tatort und \u201eTurnaround\u201c, der Instant-Klassiker vom aktuellen Album, sorgt f\u00fcr volle Tanzfl\u00e4chen.<\/span><\/p>\n<p><span style=\"color: #c4853c;\">&#8222;Nicht ganz zu Unrecht hei\u00dft es: hinten sticht die Biene! NO MORE haben sich die beste Musik f\u00fcr ihre Sp\u00e4tphase aufgehoben.&#8220; (Sonic Seducer)<\/span><\/p>\n<p><span style=\"color: #c4853c;\">Den 40. Geburtstag feiern NO MORE 2019 mit der Compilation \u201eLove, Noise &amp; Paranoia\u201c.<\/span><br><span style=\"color: #c4853c;\">Der Musikexpress gibt dem Album Sterne und schreibt: \u201eDie Welt ist dunkelgrau, misstraue der Idylle, Melancholie als Pop-Existenzialismus.\u201c<\/span><br><span style=\"color: #c4853c;\">Linus Volkmann erkl\u00e4rt sie im Popkommentar zur Platte der Woche:<\/span><br><span style=\"color: #c4853c;\">\u201eDie Sound\u00e4sthetik dieser Band ist so eisig, kann man auch im Juli zu fr\u00f6steln. Die ultimative Antithese zu Annenmaykantereit.\u201c<\/span><\/p>\n<p><span style=\"color: #7071ad;\"><strong><a style=\"color: #7071ad;\" href=\"http:\/\/www.nomoremusic.eu\" target=\"_blank\" rel=\"noopener noreferrer\">http:\/\/www.nomoremusic.eu<\/a><br><\/strong><strong><a style=\"color: #7071ad;\" href=\"https:\/\/www.facebook.com\/official.no.more\/\" target=\"_blank\" rel=\"noopener noreferrer\">https:\/\/www.facebook.com\/official.no.more\/<\/a><\/strong><strong><br><\/strong><\/span><\/p>\n<p><span style=\"color: #7071ad;\"> <strong><a style=\"color: #7071ad;\" href=\"#top\">back to top<\/a><\/strong><\/span><\/p>\n<p><a href=\"https:\/\/www.facebook.com\/SBRofficial\/\" target=\"_blank\" rel=\"noopener noreferrer\"><img loading=\"lazy\" class=\"alignnone wp-image-1773 size-full\" src=\"http:\/\/owls-n-bats.net\/wp-content\/uploads\/2019\/12\/SaigonBlueRain-1.jpg\" alt=\"\" width=\"2835\" height=\"1890\" srcset=\"https:\/\/owls-n-bats.net\/wp-content\/uploads\/2019\/12\/SaigonBlueRain-1.jpg 2835w, https:\/\/owls-n-bats.net\/wp-content\/uploads\/2019\/12\/SaigonBlueRain-1-300x200.jpg 300w, https:\/\/owls-n-bats.net\/wp-content\/uploads\/2019\/12\/SaigonBlueRain-1-768x512.jpg 768w, https:\/\/owls-n-bats.net\/wp-content\/uploads\/2019\/12\/SaigonBlueRain-1-1024x683.jpg 1024w, https:\/\/owls-n-bats.net\/wp-content\/uploads\/2019\/12\/SaigonBlueRain-1-450x300.jpg 450w\" sizes=\"(max-width: 2835px) 100vw, 2835px\" \/><\/a><\/p>\n<p><span style=\"color: #c4853c;\"><a id=\"sbr2020\"><\/a> <strong>SAIGON BLUE RAIN<\/strong><\/span><\/p>\n<div class=\"page\" title=\"Page 3\">\n<div class=\"section\">\n<div class=\"layoutArea\">\n<div class=\"column\">\n<p><span style=\"color: #c4853c;\">SAIGON BLUE RAIN &#8211; die Cold Wave Band aus Paris haben ihr drittes Album &#8222;Pink Obsession&#8220; im Gep\u00e4ck (V\u00d6 01.03.2019) Die sympathische Band hat bereits 2015 bei uns ein Wohnzimmer\/K\u00fcchen Konzert gespielt und dann 2016 beim Owls N Bats Festival auf der Waldb\u00fchne \u00fcberzeugt. Im Vorprogramm auf der Tour von &#8222;The Beauty of Gemina\u201c konnten sie dann etliche neue Fans hinzugewinnen.<\/span><\/p>\n<p><span style=\"color: #c4853c;\">F\u00fcr alle, die klassischen Wavesound m\u00f6gen, der sich an Bands wie The Cure oder New Order orientiert. Gleichzeitig findet man Einfl\u00fcsse von Shoegaze und Cold Wave, und mit Oph\u00e9lia haben sie eine S\u00e4ngerin, die stimmlich sehr an Cocteau Twins, The Curve oder die Cosmetics erinnert.<\/span><\/p>\n<p><strong><span style=\"color: #7071ad;\"><a style=\"color: #7071ad;\" href=\"https:\/\/www.facebook.com\/SBRofficial\/\" target=\"_blank\" rel=\"noopener noreferrer\">https:\/\/www.facebook.com\/SBRofficial\/<\/a><\/span><\/strong><br><strong><span style=\"color: #7071ad;\"><a style=\"color: #7071ad;\" href=\"http:\/\/saigonbluerain.bandcamp.com\" target=\"_blank\" rel=\"noopener noreferrer\">http:\/\/saigonbluerain.bandcamp.com<\/a><\/span><\/strong><\/p>\n<p><strong><span style=\"color: #7071ad;\"><a href=\"#top\"><span style=\"color: #7071ad;\">back to top<\/span><\/a><\/span><\/strong><\/p>\n<p><a href=\"http:\/\/www.jetaime-music.com\/\" target=\"_blank\" rel=\"noopener noreferrer\"><img loading=\"lazy\" class=\"alignnone wp-image-1771 size-full\" src=\"http:\/\/owls-n-bats.net\/wp-content\/uploads\/2019\/12\/jetaime.jpg\" alt=\"\" width=\"1500\" height=\"1500\" srcset=\"https:\/\/owls-n-bats.net\/wp-content\/uploads\/2019\/12\/jetaime.jpg 1500w, https:\/\/owls-n-bats.net\/wp-content\/uploads\/2019\/12\/jetaime-150x150.jpg 150w, https:\/\/owls-n-bats.net\/wp-content\/uploads\/2019\/12\/jetaime-300x300.jpg 300w, https:\/\/owls-n-bats.net\/wp-content\/uploads\/2019\/12\/jetaime-768x768.jpg 768w, https:\/\/owls-n-bats.net\/wp-content\/uploads\/2019\/12\/jetaime-1024x1024.jpg 1024w\" sizes=\"(max-width: 1500px) 100vw, 1500px\" \/><\/a><\/p>\n<p><span style=\"color: #c4853c;\"><a id=\"jetaime2020\"><\/a> <strong>JE T&#8217;AIME<\/strong><\/span><\/p>\n<p><span style=\"color: #c4853c;\">JE T&#8217;AIME sind ein klassisches Postpunk Trio aus Paris, der Stadt der Liebe. Ihr Debut Album ein abwechslungsreicher Mix aus Post-punk, Cold und New Wave. Die vielf\u00e4ltigen Einfl\u00fcsse aus den Achtzigern werden gekonnt und modern in die heutige Zeit transportiert und eigenst\u00e4ndig verarbeitet. Man h\u00f6rt ein rauhe Version von &#8222;The Smiths&#8220;, aber auch The Cure, Sisters of Mercy und die treibenden Sequenzer Beats von EBM heraus, beste Voraussetzungen f\u00fcr eine klasse Partie.<\/span><\/p>\n<p><span style=\"color: #7071ad;\"><strong><a style=\"color: #7071ad;\" href=\"http:\/\/www.jetaime-music.com\" target=\"_blank\" rel=\"noopener noreferrer\">http:\/\/www.jetaime-music.com<\/a><\/strong><\/span><br><span style=\"color: #7071ad;\"><strong><a style=\"color: #7071ad;\" href=\"https:\/\/www.facebook.com\/jetaimetheband\/\" target=\"_blank\" rel=\"noopener noreferrer\">https:\/\/www.facebook.com\/jetaimetheband\/<\/a><\/strong><\/span><\/p>\n<p><span style=\"color: #7071ad;\"><strong><a style=\"color: #7071ad;\" href=\"#top\">back to top<\/a><\/strong><\/span><\/p>\n<p><a href=\"https:\/\/www.empathytest.com\" target=\"_blank\" rel=\"noopener noreferrer\"><img loading=\"lazy\" class=\"alignnone wp-image-1770 size-full\" src=\"http:\/\/owls-n-bats.net\/wp-content\/uploads\/2019\/12\/empathytest.jpg\" alt=\"\" width=\"2835\" height=\"1896\" srcset=\"https:\/\/owls-n-bats.net\/wp-content\/uploads\/2019\/12\/empathytest.jpg 2835w, https:\/\/owls-n-bats.net\/wp-content\/uploads\/2019\/12\/empathytest-300x201.jpg 300w, https:\/\/owls-n-bats.net\/wp-content\/uploads\/2019\/12\/empathytest-768x514.jpg 768w, https:\/\/owls-n-bats.net\/wp-content\/uploads\/2019\/12\/empathytest-1024x685.jpg 1024w, https:\/\/owls-n-bats.net\/wp-content\/uploads\/2019\/12\/empathytest-449x300.jpg 449w\" sizes=\"(max-width: 2835px) 100vw, 2835px\" \/><\/a><\/p>\n<p><span style=\"color: #c4853c;\"><a id=\"empathytest2020\"><\/a> <strong>EMPATHY TEST<\/strong><\/span><\/p>\n<p><span style=\"color: #c4853c;\">EMPATHY TEST ist eine aus London stammende junge Electronic-Pop-Band.<\/span><br><span style=\"color: #c4853c;\">Die Band wurde im Januar 2013 von Isaac Howlett (Gesang, Komposition) und Adam Relf (Komposition, Produktion) gegr\u00fcndet. Der Song &#8222;Losing Touch&#8220; wurde insgesamt mehr als 520.000 Mal auf YouTube angeklickt und etwa zwei Millionen Mal auf Spotify angeh\u00f6rt.<\/span><\/p>\n<p><span style=\"color: #c4853c;\">Bei den Liveauftritten wird S\u00e4nger Isaac Howlett von Christina Lopez am Schlagzeug und Elliott Berlin am Keyboard unterst\u00fctzt. .<\/span><\/p>\n<p><span style=\"color: #c4853c;\">In diesem Jahr 2019 spielte Empathy Test bereits Konzerte mit VNV Nation in Spanien und UK, in Deutschland schloss sich eine Tour mit zehn Auftritten als Support f\u00fcr Covenant an. Au\u00dferdem spielten sie eine Doppel-Headliner-Tour mit der kanadischen Post-Punk-Band Actors in UK und im Herbst waren sie auf Tour in den USA und Kanada zusammen mit Aesthetic Perfection.<\/span><\/p>\n<p><span style=\"color: #c4853c;\">F\u00fcr alle, die Bands wie &#8222;Depeche Mode&#8220; m\u00f6gen, immer am Song orientiert mit tollen Melodien, kreieren sie ihren eigenem Stil, manchmal schwerelos, dann wieder mit krautrockigen hypnotischen Elementen, dazu die dynamischen und treibenden Drums, ergeben eine spannende neue Sound\u00e4sthetik.<\/span><\/p>\n<p><span style=\"color: #c4853c;\">Tip &#8211; unbedingt in die beiden Alben Safe From Harm &amp; Losing Touch reinh\u00f6ren.<\/span><\/p>\n<p><a href=\"https:\/\/www.empathytest.com\" target=\"_blank\" rel=\"noopener noreferrer\"><strong><span style=\"color: #7071ad;\">https:\/\/www.empathytest.com<\/span><\/strong><\/a><br><strong><span style=\"color: #7071ad;\"><a style=\"color: #7071ad;\" title=\"Undertheskin auf Bandcam\" href=\"https:\/\/www.facebook.com\/empathytest\/\" target=\"_blank\" rel=\"noopener noreferrer\">https:\/\/www.facebook.com\/empathytest\/<\/a><\/span><\/strong><\/p>\n<p><strong><span style=\"color: #7071ad;\"><a style=\"color: #7071ad;\" href=\"#top\" target=\"_blank\" rel=\"noopener noreferrer\">back to top<\/a><\/span><\/strong><\/p>\n<\/div>\n<\/div>\n<\/div>\n<\/div>","protected":false},"excerpt":{"rendered":"<p>NO MORE NO MORE &#8211; Sie gr\u00fcnden die Band 1979, als Punk und New Wave die 70er hinwegfegen, l\u00f6sen sich 1986 auf als die 80er zu sehr 80er sind. Ende 2008 kommen NO MORE zur\u00fcck, verdichtet auf das Duo Tina &hellip; <a href=\"https:\/\/owls-n-bats.net\/?page_id=1736\">Weiterlesen <span class=\"meta-nav\">&rarr;<\/span><\/a><\/p>\n","protected":false},"author":1,"featured_media":0,"parent":1098,"menu_order":0,"comment_status":"closed","ping_status":"closed","template":"","meta":[],"_links":{"self":[{"href":"https:\/\/owls-n-bats.net\/index.php?rest_route=\/wp\/v2\/pages\/1736"}],"collection":[{"href":"https:\/\/owls-n-bats.net\/index.php?rest_route=\/wp\/v2\/pages"}],"about":[{"href":"https:\/\/owls-n-bats.net\/index.php?rest_route=\/wp\/v2\/types\/page"}],"author":[{"embeddable":true,"href":"https:\/\/owls-n-bats.net\/index.php?rest_route=\/wp\/v2\/users\/1"}],"replies":[{"embeddable":true,"href":"https:\/\/owls-n-bats.net\/index.php?rest_route=%2Fwp%2Fv2%2Fcomments&post=1736"}],"version-history":[{"count":40,"href":"https:\/\/owls-n-bats.net\/index.php?rest_route=\/wp\/v2\/pages\/1736\/revisions"}],"predecessor-version":[{"id":1851,"href":"https:\/\/owls-n-bats.net\/index.php?rest_route=\/wp\/v2\/pages\/1736\/revisions\/1851"}],"up":[{"embeddable":true,"href":"https:\/\/owls-n-bats.net\/index.php?rest_route=\/wp\/v2\/pages\/1098"}],"wp:attachment":[{"href":"https:\/\/owls-n-bats.net\/index.php?rest_route=%2Fwp%2Fv2%2Fmedia&parent=1736"}],"curies":[{"name":"wp","href":"https:\/\/api.w.org\/{rel}","templated":true}]}}