{"id":1518,"date":"2019-01-26T19:40:44","date_gmt":"2019-01-26T19:40:44","guid":{"rendered":"http:\/\/owls-n-bats.net\/?page_id=1518"},"modified":"2020-01-28T10:58:46","modified_gmt":"2020-01-28T10:58:46","slug":"lineup-2019","status":"publish","type":"page","link":"https:\/\/owls-n-bats.net\/?page_id=1518","title":{"rendered":"Line-up 2019"},"content":{"rendered":"<p><a id=\"top\"><\/a>\n\t\t<style type=\"text\/css\">\n\t\t\t#gallery-2 {\n\t\t\t\tmargin: auto;\n\t\t\t}\n\t\t\t#gallery-2 .gallery-item {\n\t\t\t\tfloat: left;\n\t\t\t\tmargin-top: 10px;\n\t\t\t\ttext-align: center;\n\t\t\t\twidth: 16%;\n\t\t\t}\n\t\t\t#gallery-2 img {\n\t\t\t\tborder: 2px solid #cfcfcf;\n\t\t\t}\n\t\t\t#gallery-2 .gallery-caption {\n\t\t\t\tmargin-left: 0;\n\t\t\t}\n\t\t\t\/* see gallery_shortcode() in wp-includes\/media.php *\/\n\t\t<\/style>\n\t\t<div id='gallery-2' class='gallery galleryid-1518 gallery-columns-6 gallery-size-thumbnail'><dl class='gallery-item'>\n\t\t\t<dt class='gallery-icon landscape'>\n\t\t\t\t<a href=\"#kvb\" class=\"no-lightbox\"><img width=\"150\" height=\"150\" src=\"https:\/\/owls-n-bats.net\/wp-content\/uploads\/2019\/01\/TheKVB-150x150.jpg\" class=\"attachment-thumbnail size-thumbnail\" alt=\"TheKVB\" loading=\"lazy\" aria-describedby=\"gallery-2-1581\" \/><\/a>\n\t\t\t<\/dt>\n\t\t\t\t<dd class='wp-caption-text gallery-caption' id='gallery-2-1581'>\n\t\t\t\tThe KVB\n\t\t\t\t<\/dd><\/dl><dl class='gallery-item'>\n\t\t\t<dt class='gallery-icon landscape'>\n\t\t\t\t<a href=\"#tcs2019\" class=\"no-lightbox\"><img width=\"150\" height=\"150\" src=\"https:\/\/owls-n-bats.net\/wp-content\/uploads\/2019\/01\/tcs2019-150x150.jpg\" class=\"attachment-thumbnail size-thumbnail\" alt=\"ThenComesSilence\" loading=\"lazy\" aria-describedby=\"gallery-2-1580\" \/><\/a>\n\t\t\t<\/dt>\n\t\t\t\t<dd class='wp-caption-text gallery-caption' id='gallery-2-1580'>\n\t\t\t\tThen Comes Silence\n\t\t\t\t<\/dd><\/dl><dl class='gallery-item'>\n\t\t\t<dt class='gallery-icon landscape'>\n\t\t\t\t<a href=\"#undertheskin\" class=\"no-lightbox\"><img width=\"150\" height=\"150\" src=\"https:\/\/owls-n-bats.net\/wp-content\/uploads\/2019\/01\/undertheskin_II_fot_Liudmyla_Radyk-150x150.jpeg\" class=\"attachment-thumbnail size-thumbnail\" alt=\"Undertheskin\" loading=\"lazy\" aria-describedby=\"gallery-2-1582\" \/><\/a>\n\t\t\t<\/dt>\n\t\t\t\t<dd class='wp-caption-text gallery-caption' id='gallery-2-1582'>\n\t\t\t\tUndertheskin\n\t\t\t\t<\/dd><\/dl><dl class='gallery-item'>\n\t\t\t<dt class='gallery-icon landscape'>\n\t\t\t\t<a href=\"#bleibmodern\" class=\"no-lightbox\"><img width=\"150\" height=\"150\" src=\"https:\/\/owls-n-bats.net\/wp-content\/uploads\/2019\/01\/nuova-150x150.jpg\" class=\"attachment-thumbnail size-thumbnail\" alt=\"BleibModern\" loading=\"lazy\" aria-describedby=\"gallery-2-1579\" \/><\/a>\n\t\t\t<\/dt>\n\t\t\t\t<dd class='wp-caption-text gallery-caption' id='gallery-2-1579'>\n\t\t\t\tBleib Modern\n\t\t\t\t<\/dd><\/dl><dl class='gallery-item'>\n\t\t\t<dt class='gallery-icon landscape'>\n\t\t\t\t<a href=\"#lastcry\" class=\"no-lightbox\"><img width=\"150\" height=\"150\" src=\"https:\/\/owls-n-bats.net\/wp-content\/uploads\/2019\/01\/DD2-150x150.jpg\" class=\"attachment-thumbnail size-thumbnail\" alt=\"TheLastCry\" loading=\"lazy\" aria-describedby=\"gallery-2-1578\" \/><\/a>\n\t\t\t<\/dt>\n\t\t\t\t<dd class='wp-caption-text gallery-caption' id='gallery-2-1578'>\n\t\t\t\tThe Last Cry\n\t\t\t\t<\/dd><\/dl><dl class='gallery-item'>\n\t\t\t<dt class='gallery-icon landscape'>\n\t\t\t\t<a href=\"#brigitte\" class=\"no-lightbox\"><img width=\"150\" height=\"150\" src=\"https:\/\/owls-n-bats.net\/wp-content\/uploads\/2019\/01\/BRIGITTE_HANDLEY_portrait_WEB-150x150.jpg\" class=\"attachment-thumbnail size-thumbnail\" alt=\"BrigitteHandley\" loading=\"lazy\" aria-describedby=\"gallery-2-1577\" \/><\/a>\n\t\t\t<\/dt>\n\t\t\t\t<dd class='wp-caption-text gallery-caption' id='gallery-2-1577'>\n\t\t\t\tBrigitte Handley\n\t\t\t\t<\/dd><\/dl><br style=\"clear: both\" \/>\n\t\t<\/div>\n<br \/>\n<span style=\"color: #7071ad;\"><strong><a title=\"Lineup2019English\" href=\"http:\/\/owls-n-bats.net\/?page_id=1590 \"><span style=\"color: #7071ad;\">English<\/span><\/a><\/strong><\/span><\/p>\n<p><a id=\"kvb\"><\/a> <strong><span style=\"color: #c4853c;\">The KVB<\/span><\/strong><br \/>\n<span style=\"color: #c4853c;\"> <a href=\"http:\/\/owls-n-bats.net\/wp-content\/uploads\/2019\/01\/TheKVB.jpg\"><span style=\"color: #c4853c;\"><img loading=\"lazy\" class=\"size-full wp-image-1581\" alt=\"TheKVB\" src=\"http:\/\/owls-n-bats.net\/wp-content\/uploads\/2019\/01\/TheKVB.jpg\" width=\"800\" height=\"643\" srcset=\"https:\/\/owls-n-bats.net\/wp-content\/uploads\/2019\/01\/TheKVB.jpg 800w, https:\/\/owls-n-bats.net\/wp-content\/uploads\/2019\/01\/TheKVB-300x241.jpg 300w, https:\/\/owls-n-bats.net\/wp-content\/uploads\/2019\/01\/TheKVB-373x300.jpg 373w\" sizes=\"(max-width: 800px) 100vw, 800px\" \/><\/span><\/a><\/span><br \/>\n<span style=\"color: #c4853c;\"> The KVB &#8211; hinter den drei Lettern verbergen sich Gitarrist und S\u00e4nger Nicholas Wood und Keyboarderin Kat Day. Die Musik von &#8222;The KVB&#8220; ist eine M\u00e9lange noire aus Postpunk und Shoegaze. Die Synth-Basslines, der omnipr\u00e4sente Reverb-Effekt und die treibenden Beats rufen gro\u00dfe Namen ab, wie Joy Division, The House of Love oder Jesus and Mary Chain.<\/span><br \/>\n<span style=\"color: #c4853c;\"> Wir haben die Band im letzten Jahr beim WGT im Volkspalast erleben d\u00fcrfen und sind absolut \u00fcberzeugt, dass die n\u00e4chtliche Waldb\u00fchne der ideale Rahmen f\u00fcr ihre cineastische sph\u00e4rische Show ist.<\/span><\/p>\n<p><span style=\"color: #c4853c;\">\u201c\u2018Above Us\u2019 is about defiance in reaction to the anxieties of modern life. In a world where you and your data are the product, \u2018Above Us\u2019 seeks to reclaim the power over yourself and to make your own decisions.\u201d &#8211; Kat &amp; Nick, The KVB<\/span><\/p>\n<p><span style=\"color: #7071ad;\"><strong><a title=\"The KVB homepage\" href=\"http:\/\/www.thekvb.co.uk\" target=\"_blank\" rel=\"noopener noreferrer\"><span style=\"color: #7071ad;\">http:\/\/www.thekvb.co.uk&nbsp;<\/span><\/a><\/strong><\/span><br \/>\n<span style=\"color: #7071ad;\"> <strong><a title=\"The KVB at facebook\" href=\"https:\/\/www.facebook.com\/thekvbmusic\" target=\"_blank\" rel=\"noopener noreferrer\"><span style=\"color: #7071ad;\">https:\/\/www.facebook.com\/thekvbmusic<\/span><\/a><\/strong><\/span><\/p>\n<p><span style=\"color: #7071ad;\"><a href=\"#top\"><span style=\"color: #7071ad;\">back to top<\/span><\/a><\/span><\/p>\n<p><span style=\"color: #c4853c;\"><a id=\"tcs2019\"><\/a> <strong>Then Comes Silence<\/strong><\/span><br \/>\n<span style=\"color: #c4853c;\"> <a href=\"http:\/\/owls-n-bats.net\/wp-content\/uploads\/2019\/01\/tcs2019.jpg\"><span style=\"color: #c4853c;\"><img loading=\"lazy\" class=\"size-full wp-image-1580\" alt=\"ThenComesSilence\" src=\"http:\/\/owls-n-bats.net\/wp-content\/uploads\/2019\/01\/tcs2019.jpg\" width=\"2048\" height=\"1631\" srcset=\"https:\/\/owls-n-bats.net\/wp-content\/uploads\/2019\/01\/tcs2019.jpg 2048w, https:\/\/owls-n-bats.net\/wp-content\/uploads\/2019\/01\/tcs2019-300x238.jpg 300w, https:\/\/owls-n-bats.net\/wp-content\/uploads\/2019\/01\/tcs2019-1024x815.jpg 1024w, https:\/\/owls-n-bats.net\/wp-content\/uploads\/2019\/01\/tcs2019-376x300.jpg 376w\" sizes=\"(max-width: 2048px) 100vw, 2048px\" \/><\/span><\/a><\/span><br \/>\n<span style=\"color: #c4853c;\"> Willkommen zur\u00fcck in der Finsternis.<\/span><br \/>\n<span style=\"color: #c4853c;\"> Das Quartett aus Stockholm bringt eine frische Brise in die Gothic Szene, mit abgrundtiefer Schw\u00e4rze, einem h\u00e4mmernden Rhythmus und Melodien die zum einen das Herz zum schmelzen bringen k\u00f6nnen, aber gleichzeitig das Blut gefrieren lassen. Die Faszination von Doom und Dunkelheit durchdringen ihre Texte. Die Musik von Then Comes Silence nimmt den H\u00f6rer mit auf eine Reise von l\u00e4rmenden Postpunk, \u00fcber d\u00fcsteren Goth-Gaze mit intensiven und vertr\u00e4umten Soundscapes und Psychedelic Rock und diese Melange ergeben einen eigenst\u00e4ndigen Sound, eine dichte, verzerrte, nebelige und verw\u00fcsteten Postkarte aus dem menschlichen Verderben.<\/span><\/p>\n<p><span style=\"color: #c4853c;\">Das aktuelle vierte Album &#8222;Blood&#8220; (ver\u00f6ffentlicht bei Nuclear Blast) wurde produziert von Tom van Heesch (Rammstein, Entombed A.D., Backyard Babies, Michael Monroe) und die Band absolvierte im letzten Jahr eine ausgiebige Tour durch Europa u.a. mit Bands wie Fields of The Nephilim, Chameleons Vox..<\/span><\/p>\n<p><span style=\"color: #7071ad;\"><strong><a title=\"Then Comes Silence homepage\" href=\"http:\/\/www.thencomessilence.com\" target=\"_blank\" rel=\"noopener noreferrer\"><span style=\"color: #7071ad;\">http:\/\/www.thencomessilence.com<\/span><\/a><\/strong><\/span><br \/>\n<span style=\"color: #7071ad;\"> <strong><a title=\"Then Comes Silence at facebook\" href=\"http:\/\/www.facebook.com\/thencomessilence\" target=\"_blank\" rel=\"noopener noreferrer\"><span style=\"color: #7071ad;\">http:\/\/www.facebook.com\/thencomessilence<\/span><\/a><\/strong><\/span><\/p>\n<p><span style=\"color: #7071ad;\"><a href=\"#top\"><span style=\"color: #7071ad;\">back to top<\/span><\/a><\/span><\/p>\n<p><span style=\"color: #c4853c;\"><a id=\"bleibmodern\"><\/a> <strong>Bleib Modern<\/strong><\/span><\/p>\n<p><a href=\"http:\/\/owls-n-bats.net\/wp-content\/uploads\/2019\/01\/nuova.jpg\"><img loading=\"lazy\" class=\"size-full wp-image-1579\" alt=\"BleibModern\" src=\"http:\/\/owls-n-bats.net\/wp-content\/uploads\/2019\/01\/nuova.jpg\" width=\"2048\" height=\"1365\" srcset=\"https:\/\/owls-n-bats.net\/wp-content\/uploads\/2019\/01\/nuova.jpg 2048w, https:\/\/owls-n-bats.net\/wp-content\/uploads\/2019\/01\/nuova-300x199.jpg 300w, https:\/\/owls-n-bats.net\/wp-content\/uploads\/2019\/01\/nuova-1024x682.jpg 1024w, https:\/\/owls-n-bats.net\/wp-content\/uploads\/2019\/01\/nuova-450x300.jpg 450w\" sizes=\"(max-width: 2048px) 100vw, 2048px\" \/><\/a><br \/>\n<span style=\"color: #c4853c;\"> eine junge Band aus Berlin \/ M\u00fcnchen, bestehend aus den Musikern Philipp L\u00e4ufer (Bandgr\u00fcnder, Songwriter, Gitarrist und S\u00e4nger) und, Vinz Eberlein (Gitarrist), Peter Zeitner (Gitarrist), Leo Beck (Bass) und Tommy Schamann (Drums). Sie spielen eine Mischung aus Shoegaze, Gothic Rock und Postpunk, gekonnt auf ihre eigene Art und sind daher weit mehr als nur eine Retro-Band. Bleib Modern bleiben modern und bereichern den deutschen Underground ungemein. Wer dem dunklen Eskapismus von Ritual Howls, Lebanon Hanover oder The Underground Youth verfallen ist, wird auch Bleib Modern lieben.<\/span><\/p>\n<p><span style=\"color: #c4853c;\">Es klinge wie der Soundtrack zum traurigsten Film, den man sich vorstellen kann, sagt Philipp L\u00e4ufer selbst \u00fcber das Album, dessen Farbklangspektrum man am ehesten mit Schwarz- und Grauschattierungen beschreiben kann.<\/span><\/p>\n<p><span style=\"color: #7071ad;\"><strong><a title=\"Bleib Modern at bandcamp\" href=\"https:\/\/bleibmodern.bandcamp.com\" target=\"_blank\" rel=\"noopener noreferrer\"><span style=\"color: #7071ad;\">https:\/\/bleibmodern.bandcamp.com<\/span><\/a><\/strong><\/span><br \/>\n<span style=\"color: #7071ad;\"> <strong><a title=\"Bleib Modern at facebook\" href=\"https:\/\/www.facebook.com\/bleibmodern\/\" target=\"_blank\" rel=\"noopener noreferrer\"><span style=\"color: #7071ad;\">https:\/\/www.facebook.com\/bleibmodern\/<\/span><\/a><\/strong><\/span><\/p>\n<p><span style=\"color: #7071ad;\"><a href=\"#top\"><span style=\"color: #7071ad;\">back to top<\/span><\/a><\/span><\/p>\n<p><span style=\"color: #c4853c;\"><a id=\"undertheskin\"><\/a> <strong>Undertheskin<\/strong><\/span><br \/>\n<span style=\"color: #c4853c;\"> <a href=\"http:\/\/owls-n-bats.net\/wp-content\/uploads\/2019\/01\/UTS_promo_2017_2_logo.jpeg\"><span style=\"color: #c4853c;\"><img loading=\"lazy\" class=\"alignnone size-full wp-image-1583\" alt=\"UndertheskinLive\" src=\"http:\/\/owls-n-bats.net\/wp-content\/uploads\/2019\/01\/UTS_promo_2017_2_logo.jpeg\" width=\"1034\" height=\"498\" srcset=\"https:\/\/owls-n-bats.net\/wp-content\/uploads\/2019\/01\/UTS_promo_2017_2_logo.jpeg 1034w, https:\/\/owls-n-bats.net\/wp-content\/uploads\/2019\/01\/UTS_promo_2017_2_logo-300x144.jpeg 300w, https:\/\/owls-n-bats.net\/wp-content\/uploads\/2019\/01\/UTS_promo_2017_2_logo-1024x493.jpeg 1024w, https:\/\/owls-n-bats.net\/wp-content\/uploads\/2019\/01\/UTS_promo_2017_2_logo-500x240.jpeg 500w\" sizes=\"(max-width: 1034px) 100vw, 1034px\" \/><\/span><\/a><\/span><\/p>\n<p><span style=\"color: #c4853c;\">undertheskin ist das Solo-Projekt von Mariusz \u0141uniewski aus Krakau, bei Live-Auftritten ein Trio. Hier trifft der k\u00fchle Sound der 80er mit Shoegaze-Postpunk-Gitarrensound aufeinander, gepr\u00e4gt von einer ausdrucksstarken und eiskalten Stimme die wahrlich unter die Haut geht. Musik wie ein doppelter Espresso \u2013 stark und schwarz!&nbsp;<\/span><\/p>\n<p><span style=\"color: #c4853c;\">Das Deb\u00fctalbum &#8222;undertheskin&#8220; hat \u00fcberall auf der Welt gro\u00dfe Rezensionen erhalten &#8211; nur eine Woche nach der Premiere erreicht es Platz 1 auf bandcamp als das weltbestverkaufte alternative Album! Auf die Waldb\u00fchne bringen sie nun Ihr aktuelles Album &#8222;Negative&#8220; mit, das im April 2019 ver\u00f6ffentlicht wurde.<\/span><\/p>\n<p><span style=\"color: #c4853c;\">Sie spielten Konzerte bereits mit ikonischen Bands wie The Soft Moon, Drab Majesty, Soviet Soviet, Lebanon Hannover&#8230;&#8230;, traten beim Sacrosanct Festival (UK), Gotham Sounds Festival (DE), Klub Dod (SE) beim Wave Gotik Treffen&nbsp; in Leipzig auf.<\/span><\/p>\n<p><span style=\"color: #7071ad;\"><strong><a title=\"Understheskin at facebook\" href=\"https:\/\/www.facebook.com\/0undertheskin\/\" target=\"_blank\" rel=\"noopener noreferrer\"><span style=\"color: #7071ad;\">https:\/\/www.facebook.com\/0undertheskin\/<\/span><\/a><\/strong><\/span><br \/>\n<span style=\"color: #7071ad;\"><strong><a title=\"Undertheskin auf Bandcam\" href=\"https:\/\/underskin.bandcamp.com\" target=\"_blank\" rel=\"noopener noreferrer\"><span style=\"color: #7071ad;\">https:\/\/underskin.bandcamp.com<\/span><\/a><\/strong><\/span><\/p>\n<p><span style=\"color: #7071ad;\"><a href=\"#top\" target=\"_blank\" rel=\"noopener noreferrer\"><span style=\"color: #7071ad;\">back to top<\/span><\/a><\/span><\/p>\n<p><span style=\"color: #c4853c;\"><a id=\"lastcry\"><\/a> The Last Cry<\/span><br \/>\n<span style=\"color: #c4853c;\"> <a href=\"http:\/\/owls-n-bats.net\/wp-content\/uploads\/2019\/01\/DD2.jpg\"><span style=\"color: #c4853c;\"><img loading=\"lazy\" class=\"size-full wp-image-1578\" alt=\"TheLastCry\" src=\"http:\/\/owls-n-bats.net\/wp-content\/uploads\/2019\/01\/DD2.jpg\" width=\"2048\" height=\"1365\" srcset=\"https:\/\/owls-n-bats.net\/wp-content\/uploads\/2019\/01\/DD2.jpg 2048w, https:\/\/owls-n-bats.net\/wp-content\/uploads\/2019\/01\/DD2-300x199.jpg 300w, https:\/\/owls-n-bats.net\/wp-content\/uploads\/2019\/01\/DD2-1024x682.jpg 1024w, https:\/\/owls-n-bats.net\/wp-content\/uploads\/2019\/01\/DD2-450x300.jpg 450w\" sizes=\"(max-width: 2048px) 100vw, 2048px\" \/><\/span><\/a><\/span><\/p>\n<p><span style=\"color: #c4853c;\">sind ein britisches Trio aus Brighton (UK) , bestehend aus Andrew Birch (Vocals), Chris Carey (Bass, Keyboards) und Tim Green (Gitarre, Keyboards). Eine Band, die sich durch zahlreiche Shows in UK und Europa den Ruf eines &#8222;Must See Live Acts&#8220; erspielt hat.<\/span><\/p>\n<p><span style=\"color: #c4853c;\">Beeinflusst von legend\u00e4ren Bands wie The Cure oder Depeche Mode habe sie ihre eigenen unverkennbaren Sound entwickelt.<\/span><\/p>\n<p><span style=\"color: #c4853c;\">So findet man bei &#8222;The Last Cry&#8220; neben sanften Balladen, die von sph\u00e4rischen Keyboardfl\u00e4chen und ruhigen, doch schon an The Cure erinnernden Gitarrenl\u00e4ufen getragen werden, auch beatlastige, rhythmisch-treibende Songs mit der einpr\u00e4gsamen Stimme von Andrew Birch.<\/span><\/p>\n<p><span style=\"color: #c4853c;\">Alles in allem aber intensiv, atmosph\u00e4risch dicht und dramatisch verpackt. \u00dcber allem schwebt der Hauch des Goth-Rock und so schlie\u00dfen The Last Cry mit ihrer musikalischen Mischung nicht nur eine L\u00fccke zwischen Musikstilen, sondern in gewisser Weise auch zwischen Generationen.<\/span><\/p>\n<p><span style=\"color: #c4853c;\">The Last Cry haben bereits u.a. mit Szenebands wie The Stranglers, New Model Army, The Chameleons, Skeletal Family, The Damned und The Mission gespielt.<\/span><\/p>\n<p><span style=\"color: #7071ad;\"><strong><a title=\"The Last Cry at bandcamp\" href=\"https:\/\/thelastcryuk.bandcamp.com\" target=\"_blank\" rel=\"noopener noreferrer\"><span style=\"color: #7071ad;\">https:\/\/thelastcry.bandcamp.com<\/span><\/a><\/strong><\/span><br \/>\n<span style=\"color: #7071ad;\"><strong><a title=\"The Last Cry at facebook\" href=\"https:\/\/www.facebook.com\/The-Last-Cry-112348155471541\/\" target=\"_blank\" rel=\"noopener noreferrer\"><span style=\"color: #7071ad;\">https:\/\/www.facebook.com\/The-Last-Cry-112348155471541\/<\/span><\/a><\/strong><\/span><\/p>\n<p><span style=\"color: #7071ad;\"><a href=\"#top\"><span style=\"color: #7071ad;\">back to top<\/span><\/a><\/span><\/p>\n<p><span style=\"color: #c4853c;\"><a id=\"brigitte\"><\/a> Brigitte Handley<\/span><br \/>\n<span style=\"color: #c4853c;\"> <a href=\"http:\/\/owls-n-bats.net\/wp-content\/uploads\/2019\/01\/BRIGITTE_HANDLEY_portrait_WEB.jpg\"><span style=\"color: #c4853c;\"><img loading=\"lazy\" class=\"size-full wp-image-1577\" alt=\"BrigitteHandley\" src=\"http:\/\/owls-n-bats.net\/wp-content\/uploads\/2019\/01\/BRIGITTE_HANDLEY_portrait_WEB.jpg\" width=\"800\" height=\"450\" srcset=\"https:\/\/owls-n-bats.net\/wp-content\/uploads\/2019\/01\/BRIGITTE_HANDLEY_portrait_WEB.jpg 800w, https:\/\/owls-n-bats.net\/wp-content\/uploads\/2019\/01\/BRIGITTE_HANDLEY_portrait_WEB-300x168.jpg 300w, https:\/\/owls-n-bats.net\/wp-content\/uploads\/2019\/01\/BRIGITTE_HANDLEY_portrait_WEB-500x281.jpg 500w\" sizes=\"(max-width: 800px) 100vw, 800px\" \/><\/span><\/a><\/span><br \/>\n<span style=\"color: #c4853c;\"> die australische S\u00e4ngerin und Gitarristin der Band Dark Shadows sollte man definitiv nicht verpassen, was f\u00fcr eine fesselnde und hypnotische Stimme und was f\u00fcr gro\u00dfartige Songs.<\/span><\/p>\n<p><span style=\"color: #c4853c;\">Ihre Solo Electric Show zusammen mit ihrer &#8222;Black Gretsch&#8220; Gitarre, Effekten und Loops werden die &#8222;Waldb\u00fchne&#8220; verzaubern.<\/span><\/p>\n<p><span style=\"color: #c4853c;\">Ihr aktuelles Album \u2018The Edge of Silence\u2019 beinhaltet Interpretationen von Dark Shadows Songs und eine spannende und frische Cover-Version von Kraftwerks, \u2018The Model\u2019.<\/span><\/p>\n<p><span style=\"color: #c4853c;\">Brigitte hat bereits auf internationalen Festivals inklusive Leopalooza (UK), Wave Gotik Treffen (WGT), Leipzig, Winter Acoustic Festival, D\u00fcsseldorf, Geisterfest in Burg&nbsp;Sternberg, Whitby Gothic Weekend UK, Art of Dark Festival, K\u00f6ln, Semana Gotica Festival Madrid, Ink &#8217;n&#8216; Iron Festival in Long Beach Kalifornien gespielt<\/span><\/p>\n<p><span style=\"color: #7071ad;\"><strong><a title=\"Brigitte Handley at bandcamp\" href=\"https:\/\/brigittehandley.bandcamp.com\" target=\"_blank\" rel=\"noopener noreferrer\"><span style=\"color: #7071ad;\">https:\/\/brigittehandley.bandcamp.com<\/span><\/a><\/strong><\/span><br \/>\n<span style=\"color: #7071ad;\"><strong><a title=\"Brigitte Handley ar facebook\" href=\"https:\/\/de-de.facebook.com\/brigitte.handley\/\" target=\"_blank\" rel=\"noopener noreferrer\"><span style=\"color: #7071ad;\">https:\/\/de-de.facebook.com\/brigitte.handley\/<\/span><\/a><\/strong><\/span><\/p>\n<p><span style=\"color: #7071ad;\"><a href=\"#top\"><span style=\"color: #7071ad;\">back to top<\/span><\/a><\/span><\/p>\n","protected":false},"excerpt":{"rendered":"<p>English The KVB The KVB &#8211; hinter den drei Lettern verbergen sich Gitarrist und S\u00e4nger Nicholas Wood und Keyboarderin Kat Day. Die Musik von &#8222;The KVB&#8220; ist eine M\u00e9lange noire aus Postpunk und Shoegaze. Die Synth-Basslines, der omnipr\u00e4sente Reverb-Effekt und &hellip; <a href=\"https:\/\/owls-n-bats.net\/?page_id=1518\">Weiterlesen <span class=\"meta-nav\">&rarr;<\/span><\/a><\/p>\n","protected":false},"author":1,"featured_media":0,"parent":1098,"menu_order":0,"comment_status":"closed","ping_status":"open","template":"","meta":[],"_links":{"self":[{"href":"https:\/\/owls-n-bats.net\/index.php?rest_route=\/wp\/v2\/pages\/1518"}],"collection":[{"href":"https:\/\/owls-n-bats.net\/index.php?rest_route=\/wp\/v2\/pages"}],"about":[{"href":"https:\/\/owls-n-bats.net\/index.php?rest_route=\/wp\/v2\/types\/page"}],"author":[{"embeddable":true,"href":"https:\/\/owls-n-bats.net\/index.php?rest_route=\/wp\/v2\/users\/1"}],"replies":[{"embeddable":true,"href":"https:\/\/owls-n-bats.net\/index.php?rest_route=%2Fwp%2Fv2%2Fcomments&post=1518"}],"version-history":[{"count":34,"href":"https:\/\/owls-n-bats.net\/index.php?rest_route=\/wp\/v2\/pages\/1518\/revisions"}],"predecessor-version":[{"id":2129,"href":"https:\/\/owls-n-bats.net\/index.php?rest_route=\/wp\/v2\/pages\/1518\/revisions\/2129"}],"up":[{"embeddable":true,"href":"https:\/\/owls-n-bats.net\/index.php?rest_route=\/wp\/v2\/pages\/1098"}],"wp:attachment":[{"href":"https:\/\/owls-n-bats.net\/index.php?rest_route=%2Fwp%2Fv2%2Fmedia&parent=1518"}],"curies":[{"name":"wp","href":"https:\/\/api.w.org\/{rel}","templated":true}]}}