{"id":1295,"date":"2018-02-19T12:48:17","date_gmt":"2018-02-19T12:48:17","guid":{"rendered":"http:\/\/owls-n-bats.net\/?page_id=1295"},"modified":"2019-01-26T19:54:25","modified_gmt":"2019-01-26T19:54:25","slug":"line-up-2018","status":"publish","type":"page","link":"https:\/\/owls-n-bats.net\/?page_id=1295","title":{"rendered":"Line-Up 2018"},"content":{"rendered":"\n\t\t<style type=\"text\/css\">\n\t\t\t#gallery-2 {\n\t\t\t\tmargin: auto;\n\t\t\t}\n\t\t\t#gallery-2 .gallery-item {\n\t\t\t\tfloat: left;\n\t\t\t\tmargin-top: 10px;\n\t\t\t\ttext-align: center;\n\t\t\t\twidth: 16%;\n\t\t\t}\n\t\t\t#gallery-2 img {\n\t\t\t\tborder: 2px solid #cfcfcf;\n\t\t\t}\n\t\t\t#gallery-2 .gallery-caption {\n\t\t\t\tmargin-left: 0;\n\t\t\t}\n\t\t\t\/* see gallery_shortcode() in wp-includes\/media.php *\/\n\t\t<\/style>\n\t\t<div id='gallery-2' class='gallery galleryid-1295 gallery-columns-6 gallery-size-thumbnail'><dl class='gallery-item'>\n\t\t\t<dt class='gallery-icon landscape'>\n\t\t\t\t<a href=\"#Skeletal\" class=\"no-lightbox\"><img width=\"150\" height=\"150\" src=\"https:\/\/owls-n-bats.net\/wp-content\/uploads\/2018\/02\/ONB_SkeletalFamily-150x150.jpg\" class=\"attachment-thumbnail size-thumbnail\" alt=\"\" loading=\"lazy\" aria-describedby=\"gallery-2-1347\" \/><\/a>\n\t\t\t<\/dt>\n\t\t\t\t<dd class='wp-caption-text gallery-caption' id='gallery-2-1347'>\n\t\t\t\tSkeleton Family\n\t\t\t\t<\/dd><\/dl><dl class='gallery-item'>\n\t\t\t<dt class='gallery-icon landscape'>\n\t\t\t\t<a href=\"#AshCode\" class=\"no-lightbox\"><img width=\"150\" height=\"150\" src=\"https:\/\/owls-n-bats.net\/wp-content\/uploads\/2018\/02\/ONB_AshCode-150x150.jpg\" class=\"attachment-thumbnail size-thumbnail\" alt=\"\" loading=\"lazy\" aria-describedby=\"gallery-2-1344\" \/><\/a>\n\t\t\t<\/dt>\n\t\t\t\t<dd class='wp-caption-text gallery-caption' id='gallery-2-1344'>\n\t\t\t\tAsh Code\n\t\t\t\t<\/dd><\/dl><dl class='gallery-item'>\n\t\t\t<dt class='gallery-icon portrait'>\n\t\t\t\t<a href=\"#LaCarbone\" class=\"no-lightbox\"><img width=\"150\" height=\"150\" src=\"https:\/\/owls-n-bats.net\/wp-content\/uploads\/2018\/02\/ONB_LauraCarbone-150x150.jpg\" class=\"attachment-thumbnail size-thumbnail\" alt=\"\" loading=\"lazy\" aria-describedby=\"gallery-2-1346\" \/><\/a>\n\t\t\t<\/dt>\n\t\t\t\t<dd class='wp-caption-text gallery-caption' id='gallery-2-1346'>\n\t\t\t\tLaura Carbone\n\t\t\t\t<\/dd><\/dl><dl class='gallery-item'>\n\t\t\t<dt class='gallery-icon landscape'>\n\t\t\t\t<a href=\"#TFR\" class=\"no-lightbox\"><img width=\"150\" height=\"150\" src=\"https:\/\/owls-n-bats.net\/wp-content\/uploads\/2018\/02\/ONB_ForeignResort-150x150.jpg\" class=\"attachment-thumbnail size-thumbnail\" alt=\"\" loading=\"lazy\" aria-describedby=\"gallery-2-1345\" \/><\/a>\n\t\t\t<\/dt>\n\t\t\t\t<dd class='wp-caption-text gallery-caption' id='gallery-2-1345'>\n\t\t\t\tThe Foreign Resort\n\t\t\t\t<\/dd><\/dl><dl class='gallery-item'>\n\t\t\t<dt class='gallery-icon landscape'>\n\t\t\t\t<a href=\"#Traitrs\" class=\"no-lightbox\"><img width=\"150\" height=\"150\" src=\"https:\/\/owls-n-bats.net\/wp-content\/uploads\/2018\/02\/ONB_Traitrs-150x150.png\" class=\"attachment-thumbnail size-thumbnail\" alt=\"\" loading=\"lazy\" aria-describedby=\"gallery-2-1349\" \/><\/a>\n\t\t\t<\/dt>\n\t\t\t\t<dd class='wp-caption-text gallery-caption' id='gallery-2-1349'>\n\t\t\t\tTraitrs\n\t\t\t\t<\/dd><\/dl><dl class='gallery-item'>\n\t\t\t<dt class='gallery-icon landscape'>\n\t\t\t\t<a href=\"#Sweet\" class=\"no-lightbox\"><img width=\"150\" height=\"150\" src=\"https:\/\/owls-n-bats.net\/wp-content\/uploads\/2018\/02\/ONB_SweetErmengarde-150x150.jpg\" class=\"attachment-thumbnail size-thumbnail\" alt=\"\" loading=\"lazy\" aria-describedby=\"gallery-2-1348\" \/><\/a>\n\t\t\t<\/dt>\n\t\t\t\t<dd class='wp-caption-text gallery-caption' id='gallery-2-1348'>\n\t\t\t\tSweet Ermengarde\n\t\t\t\t<\/dd><\/dl><br style=\"clear: both\" \/>\n\t\t<\/div>\n\n<p>English<\/p>\n<p><span style=\"color: #c4853c;\"><strong>Skeletal Family<\/strong><\/span><\/p>\n<p><a title=\"Skeletal Family\" href=\"http:\/\/www.skeletalfamily.com\" target=\"_blank\"><img loading=\"lazy\" class=\"size-full wp-image-1347\" alt=\"Skeleton Family\" src=\"http:\/\/owls-n-bats.net\/wp-content\/uploads\/2018\/02\/ONB_SkeletalFamily.jpg\" width=\"3456\" height=\"2304\" srcset=\"https:\/\/owls-n-bats.net\/wp-content\/uploads\/2018\/02\/ONB_SkeletalFamily.jpg 3456w, https:\/\/owls-n-bats.net\/wp-content\/uploads\/2018\/02\/ONB_SkeletalFamily-300x200.jpg 300w, https:\/\/owls-n-bats.net\/wp-content\/uploads\/2018\/02\/ONB_SkeletalFamily-1024x682.jpg 1024w, https:\/\/owls-n-bats.net\/wp-content\/uploads\/2018\/02\/ONB_SkeletalFamily-450x300.jpg 450w\" sizes=\"(max-width: 3456px) 100vw, 3456px\" \/><\/a><\/p>\n<p><span><span style=\"color: #c4853c;\">Skeleton Family<\/span>\u00a0<\/span><span style=\"color: #c4853c;\">sind wahre Klassiker des Gothic Rock Genres. 1982 geht aus der Punkband \u201eThe Elements\u201c die Band hervor, der neue Name basiert auf dem David Bowie Song \u201eChant of the Ever Circling Skeletal Family. Bereits die erste Single erlangt \u00fcber John Peels Radioshow den Durchbruch in den britischen Indie-Charts. 1984 supportet die Band \u201eThe Sisters of Mercy\u201c auf ihrer Tour und dadurch werden sie erstmals einer gr\u00f6\u00dferen \u00d6ffentlichkeit bekannt und erreichen mit ihrem Deb\u00fctalbum\u201cBurning Oil\u201c Platz 1 der Indepenent Charts. Das zweite Album \u201eFutile Combat\u201c enth\u00e4lt ihre bekannteste Single, den Song \u201ePromised Land\u201c.<\/span><br \/>\n<span style=\"color: #c4853c;\"> Die S\u00e4ngerin Anne-Marie Hurst war u.a. gemeinsam mit \u201eThe Sisters of Mercy\u201c Mitbegr\u00fcnder Gary Marx an dem Projekt \u201eGhost Dance\u201c beteiligt.<\/span><br \/>\n<span style=\"color: #c4853c;\"> Im letzten Jahr haben wir die Band auf dem WGT im \u201eFelsenkeller\u201c gesehen und dort haben sie eine intensive treibende Rock\/Wave Show gespielt, das Publikum war begeistert. Wir k\u00f6nnen uns wirklich auf einen tollen und absolut sympathischen Headliner freuen.\u00a0<\/span><\/p>\n<div title=\"Page 2\">\n<p><span style=\"color: #7071ad;\"><a href=\"http:\/\/www.skeletalfamily.com\" target=\"_blank\"><span style=\"color: #7071ad;\">http:\/\/www.skeletalfamily.com<\/span><\/a><\/span><br \/>\n<span style=\"color: #7071ad;\"> <a href=\"https:\/\/www.facebook.com\/official.skeletal.family\" target=\"_blank\"><span style=\"color: #7071ad;\">https:\/\/www.facebook.com\/official.skeletal.family<\/span><\/a><\/span><\/p>\n<p><span style=\"color: #7071ad;\"><a href=\"#top\"><span style=\"color: #7071ad;\">back to top<\/span><\/a><\/span><\/p>\n<p><span style=\"color: #c4853c;\"><a id=\"AshCode\"><\/a><strong>Ash Code<\/strong><\/span><\/p>\n<p><a href=\"http:\/\/www.ashcode.eu\" target=\"_blank\"><img loading=\"lazy\" class=\"size-full wp-image-1344\" alt=\"Ash Code\" src=\"http:\/\/owls-n-bats.net\/wp-content\/uploads\/2018\/02\/ONB_AshCode.jpg\" width=\"1024\" height=\"700\" srcset=\"https:\/\/owls-n-bats.net\/wp-content\/uploads\/2018\/02\/ONB_AshCode.jpg 1024w, https:\/\/owls-n-bats.net\/wp-content\/uploads\/2018\/02\/ONB_AshCode-300x205.jpg 300w, https:\/\/owls-n-bats.net\/wp-content\/uploads\/2018\/02\/ONB_AshCode-438x300.jpg 438w\" sizes=\"(max-width: 1024px) 100vw, 1024px\" \/><\/a><\/p>\n<div title=\"Page 3\">\n<p><span style=\"color: #c4853c;\">Ash Code sind eine italienische Dark Wave Band aus Neapel \u2013 schon lange auf unserer Wunschliste, jetzt hat es endlich geklappt. Eine spannende junge Szene Band, die den Spagat zwischen Gitarren Band und Dancefloor locker hinbekommt. Der Sound pendelt dabei zischen Post- Punk, Synthpop und EBM und ist dabei immer tanzbar.<\/span><\/p>\n<p><span style=\"color: #c4853c;\">Am 18. Mai 2018 erschien ihr Album &#8222;Perspektive&#8220;.<\/span><\/p>\n<p><span style=\"color: #7071ad;\"><a href=\"http:\/\/www.ashcode.eu\" target=\"_blank\"><span style=\"color: #7071ad;\">http:\/\/www.ashcode.eu<\/span><\/a><\/span><br \/>\n<span style=\"color: #7071ad;\"> <a href=\"https:\/\/www.facebook.com\/ashcodemusic\" target=\"_blank\"><span style=\"color: #7071ad;\">https:\/\/www.facebook.com\/ashcodemusic<\/span><\/a><\/span><\/p>\n<p><a href=\"#top\"><span style=\"color: #7071ad;\">back to top<\/span><\/a><\/p>\n<\/div>\n<p><span style=\"color: #c4853c;\"><a id=\"LaCarbone\"><\/a><strong>Laura Carbone<\/strong><\/span><\/p>\n<p><a href=\"http:\/\/www.lauracarbone.com\" target=\"_blank\"><img loading=\"lazy\" class=\"size-full wp-image-1346\" alt=\"Laura Carbone\" src=\"http:\/\/owls-n-bats.net\/wp-content\/uploads\/2018\/02\/ONB_LauraCarbone.jpg\" width=\"2953\" height=\"3898\" srcset=\"https:\/\/owls-n-bats.net\/wp-content\/uploads\/2018\/02\/ONB_LauraCarbone.jpg 2953w, https:\/\/owls-n-bats.net\/wp-content\/uploads\/2018\/02\/ONB_LauraCarbone-227x300.jpg 227w, https:\/\/owls-n-bats.net\/wp-content\/uploads\/2018\/02\/ONB_LauraCarbone-775x1024.jpg 775w\" sizes=\"(max-width: 2953px) 100vw, 2953px\" \/><\/a><\/p>\n<div title=\"Page 4\">\n<p><span style=\"color: #c4853c;\">Laura Carbone wirkt, als w\u00e4re sie geradewegs einem David-Lynch-Film entstiegen. Mit pointierten Lyrics und d\u00fcsteren Sounds zieht sie ihre Zuh\u00f6rer auf die dunkle Seite des Pop und zelebriert unwiderstehliche Melodien und l\u00e4ssige Rock\u2019nRoll-Attit\u00fcde. Die ehemalige S\u00e4ngerin der Elektropunk-Formation \u201aDeine Jugend\u2019 huldigt auf ihrem Solodeb\u00fct \u201aSirens\u2019 Ikonen des 80er\/90er Dark Wave Pop wie PJ Harvey, Laura Branigan und Chris Isaak.<\/span><\/p>\n<p><span style=\"color: #c4853c;\">Am 1. Juni 2018 erschien ihr aktuelles Album &#8222;Empty Sea&#8220;<\/span><\/p>\n<p><span style=\"color: #7071ad;\"><a href=\"http:\/\/www.lauracarbone.com\" target=\"_blank\"><span style=\"color: #7071ad;\">http:\/\/www.lauracarbone.com<\/span><\/a>\u00a0<\/span><\/p>\n<\/div>\n<p><span style=\"color: #7071ad;\"><a href=\"#top\"><span style=\"color: #7071ad;\">back to top<\/span><\/a><\/span><\/p>\n<p><span style=\"color: #c4853c;\"><a id=\"TFR\"><\/a><strong>The Foreign Resort<\/strong><\/span><\/p>\n<p><a href=\"http:\/\/theforeignresort.com\" target=\"_blank\"><img loading=\"lazy\" class=\"size-full wp-image-1345\" alt=\"The Foreign Resort\" src=\"http:\/\/owls-n-bats.net\/wp-content\/uploads\/2018\/02\/ONB_ForeignResort.jpg\" width=\"1500\" height=\"1000\" srcset=\"https:\/\/owls-n-bats.net\/wp-content\/uploads\/2018\/02\/ONB_ForeignResort.jpg 1500w, https:\/\/owls-n-bats.net\/wp-content\/uploads\/2018\/02\/ONB_ForeignResort-300x200.jpg 300w, https:\/\/owls-n-bats.net\/wp-content\/uploads\/2018\/02\/ONB_ForeignResort-1024x682.jpg 1024w, https:\/\/owls-n-bats.net\/wp-content\/uploads\/2018\/02\/ONB_ForeignResort-450x300.jpg 450w\" sizes=\"(max-width: 1500px) 100vw, 1500px\" \/><\/a><\/p>\n<div title=\"Page 5\">\n<p><span style=\"color: #c4853c;\">Das Trio &#8211; Henrik Fischlein (Guitar\/Bass), Mikkel B. Jakobsen (Vocals\/Guitar) und Morten Hansen (Drums\/Vocals) aus Kopenhagen spielen einen wunderbar melodischen und atmosph\u00e4risch dichten Post Punk\/ New Wave. Die Reverb-Gitarren erinnern an Bands wie The Chameleons, The Cure, Jesus &amp; Mary Chain, aber auch Joy Division oder My Bloody Valentine.<\/span><br \/>\n<span style=\"color: #c4853c;\"> Die Songs haben Biss, eine enorme Dynamik, aber immer durchsetzt mit einer gewissen Melancholie, das ist bei The Foreign Resort kein Gegensatz, sondern machen das Besondere an der Band aus, insbesondere Live ein Ereignis.<\/span><\/p>\n<p><span style=\"color: #7071ad;\"><a href=\"http:\/\/theforeignresort.com\" target=\"_blank\"><span style=\"color: #7071ad;\">http:\/\/theforeignresort.com<\/span><\/a><\/span><br \/>\n<span style=\"color: #7071ad;\"> <a href=\"https:\/\/www.facebook.com\/theforeignresort\" target=\"_blank\"><span style=\"color: #7071ad;\">https:\/\/www.facebook.com\/theforeignresort<\/span><\/a><\/span><\/p>\n<p><span style=\"color: #7071ad;\"><a href=\"#top\"><span style=\"color: #7071ad;\">back to top<\/span><\/a><\/span><\/p>\n<p><span style=\"color: #c4853c;\"><a id=\"Traitrs\"><\/a><strong>Traitrs<\/strong><\/span><\/p>\n<p><a href=\"http:\/\/owls-n-bats.net\/wp-content\/uploads\/2018\/02\/ONB_Traitrs.png\"><img loading=\"lazy\" class=\"size-full wp-image-1349\" alt=\"Traitrs\" src=\"http:\/\/owls-n-bats.net\/wp-content\/uploads\/2018\/02\/ONB_Traitrs.png\" width=\"5446\" height=\"3631\" srcset=\"https:\/\/owls-n-bats.net\/wp-content\/uploads\/2018\/02\/ONB_Traitrs.png 5446w, https:\/\/owls-n-bats.net\/wp-content\/uploads\/2018\/02\/ONB_Traitrs-300x200.png 300w, https:\/\/owls-n-bats.net\/wp-content\/uploads\/2018\/02\/ONB_Traitrs-1024x682.png 1024w, https:\/\/owls-n-bats.net\/wp-content\/uploads\/2018\/02\/ONB_Traitrs-449x300.png 449w\" sizes=\"(max-width: 5446px) 100vw, 5446px\" \/><\/a><\/p>\n<div title=\"Page 6\">\n<p><span style=\"color: #c4853c;\">Die kanadische Post-Punk Band Traitrs besteht aus dem Duo Sean-Patrick Nolan und Shawn Tucker, sie waren schon lange gute Freunde, bevor sie sich 2015 dazu entschlossen haben, zusammen Musik zu machen. Bereits die ersten Demos haben die Aufmerksamkeit des Produzenten Josh Korody geweckt, der dem Sound den letzten Schliff verlieh. Ein b\u00f6ser Sturz, wochenlange Bettruhe und haufenweise italienische Horrorfilme aus den 70er und 80er Jahren gaben dann den Rest. Das Endresultat war so gut, dass Traitrs im letzten Jahr auf ihre erste Europa-Tour eingeladen wurden.<\/span><br \/>\n<span style=\"color: #c4853c;\"> Auf dem Gotham Sound und danach im Movie Bielefeld haben wir sie f\u00fcr uns entdeckt und freuen uns schon massiv auf das neue Album und ihren Gig bei uns auf dem OnB.<\/span><\/p>\n<p><span style=\"color: #c4853c;\">Am 18. Mai erschien ihr Album &#8222;Butcher&#8217;s Coin&#8220;<\/span><\/p>\n<p><span style=\"color: #7071ad;\"><a href=\"https:\/\/traitrs.bandcamp.com\" target=\"_blank\"><span style=\"color: #7071ad;\">https:\/\/traitrs.bandcamp.com<\/span><\/a><\/span><br \/>\n<span style=\"color: #7071ad;\"> <a href=\"https:\/\/de-de.facebook.com\/traitrs\/\" target=\"_blank\"><span style=\"color: #7071ad;\">https:\/\/de-de.facebook.com\/traitrs\/<\/span><\/a><\/span><\/p>\n<\/div>\n<p><span style=\"color: #7071ad;\"><a href=\"#top\"><span style=\"color: #7071ad;\">back to top<\/span><\/a><\/span><\/p>\n<p><span style=\"color: #c4853c;\"><a id=\"Sweet\"><\/a><strong>Sweet Ermengarde<\/strong><\/span><\/p>\n<p><a href=\"http:\/\/www.sweet-ermengarde.de\" target=\"_blank\"><img loading=\"lazy\" class=\"size-full wp-image-1348\" alt=\"Sweet Ermengarde\" src=\"http:\/\/owls-n-bats.net\/wp-content\/uploads\/2018\/02\/ONB_SweetErmengarde.jpg\" width=\"3543\" height=\"2362\" srcset=\"https:\/\/owls-n-bats.net\/wp-content\/uploads\/2018\/02\/ONB_SweetErmengarde.jpg 3543w, https:\/\/owls-n-bats.net\/wp-content\/uploads\/2018\/02\/ONB_SweetErmengarde-300x200.jpg 300w, https:\/\/owls-n-bats.net\/wp-content\/uploads\/2018\/02\/ONB_SweetErmengarde-1024x682.jpg 1024w, https:\/\/owls-n-bats.net\/wp-content\/uploads\/2018\/02\/ONB_SweetErmengarde-449x300.jpg 449w\" sizes=\"(max-width: 3543px) 100vw, 3543px\" \/><\/a><\/p>\n<div title=\"Page 7\">\n<p><span style=\"color: #c4853c;\">Sweet Ermengarde &#8211; das ist Gothic Rock in seiner urspr\u00fcnglichen Inkarnation &#8211; nahe am Sound von Szenegr\u00f6\u00dfen wie &#8218;Fields Of The Nephilim&#8216; oder &#8218;The Mission&#8216;. Doch Sweet Ermengarde als reine Retro- Formation zu bezeichnen w\u00fcrde ihrem Stil nicht gerecht werden. Vielmehr wird der Geist von damals eingefangen, handwerklich ausgereift, in die Gegenwart transportiert und ihm in einer professionellen Produktion ein modernes eindringliches Gesicht verliehen.<\/span><br \/>\n<span style=\"color: #c4853c;\"> Die sich durchg\u00e4ngig auf einem kompositorisch sehr hohen Niveau befindenden Songs leben von einer dichten Atmosph\u00e4re gewoben aus elegischen Echo-Gitarren, errichtet auf dem Fundament einer m\u00e4chtigen Rhythmusfraktion.<\/span><\/p>\n<p><span style=\"color: #7071ad;\"><a href=\"http:\/\/www.sweet-ermengarde.de\" target=\"_blank\"><span style=\"color: #7071ad;\">http:\/\/www.sweet-ermengarde.de<\/span><\/a><\/span><br \/>\n<span style=\"color: #7071ad;\"> <a href=\"https:\/\/www.facebook.com\/sweetermengarde\" target=\"_blank\"><span style=\"color: #7071ad;\">https:\/\/www.facebook.com\/sweetermengarde<\/span><\/a><\/span><\/p>\n<p><span style=\"color: #7071ad;\"><a href=\"#top\"><span style=\"color: #7071ad;\">back to top<\/span><\/a><\/span><\/p>\n<p><span style=\"color: #7071ad;\"><a title=\"Line-Up 2017\" href=\"http:\/\/owls-n-bats.net\/?page_id=1078\" target=\"_blank\"><span style=\"color: #7071ad;\">Line-up 2017<\/span><\/a><\/span><br \/>\n<span style=\"color: #7071ad;\"><a title=\"Lineup 2016\" href=\"http:\/\/owls-n-bats.net\/?page_id=773\"><span style=\"color: #7071ad;\">Line-up 2016<\/span><\/a><\/span><br \/>\n<span style=\"color: #7071ad;\"> <a href=\"http:\/\/owls-n-bats.net\/?page_id=590\" target=\"_blank\"><span style=\"color: #7071ad;\">Line-Up 2015<\/span><\/a><\/span><br \/>\n<span style=\"color: #7071ad;\"> <a title=\"Line-Up 2014\" href=\"http:\/\/owls-n-bats.net\/?page_id=71 \" target=\"_blank\"><span style=\"color: #7071ad;\">Line-up 2014<\/span><\/a><\/span><\/p>\n<\/div>\n<\/div>\n<\/div>\n","protected":false},"excerpt":{"rendered":"<p>English Skeletal Family Skeleton Family\u00a0sind wahre Klassiker des Gothic Rock Genres. 1982 geht aus der Punkband \u201eThe Elements\u201c die Band hervor, der neue Name basiert auf dem David Bowie Song \u201eChant of the Ever Circling Skeletal Family. Bereits die erste &hellip; <a href=\"https:\/\/owls-n-bats.net\/?page_id=1295\">Weiterlesen <span class=\"meta-nav\">&rarr;<\/span><\/a><\/p>\n","protected":false},"author":1,"featured_media":0,"parent":1098,"menu_order":0,"comment_status":"closed","ping_status":"open","template":"","meta":[],"_links":{"self":[{"href":"https:\/\/owls-n-bats.net\/index.php?rest_route=\/wp\/v2\/pages\/1295"}],"collection":[{"href":"https:\/\/owls-n-bats.net\/index.php?rest_route=\/wp\/v2\/pages"}],"about":[{"href":"https:\/\/owls-n-bats.net\/index.php?rest_route=\/wp\/v2\/types\/page"}],"author":[{"embeddable":true,"href":"https:\/\/owls-n-bats.net\/index.php?rest_route=\/wp\/v2\/users\/1"}],"replies":[{"embeddable":true,"href":"https:\/\/owls-n-bats.net\/index.php?rest_route=%2Fwp%2Fv2%2Fcomments&post=1295"}],"version-history":[{"count":32,"href":"https:\/\/owls-n-bats.net\/index.php?rest_route=\/wp\/v2\/pages\/1295\/revisions"}],"predecessor-version":[{"id":1539,"href":"https:\/\/owls-n-bats.net\/index.php?rest_route=\/wp\/v2\/pages\/1295\/revisions\/1539"}],"up":[{"embeddable":true,"href":"https:\/\/owls-n-bats.net\/index.php?rest_route=\/wp\/v2\/pages\/1098"}],"wp:attachment":[{"href":"https:\/\/owls-n-bats.net\/index.php?rest_route=%2Fwp%2Fv2%2Fmedia&parent=1295"}],"curies":[{"name":"wp","href":"https:\/\/api.w.org\/{rel}","templated":true}]}}