{"id":1278,"date":"2018-01-09T17:52:03","date_gmt":"2018-01-09T17:52:03","guid":{"rendered":"http:\/\/owls-n-bats.net\/?page_id=1278"},"modified":"2025-10-04T20:26:44","modified_gmt":"2025-10-04T20:26:44","slug":"owls-n-bats-im-schatteneck","status":"publish","type":"page","link":"https:\/\/owls-n-bats.net\/?page_id=1278","title":{"rendered":"Owls &#8217;n&#8216; Bats im Schatteneck"},"content":{"rendered":"<p><span style=\"color: #c4853c;\">Wollt Ihr wissen, was Flederm\u00e4use machen, wenn sie ihren Winterschlaf unterbrechen? Sie h\u00e4ngen mit den Eulen im Wohnzimmer vom Haus Schatteneck ab.<\/span><\/p>\n<p><span style=\"color: #c4853c;\">Unsere Wohnzimmer Serie wird je nach Erfolg und Laune in unregelm\u00e4ssigen Abst\u00e4nden stattfinden. Dabei werden wir sowohl neue Bands pr\u00e4sentieren, als auch alte Bekannte von vergangenen Owls &#8217;n&#8216; Bats Festival Ausgaben wiedersehen.<\/span><\/p>\n<p><span style=\"color: #c4853c;\"><strong><span style=\"color: #7071ad;\">TICKETS<\/span>:<\/strong> Die Anzahl der Tickets ist auf 50 St\u00fcck begrenzt, und deswegen auch nur im Vorverkauf erh\u00e4ltlich.<\/span><br \/>\n<span style=\"color: #c4853c;\"><strong><span style=\"color: #7071ad;\"> Wie funktioniert es?<\/span><\/strong> Ein Abend mit <a href=\"https:\/\/www.facebook.com\/Denuit.band\/\">DENUIT<\/a> im Haus Schatteneck. Eintritt 20 Euro. NUR VORVERKAUF. Schreibt eine e-mail an <span style=\"color: #7071ad;\"><a title=\"tickets per e-mail bestellen\" href=\"mailto:matthias@hall-und-echo.eu\" target=\"_blank\" rel=\"noopener noreferrer\"><span style=\"color: #7071ad;\">matthias@hall-und-echo.eu <\/span><\/a><\/span>mit dem Betreff &#8222;Schatteneck&#8220; und teilt uns Name, Adresse und die<\/span><span style=\"color: #c4853c;\">\u00a0gew\u00fcnschte Anzahl der Tickets mit.<\/span><br \/>\n<span style=\"color: #c4853c;\"> Ihr bekommt dann eine Rechnung, und nach dem Eingang des Betrages eine Best\u00e4tigung, dass Eure Tickets hinterlegt sind.<\/span><span style=\"color: #3366ff;\"><a style=\"color: #3366ff;\" href=\"http:\/\/owls-n-bats.net\/wp-content\/uploads\/2018\/01\/SchatteneckStage.jpg\"><img loading=\"lazy\" class=\"alignnone size-full wp-image-1281\" src=\"http:\/\/owls-n-bats.net\/wp-content\/uploads\/2018\/01\/SchatteneckStage.jpg\" alt=\"SchatteneckStage\" width=\"1632\" height=\"1224\" srcset=\"https:\/\/owls-n-bats.net\/wp-content\/uploads\/2018\/01\/SchatteneckStage.jpg 1632w, https:\/\/owls-n-bats.net\/wp-content\/uploads\/2018\/01\/SchatteneckStage-300x225.jpg 300w, https:\/\/owls-n-bats.net\/wp-content\/uploads\/2018\/01\/SchatteneckStage-1024x768.jpg 1024w, https:\/\/owls-n-bats.net\/wp-content\/uploads\/2018\/01\/SchatteneckStage-400x300.jpg 400w\" sizes=\"(max-width: 1632px) 100vw, 1632px\" \/><\/a><\/span><\/p>\n<p><span style=\"color: #3366ff;\"><strong>Vergangen \/ Verpasst:<\/strong><\/span><\/p>\n<p><span style=\"color: #3366ff;\"><strong>Mittwoch, 17.09. 2025<\/strong><\/span><br \/>\n<span style=\"color: #3366ff;\"><a style=\"color: #3366ff;\" href=\"https:\/\/denuit.bandcamp.com\/music\" target=\"_blank\" rel=\"noopener\"><strong>DENUIT<\/strong><\/a><\/span><\/p>\n<p><span style=\"color: #3366ff;\"><strong>Montag, 24.04. 2023<\/strong><\/span><br \/>\n<span style=\"color: #3366ff;\"><strong><a style=\"color: #3366ff;\" href=\"https:\/\/terminala.bandcamp.com\/music\" target=\"_blank\" rel=\"noopener\">TERMINAL A<\/a> + <a style=\"color: #3366ff;\" href=\"https:\/\/shadowhouse.bandcamp.com\" target=\"_blank\" rel=\"noopener\">SHADOWHOUSE<\/a><\/strong><\/span><\/p>\n<p><span style=\"color: #3366ff;\"><strong>Dienstag, 26.10. 2021<\/strong><\/span><br \/>\n<span style=\"color: #3366ff;\"><a style=\"color: #3366ff;\" href=\"https:\/\/twintribes.bandcamp.com\" target=\"_blank\" rel=\"noopener\"><strong>TWIN TRIBES<\/strong><\/a><\/span><\/p>\n<p><span style=\"color: #3366ff;\"><strong>Samstag, 26.10.19\u00a0<\/strong> <\/span><br \/>\n<span style=\"color: #3366ff;\"><a style=\"color: #3366ff;\" href=\"https:\/\/traitrs.bandcamp.com\" target=\"_blank\" rel=\"noopener\"><strong>TRAITRS<\/strong><\/a> und <a style=\"color: #3366ff;\" href=\"https:\/\/brigittehandley.bandcamp.com\" target=\"_blank\" rel=\"noopener\"><strong>BRIGITTE HANDLEY<\/strong><\/a><\/span><\/p>\n<p><span style=\"color: #3366ff;\"><strong>Donnerstag, 23.05.19<br \/>\nHAPAX \u00a0&#8211; <\/strong>\u00a0<a style=\"color: #3366ff;\" title=\"Hapax bei Facebook\" href=\"https:\/\/www.facebook.com\/hapaxband\/\" target=\"_blank\" rel=\"noopener noreferrer\">Leider ausgefallen wegen einer Verletzung.<\/a><\/span><\/p>\n<p><span style=\"color: #3366ff;\"><strong>Sonntag, 25.03.18<\/strong><\/span><br \/>\n<span style=\"color: #3366ff;\"><a style=\"color: #3366ff;\" href=\"https:\/\/winterseverityindex.bandcamp.com\/album\/disgelo\" target=\"_blank\" rel=\"noopener\"><strong>WINTER SEVERITY INDEX<\/strong><\/a><\/span><\/p>\n<p><span style=\"color: #3366ff;\"><strong>Samstag, 10.02.18\u00a0<\/strong><\/span><br \/>\n<span style=\"color: #3366ff;\"><a style=\"color: #3366ff;\" href=\"https:\/\/nomore.bandcamp.com\/music\" target=\"_blank\" rel=\"noopener\"><strong>NO MORE<\/strong><\/a><\/span><\/p>\n","protected":false},"excerpt":{"rendered":"<p>Wollt Ihr wissen, was Flederm\u00e4use machen, wenn sie ihren Winterschlaf unterbrechen? Sie h\u00e4ngen mit den Eulen im Wohnzimmer vom Haus Schatteneck ab. Unsere Wohnzimmer Serie wird je nach Erfolg und Laune in unregelm\u00e4ssigen Abst\u00e4nden stattfinden. Dabei werden wir sowohl neue &hellip; <a href=\"https:\/\/owls-n-bats.net\/?page_id=1278\">Weiterlesen <span class=\"meta-nav\">&rarr;<\/span><\/a><\/p>\n","protected":false},"author":1,"featured_media":0,"parent":0,"menu_order":0,"comment_status":"closed","ping_status":"open","template":"","meta":[],"_links":{"self":[{"href":"https:\/\/owls-n-bats.net\/index.php?rest_route=\/wp\/v2\/pages\/1278"}],"collection":[{"href":"https:\/\/owls-n-bats.net\/index.php?rest_route=\/wp\/v2\/pages"}],"about":[{"href":"https:\/\/owls-n-bats.net\/index.php?rest_route=\/wp\/v2\/types\/page"}],"author":[{"embeddable":true,"href":"https:\/\/owls-n-bats.net\/index.php?rest_route=\/wp\/v2\/users\/1"}],"replies":[{"embeddable":true,"href":"https:\/\/owls-n-bats.net\/index.php?rest_route=%2Fwp%2Fv2%2Fcomments&post=1278"}],"version-history":[{"count":28,"href":"https:\/\/owls-n-bats.net\/index.php?rest_route=\/wp\/v2\/pages\/1278\/revisions"}],"predecessor-version":[{"id":2780,"href":"https:\/\/owls-n-bats.net\/index.php?rest_route=\/wp\/v2\/pages\/1278\/revisions\/2780"}],"wp:attachment":[{"href":"https:\/\/owls-n-bats.net\/index.php?rest_route=%2Fwp%2Fv2%2Fmedia&parent=1278"}],"curies":[{"name":"wp","href":"https:\/\/api.w.org\/{rel}","templated":true}]}}